{"id":421,"date":"2016-12-12T13:06:38","date_gmt":"2016-12-12T11:06:38","guid":{"rendered":"http:\/\/steamgenerator.eu\/lv\/?page_id=421"},"modified":"2016-12-12T13:12:17","modified_gmt":"2016-12-12T11:12:17","slug":"ierices-izvele","status":"publish","type":"page","link":"https:\/\/steamgenerator.eu\/lv\/ierices-izvele\/","title":{"rendered":"Ier\u012bces izv\u0113le"},"content":{"rendered":"\n<style type=\"text\/css\" data-created_by=\"avia_inline_auto\" id=\"style-css-av-av_one_half-6126cab7d8fab8d08143dd2dacdf673c\">\n.flex_column.av-av_one_half-6126cab7d8fab8d08143dd2dacdf673c{\nborder-radius:0px 0px 0px 0px;\npadding:0px 0px 0px 0px;\n}\n<\/style>\n<div  class='flex_column av-av_one_half-6126cab7d8fab8d08143dd2dacdf673c av_one_half  avia-builder-el-0  el_before_av_one_half  avia-builder-el-first  first flex_column_div av-zero-column-padding  '     ><section  class='av_textblock_section av-av_textblock-0366cc7376be6c9e82a3e9cc8987b64f '   itemscope=\"itemscope\" itemtype=\"https:\/\/schema.org\/CreativeWork\" ><div class='avia_textblock'  itemprop=\"text\" ><h3 style=\"text-align: center;\">Ier\u012bces izv\u0113le<\/h3>\n<p style=\"text-align: center;\"><img loading=\"lazy\" decoding=\"async\" class=\"aligncenter size-full wp-image-306\" src=\"http:\/\/steamgenerator.eu\/wp-content\/uploads\/2016\/11\/hr_headline2.png\" alt=\"hr_headline2\" width=\"274\" height=\"50\" \/><\/p>\n<p>S\u0101kotn\u0113j\u0101s invest\u012bcijas tvaika \u0123eneratora gad\u012bjum\u0101 ir iev\u0113rojami maz\u0101kas nek\u0101 tvaika katla gad\u012bjum\u0101. Tvaika \u0123eneratori, sal\u012bdzinot ar tvaika katliem, nav tik izteiktas met\u0101la ier\u012bces. Tie ir daudz kompakt\u0101ki un nav tik daudz j\u0101regul\u0113.<\/p>\n<p>Izv\u0113loties ier\u012bci, vispirms ir j\u0101\u0146em v\u0113r\u0101 klienta paredzamais tvaika pat\u0113ri\u0146\u0161. Pirms s\u016bt\u012bt piepras\u012bjumu, l\u016bdzam sniegt sekojo\u0161u inform\u0101ciju:<\/p>\n<ul>\n<li>Tvaika pat\u0113r\u0113t\u0101js (ier\u012bce);<\/li>\n<li>Tvaika pat\u0113ri\u0146\u0161 min\u016bt\u0113, stund\u0101 (kg);<\/li>\n<li>Pat\u0113r\u0113jam\u0101 tvaika spiediens (bar);<\/li>\n<li>Regul\u0113\u0161anas armat\u016bra ier\u012bces priek\u0161pus\u0113 un aizmugur\u0113;<\/li>\n<li>Izmantot\u0101 degviela.<\/li>\n<\/ul>\n<p>L\u016bdzam nos\u016bt\u012bt inform\u0101cijas piepras\u012bjumu kop\u0101 ar atbild\u0113m uz iepriek\u0161 iesniegtajiem jaut\u0101jumiem m\u016bsu speci\u0101listiem.<\/p>\n<\/div><\/section><\/div>\n\n<style type=\"text\/css\" data-created_by=\"avia_inline_auto\" id=\"style-css-av-av_one_half-0aa7055fe62c3622faec82866afbaeb2\">\n.flex_column.av-av_one_half-0aa7055fe62c3622faec82866afbaeb2{\nborder-radius:0px 0px 0px 0px;\npadding:0px 0px 0px 0px;\n}\n<\/style>\n<div  class='flex_column av-av_one_half-0aa7055fe62c3622faec82866afbaeb2 av_one_half  avia-builder-el-2  el_after_av_one_half  avia-builder-el-last  flex_column_div av-zero-column-padding  '     ><section  class='av_textblock_section av-av_textblock-0366cc7376be6c9e82a3e9cc8987b64f '   itemscope=\"itemscope\" itemtype=\"https:\/\/schema.org\/CreativeWork\" ><div class='avia_textblock'  itemprop=\"text\" ><h3>S\u016bt\u012bt<\/h3>\n<div class=\"caldera-grid\" id=\"caldera_form_1\" data-cf-ver=\"1.9.5\" data-cf-form-id=\"CF584e84f40fa78\"><div id=\"caldera_notices_1\" data-spinner=\"https:\/\/steamgenerator.eu\/wp-admin\/images\/spinner.gif\"><\/div><form data-instance=\"1\" class=\"CF584e84f40fa78 caldera_forms_form\" method=\"POST\" enctype=\"multipart\/form-data\" id=\"CF584e84f40fa78_1\" data-form-id=\"CF584e84f40fa78\" aria-label=\"\">\r\n<input type=\"hidden\" id=\"_cf_verify_CF584e84f40fa78\" name=\"_cf_verify\" value=\"32111ab7d2\"  data-nonce-time=\"1776441726\" \/><input type=\"hidden\" name=\"_wp_http_referer\" value=\"\/lv\/wp-json\/wp\/v2\/pages\/421\" \/><div id=\"cf2-CF584e84f40fa78_1\"><\/div><input type=\"hidden\" name=\"_cf_frm_id\" value=\"CF584e84f40fa78\">\r\n<input type=\"hidden\" name=\"_cf_frm_ct\" value=\"1\">\r\n<input type=\"hidden\" name=\"_cf_cr_pst\" value=\"421\">\r\n<div id=\"CF584e84f40fa78_1-row-1\"  class=\"row  single\"><div  class=\"col-sm-0  single\"><\/div><\/div><\/form>\r\n<\/div>\r\n\n<\/div><\/section><\/div>\n","protected":false},"excerpt":{"rendered":"","protected":false},"author":1,"featured_media":0,"parent":0,"menu_order":0,"comment_status":"closed","ping_status":"closed","template":"","meta":{"footnotes":""},"class_list":["post-421","page","type-page","status-publish","hentry"],"yoast_head":"<!-- This site is optimized with the Yoast SEO plugin v25.0 - https:\/\/yoast.com\/wordpress\/plugins\/seo\/ -->\n<title>Ier\u012bces izv\u0113le - Tvaika katlu m\u0101ju tirdzniec\u012bba<\/title>\n<meta name=\"description\" content=\"Tvaika katlu m\u0101ju tirdzniec\u012bba. S\u0101kotn\u0113j\u0101s invest\u012bcijas tvaika \u0123eneratora gad\u012bjum\u0101 ir iev\u0113rojami maz\u0101kas nek\u0101 tvaika katla gad\u012bjum\u0101.\" \/>\n<meta name=\"robots\" content=\"index, follow, max-snippet:-1, max-image-preview:large, max-video-preview:-1\" \/>\n<link rel=\"canonical\" href=\"https:\/\/www.steamgenerator.eu\/lv\/ierices-izvele\/\" \/>\n<meta property=\"og:locale\" content=\"lv_LV\" \/>\n<meta property=\"og:type\" content=\"article\" \/>\n<meta property=\"og:title\" content=\"Ier\u012bces izv\u0113le - Tvaika katlu m\u0101ju tirdzniec\u012bba\" \/>\n<meta property=\"og:description\" content=\"Tvaika katlu m\u0101ju tirdzniec\u012bba. S\u0101kotn\u0113j\u0101s invest\u012bcijas tvaika \u0123eneratora gad\u012bjum\u0101 ir iev\u0113rojami maz\u0101kas nek\u0101 tvaika katla gad\u012bjum\u0101.\" \/>\n<meta property=\"og:url\" content=\"https:\/\/www.steamgenerator.eu\/lv\/ierices-izvele\/\" \/>\n<meta property=\"og:site_name\" content=\"Sale of steam boiler plants\" \/>\n<meta property=\"article:modified_time\" content=\"2016-12-12T11:12:17+00:00\" \/>\n<meta property=\"og:image\" content=\"http:\/\/steamgenerator.eu\/wp-content\/uploads\/2016\/11\/hr_headline2.png\" \/>\n<meta name=\"twitter:card\" content=\"summary_large_image\" \/>\n<meta name=\"twitter:label1\" content=\"Est. reading time\" \/>\n\t<meta name=\"twitter:data1\" content=\"1 min\u016bte\" \/>\n<script type=\"application\/ld+json\" class=\"yoast-schema-graph\">{\"@context\":\"https:\/\/schema.org\",\"@graph\":[{\"@type\":\"WebPage\",\"@id\":\"https:\/\/www.steamgenerator.eu\/lv\/ierices-izvele\/\",\"url\":\"https:\/\/www.steamgenerator.eu\/lv\/ierices-izvele\/\",\"name\":\"Ier\u012bces izv\u0113le - Tvaika katlu m\u0101ju tirdzniec\u012bba\",\"isPartOf\":{\"@id\":\"https:\/\/steamgenerator.eu\/#website\"},\"primaryImageOfPage\":{\"@id\":\"https:\/\/www.steamgenerator.eu\/lv\/ierices-izvele\/#primaryimage\"},\"image\":{\"@id\":\"https:\/\/www.steamgenerator.eu\/lv\/ierices-izvele\/#primaryimage\"},\"thumbnailUrl\":\"http:\/\/steamgenerator.eu\/wp-content\/uploads\/2016\/11\/hr_headline2.png\",\"datePublished\":\"2016-12-12T11:06:38+00:00\",\"dateModified\":\"2016-12-12T11:12:17+00:00\",\"description\":\"Tvaika katlu m\u0101ju tirdzniec\u012bba. S\u0101kotn\u0113j\u0101s invest\u012bcijas tvaika \u0123eneratora gad\u012bjum\u0101 ir iev\u0113rojami maz\u0101kas nek\u0101 tvaika katla gad\u012bjum\u0101.\",\"breadcrumb\":{\"@id\":\"https:\/\/www.steamgenerator.eu\/lv\/ierices-izvele\/#breadcrumb\"},\"inLanguage\":\"lv-LV\",\"potentialAction\":[{\"@type\":\"ReadAction\",\"target\":[\"https:\/\/www.steamgenerator.eu\/lv\/ierices-izvele\/\"]}]},{\"@type\":\"ImageObject\",\"inLanguage\":\"lv-LV\",\"@id\":\"https:\/\/www.steamgenerator.eu\/lv\/ierices-izvele\/#primaryimage\",\"url\":\"http:\/\/steamgenerator.eu\/wp-content\/uploads\/2016\/11\/hr_headline2.png\",\"contentUrl\":\"http:\/\/steamgenerator.eu\/wp-content\/uploads\/2016\/11\/hr_headline2.png\"},{\"@type\":\"BreadcrumbList\",\"@id\":\"https:\/\/www.steamgenerator.eu\/lv\/ierices-izvele\/#breadcrumb\",\"itemListElement\":[{\"@type\":\"ListItem\",\"position\":1,\"name\":\"Home\",\"item\":\"https:\/\/steamgenerator.eu\/lv\/\"},{\"@type\":\"ListItem\",\"position\":2,\"name\":\"Ier\u012bces izv\u0113le\"}]},{\"@type\":\"WebSite\",\"@id\":\"https:\/\/steamgenerator.eu\/#website\",\"url\":\"https:\/\/steamgenerator.eu\/\",\"name\":\"Sale of steam boiler plants\",\"description\":\"Kateena O\u00dc\",\"potentialAction\":[{\"@type\":\"SearchAction\",\"target\":{\"@type\":\"EntryPoint\",\"urlTemplate\":\"https:\/\/steamgenerator.eu\/?s={search_term_string}\"},\"query-input\":{\"@type\":\"PropertyValueSpecification\",\"valueRequired\":true,\"valueName\":\"search_term_string\"}}],\"inLanguage\":\"lv-LV\"}]}<\/script>\n<!-- \/ Yoast SEO plugin. -->","yoast_head_json":{"title":"Ier\u012bces izv\u0113le - Tvaika katlu m\u0101ju tirdzniec\u012bba","description":"Tvaika katlu m\u0101ju tirdzniec\u012bba. S\u0101kotn\u0113j\u0101s invest\u012bcijas tvaika \u0123eneratora gad\u012bjum\u0101 ir iev\u0113rojami maz\u0101kas nek\u0101 tvaika katla gad\u012bjum\u0101.","robots":{"index":"index","follow":"follow","max-snippet":"max-snippet:-1","max-image-preview":"max-image-preview:large","max-video-preview":"max-video-preview:-1"},"canonical":"https:\/\/www.steamgenerator.eu\/lv\/ierices-izvele\/","og_locale":"lv_LV","og_type":"article","og_title":"Ier\u012bces izv\u0113le - Tvaika katlu m\u0101ju tirdzniec\u012bba","og_description":"Tvaika katlu m\u0101ju tirdzniec\u012bba. S\u0101kotn\u0113j\u0101s invest\u012bcijas tvaika \u0123eneratora gad\u012bjum\u0101 ir iev\u0113rojami maz\u0101kas nek\u0101 tvaika katla gad\u012bjum\u0101.","og_url":"https:\/\/www.steamgenerator.eu\/lv\/ierices-izvele\/","og_site_name":"Sale of steam boiler plants","article_modified_time":"2016-12-12T11:12:17+00:00","og_image":[{"url":"http:\/\/steamgenerator.eu\/wp-content\/uploads\/2016\/11\/hr_headline2.png","type":"","width":"","height":""}],"twitter_card":"summary_large_image","twitter_misc":{"Est. reading time":"1 min\u016bte"},"schema":{"@context":"https:\/\/schema.org","@graph":[{"@type":"WebPage","@id":"https:\/\/www.steamgenerator.eu\/lv\/ierices-izvele\/","url":"https:\/\/www.steamgenerator.eu\/lv\/ierices-izvele\/","name":"Ier\u012bces izv\u0113le - Tvaika katlu m\u0101ju tirdzniec\u012bba","isPartOf":{"@id":"https:\/\/steamgenerator.eu\/#website"},"primaryImageOfPage":{"@id":"https:\/\/www.steamgenerator.eu\/lv\/ierices-izvele\/#primaryimage"},"image":{"@id":"https:\/\/www.steamgenerator.eu\/lv\/ierices-izvele\/#primaryimage"},"thumbnailUrl":"http:\/\/steamgenerator.eu\/wp-content\/uploads\/2016\/11\/hr_headline2.png","datePublished":"2016-12-12T11:06:38+00:00","dateModified":"2016-12-12T11:12:17+00:00","description":"Tvaika katlu m\u0101ju tirdzniec\u012bba. S\u0101kotn\u0113j\u0101s invest\u012bcijas tvaika \u0123eneratora gad\u012bjum\u0101 ir iev\u0113rojami maz\u0101kas nek\u0101 tvaika katla gad\u012bjum\u0101.","breadcrumb":{"@id":"https:\/\/www.steamgenerator.eu\/lv\/ierices-izvele\/#breadcrumb"},"inLanguage":"lv-LV","potentialAction":[{"@type":"ReadAction","target":["https:\/\/www.steamgenerator.eu\/lv\/ierices-izvele\/"]}]},{"@type":"ImageObject","inLanguage":"lv-LV","@id":"https:\/\/www.steamgenerator.eu\/lv\/ierices-izvele\/#primaryimage","url":"http:\/\/steamgenerator.eu\/wp-content\/uploads\/2016\/11\/hr_headline2.png","contentUrl":"http:\/\/steamgenerator.eu\/wp-content\/uploads\/2016\/11\/hr_headline2.png"},{"@type":"BreadcrumbList","@id":"https:\/\/www.steamgenerator.eu\/lv\/ierices-izvele\/#breadcrumb","itemListElement":[{"@type":"ListItem","position":1,"name":"Home","item":"https:\/\/steamgenerator.eu\/lv\/"},{"@type":"ListItem","position":2,"name":"Ier\u012bces izv\u0113le"}]},{"@type":"WebSite","@id":"https:\/\/steamgenerator.eu\/#website","url":"https:\/\/steamgenerator.eu\/","name":"Sale of steam boiler plants","description":"Kateena O\u00dc","potentialAction":[{"@type":"SearchAction","target":{"@type":"EntryPoint","urlTemplate":"https:\/\/steamgenerator.eu\/?s={search_term_string}"},"query-input":{"@type":"PropertyValueSpecification","valueRequired":true,"valueName":"search_term_string"}}],"inLanguage":"lv-LV"}]}},"_links":{"self":[{"href":"https:\/\/steamgenerator.eu\/lv\/wp-json\/wp\/v2\/pages\/421","targetHints":{"allow":["GET"]}}],"collection":[{"href":"https:\/\/steamgenerator.eu\/lv\/wp-json\/wp\/v2\/pages"}],"about":[{"href":"https:\/\/steamgenerator.eu\/lv\/wp-json\/wp\/v2\/types\/page"}],"author":[{"embeddable":true,"href":"https:\/\/steamgenerator.eu\/lv\/wp-json\/wp\/v2\/users\/1"}],"replies":[{"embeddable":true,"href":"https:\/\/steamgenerator.eu\/lv\/wp-json\/wp\/v2\/comments?post=421"}],"version-history":[{"count":3,"href":"https:\/\/steamgenerator.eu\/lv\/wp-json\/wp\/v2\/pages\/421\/revisions"}],"predecessor-version":[{"id":543,"href":"https:\/\/steamgenerator.eu\/lv\/wp-json\/wp\/v2\/pages\/421\/revisions\/543"}],"wp:attachment":[{"href":"https:\/\/steamgenerator.eu\/lv\/wp-json\/wp\/v2\/media?parent=421"}],"curies":[{"name":"wp","href":"https:\/\/api.w.org\/{rel}","templated":true}]}}