{"id":419,"date":"2016-12-12T13:05:34","date_gmt":"2016-12-12T11:05:34","guid":{"rendered":"http:\/\/steamgenerator.eu\/lv\/?page_id=419"},"modified":"2016-12-12T13:05:34","modified_gmt":"2016-12-12T11:05:34","slug":"konteinertipa-katlu-majas","status":"publish","type":"page","link":"https:\/\/steamgenerator.eu\/lv\/konteinertipa-katlu-majas\/","title":{"rendered":"Konteinertipa katlu m\u0101jas"},"content":{"rendered":"<h3 style=\"text-align: center;\">Konteinertipa katlu m\u0101jas<\/h3>\n<p>Telpas ierobe\u017eojumu gad\u012bjum\u0101 izgatavojam tvaika katlu m\u0101ju izol\u0113t\u0101 j\u016bras konteiner\u0101.<\/p>\n<p>Gad\u012bjum\u0101, ja klientam ir ierobe\u017eojumi attiec\u012bb\u0101 uz pieejamo telpu vai plat\u012bbu, pied\u0101v\u0101jam izb\u016bv\u0113t tvaika katlu m\u0101ju konteiner\u0101. Izol\u0113ts konteiners atbilst vis\u0101m pras\u012bb\u0101m, lai to var\u0113tu veiksm\u012bgi izmantot zieme\u013cu klimata apst\u0101k\u013cos.<\/p>\n<p>Standarta risin\u0101jumu gad\u012bjum\u0101 konteiner\u0101 tiek izvietots tvaika \u0123enerators kop\u0101 ar papildapr\u012bkojumu (\u016bdens tvertne, \u016bdens m\u012bkstin\u0101\u0161anas vien\u012bba, \u016bdens padeves s\u016bk\u0146i, tvaika mezgls). Visas komunik\u0101cijas (tvaiks, \u016bdens, elektr\u012bba, g\u0101ze, savienojumi) tiek ievilkti l\u012bdz konteinera sienai. Klientam atliek vien savienot visas nepiecie\u0161am\u0101s komunik\u0101cijas.<\/p>\n<p style=\"text-align: center;\"><img loading=\"lazy\" decoding=\"async\" class=\"aligncenter size-full wp-image-306\" src=\"http:\/\/steamgenerator.eu\/wp-content\/uploads\/2016\/11\/hr_headline2.png\" alt=\"hr_headline2\" width=\"274\" height=\"50\" \/><\/p>\n<style type=\"text\/css\">\r\n\t#foogallery-gallery-90 .fg-image {\r\n        width: 80px;\r\n    }\r\n<\/style>\r\n\t\t\t\t<div class=\"foogallery foogallery-container foogallery-default foogallery-lightbox-none fg-gutter-10 fg-center fg-default fg-light fg-border-thin fg-shadow-outline fg-loading-default fg-loaded-fade-in fg-caption-hover fg-hover-fade fg-hover-zoom fg-ready\" id=\"foogallery-gallery-90\" data-foogallery=\"{&quot;item&quot;:{&quot;showCaptionTitle&quot;:true,&quot;showCaptionDescription&quot;:true},&quot;lazy&quot;:true}\" >\r\n\t<div class=\"fg-item fg-type-image fg-idle\"><figure class=\"fg-item-inner\"><a href=\"https:\/\/steamgenerator.eu\/wp-content\/uploads\/2016\/11\/1.jpg\" data-attachment-id=\"773\" data-type=\"image\" class=\"fg-thumb\"><span class=\"fg-image-wrap\"><img decoding=\"async\" alt=\"Konteinerkatlamaja 1, katlamaja, aurugeneraator\" width=\"80\" height=\"80\" class=\"skip-lazy fg-image\" data-src-fg=\"https:\/\/steamgenerator.eu\/wp-content\/uploads\/cache\/2016\/11\/1\/1196055067.jpg\" src=\"data:image\/svg+xml,%3Csvg%20xmlns%3D%22http%3A%2F%2Fwww.w3.org%2F2000%2Fsvg%22%20width%3D%2280%22%20height%3D%2280%22%20viewBox%3D%220%200%2080%2080%22%3E%3C%2Fsvg%3E\" loading=\"eager\"><\/span><span class=\"fg-image-overlay\"><\/span><\/a><figcaption class=\"fg-caption\"><div class=\"fg-caption-inner\"><\/div><\/figcaption><\/figure><div class=\"fg-loader\"><\/div><\/div><div class=\"fg-item fg-type-image fg-idle\"><figure class=\"fg-item-inner\"><a href=\"https:\/\/steamgenerator.eu\/wp-content\/uploads\/2016\/11\/2.jpg\" data-attachment-id=\"777\" data-type=\"image\" class=\"fg-thumb\"><span class=\"fg-image-wrap\"><img decoding=\"async\" alt=\"Konteinerkatlamaja 2 Konteinerkatlamaja 1, katlamaja, aurugeneraator\" width=\"80\" height=\"80\" class=\"skip-lazy fg-image\" data-src-fg=\"https:\/\/steamgenerator.eu\/wp-content\/uploads\/cache\/2016\/11\/2\/2467079559.jpg\" src=\"data:image\/svg+xml,%3Csvg%20xmlns%3D%22http%3A%2F%2Fwww.w3.org%2F2000%2Fsvg%22%20width%3D%2280%22%20height%3D%2280%22%20viewBox%3D%220%200%2080%2080%22%3E%3C%2Fsvg%3E\" loading=\"eager\"><\/span><span class=\"fg-image-overlay\"><\/span><\/a><figcaption class=\"fg-caption\"><div class=\"fg-caption-inner\"><\/div><\/figcaption><\/figure><div class=\"fg-loader\"><\/div><\/div><div class=\"fg-item fg-type-image fg-idle\"><figure class=\"fg-item-inner\"><a href=\"https:\/\/steamgenerator.eu\/wp-content\/uploads\/2016\/11\/3.jpg\" data-attachment-id=\"781\" data-type=\"image\" class=\"fg-thumb\"><span class=\"fg-image-wrap\"><img decoding=\"async\" alt=\"Konteinerkatlamaja 3 Konteinerkatlamaja 1, katlamaja, aurugeneraator\" width=\"80\" height=\"80\" class=\"skip-lazy fg-image\" data-src-fg=\"https:\/\/steamgenerator.eu\/wp-content\/uploads\/cache\/2016\/11\/3\/2496623240.jpg\" src=\"data:image\/svg+xml,%3Csvg%20xmlns%3D%22http%3A%2F%2Fwww.w3.org%2F2000%2Fsvg%22%20width%3D%2280%22%20height%3D%2280%22%20viewBox%3D%220%200%2080%2080%22%3E%3C%2Fsvg%3E\" loading=\"eager\"><\/span><span class=\"fg-image-overlay\"><\/span><\/a><figcaption class=\"fg-caption\"><div class=\"fg-caption-inner\"><\/div><\/figcaption><\/figure><div class=\"fg-loader\"><\/div><\/div><div class=\"fg-item fg-type-image fg-idle\"><figure class=\"fg-item-inner\"><a href=\"https:\/\/steamgenerator.eu\/wp-content\/uploads\/2016\/11\/4.jpg\" data-attachment-id=\"785\" data-type=\"image\" class=\"fg-thumb\"><span class=\"fg-image-wrap\"><img decoding=\"async\" alt=\"Konteinerkatlamaja 4 Konteinerkatlamaja 1, katlamaja, aurugeneraator, aurukatel\" width=\"80\" height=\"80\" class=\"skip-lazy fg-image\" data-src-fg=\"https:\/\/steamgenerator.eu\/wp-content\/uploads\/cache\/2016\/11\/4\/3301147630.jpg\" src=\"data:image\/svg+xml,%3Csvg%20xmlns%3D%22http%3A%2F%2Fwww.w3.org%2F2000%2Fsvg%22%20width%3D%2280%22%20height%3D%2280%22%20viewBox%3D%220%200%2080%2080%22%3E%3C%2Fsvg%3E\" loading=\"eager\"><\/span><span class=\"fg-image-overlay\"><\/span><\/a><figcaption class=\"fg-caption\"><div class=\"fg-caption-inner\"><\/div><\/figcaption><\/figure><div class=\"fg-loader\"><\/div><\/div><div class=\"fg-item fg-type-image fg-idle\"><figure class=\"fg-item-inner\"><a href=\"https:\/\/steamgenerator.eu\/wp-content\/uploads\/2016\/11\/5.jpg\" data-attachment-id=\"789\" data-type=\"image\" class=\"fg-thumb\"><span class=\"fg-image-wrap\"><img decoding=\"async\" alt=\"Konteinerkatlamaja 5 katlamaja, aurugeneraator, aurukatel\" width=\"80\" height=\"80\" class=\"skip-lazy fg-image\" data-src-fg=\"https:\/\/steamgenerator.eu\/wp-content\/uploads\/cache\/2016\/11\/5\/3878915057.jpg\" src=\"data:image\/svg+xml,%3Csvg%20xmlns%3D%22http%3A%2F%2Fwww.w3.org%2F2000%2Fsvg%22%20width%3D%2280%22%20height%3D%2280%22%20viewBox%3D%220%200%2080%2080%22%3E%3C%2Fsvg%3E\" loading=\"eager\"><\/span><span class=\"fg-image-overlay\"><\/span><\/a><figcaption class=\"fg-caption\"><div class=\"fg-caption-inner\"><\/div><\/figcaption><\/figure><div class=\"fg-loader\"><\/div><\/div><div class=\"fg-item fg-type-image fg-idle\"><figure class=\"fg-item-inner\"><a href=\"https:\/\/steamgenerator.eu\/wp-content\/uploads\/2016\/11\/6.jpg\" data-attachment-id=\"793\" data-type=\"image\" class=\"fg-thumb\"><span class=\"fg-image-wrap\"><img decoding=\"async\" alt=\"Konteinerkatlamaja 6 katlamaja, aurugeneraator, aurukatel\" width=\"80\" height=\"80\" class=\"skip-lazy fg-image\" data-src-fg=\"https:\/\/steamgenerator.eu\/wp-content\/uploads\/cache\/2016\/11\/6\/1511484214.jpg\" src=\"data:image\/svg+xml,%3Csvg%20xmlns%3D%22http%3A%2F%2Fwww.w3.org%2F2000%2Fsvg%22%20width%3D%2280%22%20height%3D%2280%22%20viewBox%3D%220%200%2080%2080%22%3E%3C%2Fsvg%3E\" loading=\"eager\"><\/span><span class=\"fg-image-overlay\"><\/span><\/a><figcaption class=\"fg-caption\"><div class=\"fg-caption-inner\"><\/div><\/figcaption><\/figure><div class=\"fg-loader\"><\/div><\/div><div class=\"fg-item fg-type-image fg-idle\"><figure class=\"fg-item-inner\"><a href=\"https:\/\/steamgenerator.eu\/wp-content\/uploads\/2016\/11\/7.jpg\" data-attachment-id=\"797\" data-type=\"image\" class=\"fg-thumb\"><span class=\"fg-image-wrap\"><img decoding=\"async\" alt=\"Konteinerkatlamaja 7 katlamaja, aurugeneraator, aurukatel\" width=\"80\" height=\"80\" class=\"skip-lazy fg-image\" data-src-fg=\"https:\/\/steamgenerator.eu\/wp-content\/uploads\/cache\/2016\/11\/7\/3430192087.jpg\" src=\"data:image\/svg+xml,%3Csvg%20xmlns%3D%22http%3A%2F%2Fwww.w3.org%2F2000%2Fsvg%22%20width%3D%2280%22%20height%3D%2280%22%20viewBox%3D%220%200%2080%2080%22%3E%3C%2Fsvg%3E\" loading=\"eager\"><\/span><span class=\"fg-image-overlay\"><\/span><\/a><figcaption class=\"fg-caption\"><div class=\"fg-caption-inner\"><\/div><\/figcaption><\/figure><div class=\"fg-loader\"><\/div><\/div><div class=\"fg-item fg-type-image fg-idle\"><figure class=\"fg-item-inner\"><a href=\"https:\/\/steamgenerator.eu\/wp-content\/uploads\/2016\/11\/centrali-termiche-7.jpg\" data-attachment-id=\"801\" data-type=\"image\" class=\"fg-thumb\"><span class=\"fg-image-wrap\"><img decoding=\"async\" alt=\"Konteinerkatlamaja 8 katlamaja, aurugeneraator, aurukatel\" width=\"80\" height=\"80\" class=\"skip-lazy fg-image\" data-src-fg=\"https:\/\/steamgenerator.eu\/wp-content\/uploads\/cache\/2016\/11\/centrali-termiche-7\/4052577901.jpg\" src=\"data:image\/svg+xml,%3Csvg%20xmlns%3D%22http%3A%2F%2Fwww.w3.org%2F2000%2Fsvg%22%20width%3D%2280%22%20height%3D%2280%22%20viewBox%3D%220%200%2080%2080%22%3E%3C%2Fsvg%3E\" loading=\"eager\"><\/span><span class=\"fg-image-overlay\"><\/span><\/a><figcaption class=\"fg-caption\"><div class=\"fg-caption-inner\"><\/div><\/figcaption><\/figure><div class=\"fg-loader\"><\/div><\/div><div class=\"fg-item fg-type-image fg-idle\"><figure class=\"fg-item-inner\"><a href=\"https:\/\/steamgenerator.eu\/wp-content\/uploads\/2016\/11\/centrali-termiche-8.jpg\" data-attachment-id=\"805\" data-type=\"image\" class=\"fg-thumb\"><span class=\"fg-image-wrap\"><img decoding=\"async\" alt=\"Konteinerkatlamaja 9 katlamaja, aurugeneraator, aurukatel\" width=\"80\" height=\"80\" class=\"skip-lazy fg-image\" data-src-fg=\"https:\/\/steamgenerator.eu\/wp-content\/uploads\/cache\/2016\/11\/centrali-termiche-8\/1778158096.jpg\" src=\"data:image\/svg+xml,%3Csvg%20xmlns%3D%22http%3A%2F%2Fwww.w3.org%2F2000%2Fsvg%22%20width%3D%2280%22%20height%3D%2280%22%20viewBox%3D%220%200%2080%2080%22%3E%3C%2Fsvg%3E\" loading=\"eager\"><\/span><span class=\"fg-image-overlay\"><\/span><\/a><figcaption class=\"fg-caption\"><div class=\"fg-caption-inner\"><\/div><\/figcaption><\/figure><div class=\"fg-loader\"><\/div><\/div><\/div>\r\n\n","protected":false},"excerpt":{"rendered":"<p>Konteinertipa katlu m\u0101jas Telpas ierobe\u017eojumu gad\u012bjum\u0101 izgatavojam tvaika katlu m\u0101ju izol\u0113t\u0101 j\u016bras konteiner\u0101. Gad\u012bjum\u0101, ja klientam ir ierobe\u017eojumi attiec\u012bb\u0101 uz pieejamo telpu vai plat\u012bbu, pied\u0101v\u0101jam izb\u016bv\u0113t tvaika katlu m\u0101ju konteiner\u0101. Izol\u0113ts konteiners atbilst vis\u0101m pras\u012bb\u0101m, lai to var\u0113tu veiksm\u012bgi izmantot zieme\u013cu klimata apst\u0101k\u013cos. Standarta risin\u0101jumu gad\u012bjum\u0101 konteiner\u0101 tiek izvietots tvaika \u0123enerators kop\u0101 ar papildapr\u012bkojumu (\u016bdens [&hellip;]<\/p>\n","protected":false},"author":1,"featured_media":0,"parent":0,"menu_order":0,"comment_status":"closed","ping_status":"closed","template":"","meta":{"footnotes":""},"class_list":["post-419","page","type-page","status-publish","hentry"],"yoast_head":"<!-- This site is optimized with the Yoast SEO plugin v25.0 - https:\/\/yoast.com\/wordpress\/plugins\/seo\/ -->\n<title>Konteinertipa katlu m\u0101jas - Kateena OU<\/title>\n<meta name=\"description\" content=\"Konteinertipa katlu m\u0101jas. Gad\u012bjum\u0101, ja klientam ir ierobe\u017eojumi attiec\u012bb\u0101 uz pieejamo telpu vai plat\u012bbu, pied\u0101v\u0101jam izb\u016bv\u0113t tvaika katlu m\u0101ju konteiner\u0101.\" \/>\n<meta name=\"robots\" content=\"index, follow, max-snippet:-1, max-image-preview:large, max-video-preview:-1\" \/>\n<link rel=\"canonical\" href=\"https:\/\/steamgenerator.eu\/lv\/konteinertipa-katlu-majas\/\" \/>\n<meta property=\"og:locale\" content=\"lv_LV\" \/>\n<meta property=\"og:type\" content=\"article\" \/>\n<meta property=\"og:title\" content=\"Konteinertipa katlu m\u0101jas - Kateena OU\" \/>\n<meta property=\"og:description\" content=\"Konteinertipa katlu m\u0101jas. Gad\u012bjum\u0101, ja klientam ir ierobe\u017eojumi attiec\u012bb\u0101 uz pieejamo telpu vai plat\u012bbu, pied\u0101v\u0101jam izb\u016bv\u0113t tvaika katlu m\u0101ju konteiner\u0101.\" \/>\n<meta property=\"og:url\" content=\"https:\/\/steamgenerator.eu\/lv\/konteinertipa-katlu-majas\/\" \/>\n<meta property=\"og:site_name\" content=\"Sale of steam boiler plants\" \/>\n<meta property=\"og:image\" content=\"http:\/\/steamgenerator.eu\/wp-content\/uploads\/2016\/11\/hr_headline2.png\" \/>\n<meta name=\"twitter:card\" content=\"summary_large_image\" \/>\n<meta name=\"twitter:label1\" content=\"Est. reading time\" \/>\n\t<meta name=\"twitter:data1\" content=\"1 min\u016bte\" \/>\n<script type=\"application\/ld+json\" class=\"yoast-schema-graph\">{\"@context\":\"https:\/\/schema.org\",\"@graph\":[{\"@type\":\"WebPage\",\"@id\":\"https:\/\/steamgenerator.eu\/lv\/konteinertipa-katlu-majas\/\",\"url\":\"https:\/\/steamgenerator.eu\/lv\/konteinertipa-katlu-majas\/\",\"name\":\"Konteinertipa katlu m\u0101jas - Kateena OU\",\"isPartOf\":{\"@id\":\"https:\/\/www.steamgenerator.eu\/#website\"},\"primaryImageOfPage\":{\"@id\":\"https:\/\/steamgenerator.eu\/lv\/konteinertipa-katlu-majas\/#primaryimage\"},\"image\":{\"@id\":\"https:\/\/steamgenerator.eu\/lv\/konteinertipa-katlu-majas\/#primaryimage\"},\"thumbnailUrl\":\"http:\/\/steamgenerator.eu\/wp-content\/uploads\/2016\/11\/hr_headline2.png\",\"datePublished\":\"2016-12-12T11:05:34+00:00\",\"description\":\"Konteinertipa katlu m\u0101jas. Gad\u012bjum\u0101, ja klientam ir ierobe\u017eojumi attiec\u012bb\u0101 uz pieejamo telpu vai plat\u012bbu, pied\u0101v\u0101jam izb\u016bv\u0113t tvaika katlu m\u0101ju konteiner\u0101.\",\"breadcrumb\":{\"@id\":\"https:\/\/steamgenerator.eu\/lv\/konteinertipa-katlu-majas\/#breadcrumb\"},\"inLanguage\":\"lv-LV\",\"potentialAction\":[{\"@type\":\"ReadAction\",\"target\":[\"https:\/\/steamgenerator.eu\/lv\/konteinertipa-katlu-majas\/\"]}]},{\"@type\":\"ImageObject\",\"inLanguage\":\"lv-LV\",\"@id\":\"https:\/\/steamgenerator.eu\/lv\/konteinertipa-katlu-majas\/#primaryimage\",\"url\":\"http:\/\/steamgenerator.eu\/wp-content\/uploads\/2016\/11\/hr_headline2.png\",\"contentUrl\":\"http:\/\/steamgenerator.eu\/wp-content\/uploads\/2016\/11\/hr_headline2.png\"},{\"@type\":\"BreadcrumbList\",\"@id\":\"https:\/\/steamgenerator.eu\/lv\/konteinertipa-katlu-majas\/#breadcrumb\",\"itemListElement\":[{\"@type\":\"ListItem\",\"position\":1,\"name\":\"Home\",\"item\":\"https:\/\/steamgenerator.eu\/lv\/\"},{\"@type\":\"ListItem\",\"position\":2,\"name\":\"Konteinertipa katlu m\u0101jas\"}]},{\"@type\":\"WebSite\",\"@id\":\"https:\/\/www.steamgenerator.eu\/#website\",\"url\":\"https:\/\/www.steamgenerator.eu\/\",\"name\":\"Sale of steam boiler plants\",\"description\":\"Kateena O\u00dc\",\"potentialAction\":[{\"@type\":\"SearchAction\",\"target\":{\"@type\":\"EntryPoint\",\"urlTemplate\":\"https:\/\/www.steamgenerator.eu\/?s={search_term_string}\"},\"query-input\":{\"@type\":\"PropertyValueSpecification\",\"valueRequired\":true,\"valueName\":\"search_term_string\"}}],\"inLanguage\":\"lv-LV\"}]}<\/script>\n<!-- \/ Yoast SEO plugin. -->","yoast_head_json":{"title":"Konteinertipa katlu m\u0101jas - Kateena OU","description":"Konteinertipa katlu m\u0101jas. Gad\u012bjum\u0101, ja klientam ir ierobe\u017eojumi attiec\u012bb\u0101 uz pieejamo telpu vai plat\u012bbu, pied\u0101v\u0101jam izb\u016bv\u0113t tvaika katlu m\u0101ju konteiner\u0101.","robots":{"index":"index","follow":"follow","max-snippet":"max-snippet:-1","max-image-preview":"max-image-preview:large","max-video-preview":"max-video-preview:-1"},"canonical":"https:\/\/steamgenerator.eu\/lv\/konteinertipa-katlu-majas\/","og_locale":"lv_LV","og_type":"article","og_title":"Konteinertipa katlu m\u0101jas - Kateena OU","og_description":"Konteinertipa katlu m\u0101jas. Gad\u012bjum\u0101, ja klientam ir ierobe\u017eojumi attiec\u012bb\u0101 uz pieejamo telpu vai plat\u012bbu, pied\u0101v\u0101jam izb\u016bv\u0113t tvaika katlu m\u0101ju konteiner\u0101.","og_url":"https:\/\/steamgenerator.eu\/lv\/konteinertipa-katlu-majas\/","og_site_name":"Sale of steam boiler plants","og_image":[{"url":"http:\/\/steamgenerator.eu\/wp-content\/uploads\/2016\/11\/hr_headline2.png","type":"","width":"","height":""}],"twitter_card":"summary_large_image","twitter_misc":{"Est. reading time":"1 min\u016bte"},"schema":{"@context":"https:\/\/schema.org","@graph":[{"@type":"WebPage","@id":"https:\/\/steamgenerator.eu\/lv\/konteinertipa-katlu-majas\/","url":"https:\/\/steamgenerator.eu\/lv\/konteinertipa-katlu-majas\/","name":"Konteinertipa katlu m\u0101jas - Kateena OU","isPartOf":{"@id":"https:\/\/www.steamgenerator.eu\/#website"},"primaryImageOfPage":{"@id":"https:\/\/steamgenerator.eu\/lv\/konteinertipa-katlu-majas\/#primaryimage"},"image":{"@id":"https:\/\/steamgenerator.eu\/lv\/konteinertipa-katlu-majas\/#primaryimage"},"thumbnailUrl":"http:\/\/steamgenerator.eu\/wp-content\/uploads\/2016\/11\/hr_headline2.png","datePublished":"2016-12-12T11:05:34+00:00","description":"Konteinertipa katlu m\u0101jas. Gad\u012bjum\u0101, ja klientam ir ierobe\u017eojumi attiec\u012bb\u0101 uz pieejamo telpu vai plat\u012bbu, pied\u0101v\u0101jam izb\u016bv\u0113t tvaika katlu m\u0101ju konteiner\u0101.","breadcrumb":{"@id":"https:\/\/steamgenerator.eu\/lv\/konteinertipa-katlu-majas\/#breadcrumb"},"inLanguage":"lv-LV","potentialAction":[{"@type":"ReadAction","target":["https:\/\/steamgenerator.eu\/lv\/konteinertipa-katlu-majas\/"]}]},{"@type":"ImageObject","inLanguage":"lv-LV","@id":"https:\/\/steamgenerator.eu\/lv\/konteinertipa-katlu-majas\/#primaryimage","url":"http:\/\/steamgenerator.eu\/wp-content\/uploads\/2016\/11\/hr_headline2.png","contentUrl":"http:\/\/steamgenerator.eu\/wp-content\/uploads\/2016\/11\/hr_headline2.png"},{"@type":"BreadcrumbList","@id":"https:\/\/steamgenerator.eu\/lv\/konteinertipa-katlu-majas\/#breadcrumb","itemListElement":[{"@type":"ListItem","position":1,"name":"Home","item":"https:\/\/steamgenerator.eu\/lv\/"},{"@type":"ListItem","position":2,"name":"Konteinertipa katlu m\u0101jas"}]},{"@type":"WebSite","@id":"https:\/\/www.steamgenerator.eu\/#website","url":"https:\/\/www.steamgenerator.eu\/","name":"Sale of steam boiler plants","description":"Kateena O\u00dc","potentialAction":[{"@type":"SearchAction","target":{"@type":"EntryPoint","urlTemplate":"https:\/\/www.steamgenerator.eu\/?s={search_term_string}"},"query-input":{"@type":"PropertyValueSpecification","valueRequired":true,"valueName":"search_term_string"}}],"inLanguage":"lv-LV"}]}},"_links":{"self":[{"href":"https:\/\/steamgenerator.eu\/lv\/wp-json\/wp\/v2\/pages\/419","targetHints":{"allow":["GET"]}}],"collection":[{"href":"https:\/\/steamgenerator.eu\/lv\/wp-json\/wp\/v2\/pages"}],"about":[{"href":"https:\/\/steamgenerator.eu\/lv\/wp-json\/wp\/v2\/types\/page"}],"author":[{"embeddable":true,"href":"https:\/\/steamgenerator.eu\/lv\/wp-json\/wp\/v2\/users\/1"}],"replies":[{"embeddable":true,"href":"https:\/\/steamgenerator.eu\/lv\/wp-json\/wp\/v2\/comments?post=419"}],"version-history":[{"count":1,"href":"https:\/\/steamgenerator.eu\/lv\/wp-json\/wp\/v2\/pages\/419\/revisions"}],"predecessor-version":[{"id":420,"href":"https:\/\/steamgenerator.eu\/lv\/wp-json\/wp\/v2\/pages\/419\/revisions\/420"}],"wp:attachment":[{"href":"https:\/\/steamgenerator.eu\/lv\/wp-json\/wp\/v2\/media?parent=419"}],"curies":[{"name":"wp","href":"https:\/\/api.w.org\/{rel}","templated":true}]}}