{"id":416,"date":"2016-12-12T13:03:57","date_gmt":"2016-12-12T11:03:57","guid":{"rendered":"http:\/\/steamgenerator.eu\/lv\/?page_id=416"},"modified":"2016-12-12T13:04:08","modified_gmt":"2016-12-12T11:04:08","slug":"horizontalais-termalas-ellas-katls","status":"publish","type":"page","link":"https:\/\/steamgenerator.eu\/lv\/horizontalais-termalas-ellas-katls\/","title":{"rendered":"OMD \u2013 Horizont\u0101lais term\u0101l\u0101s e\u013c\u013cas katls"},"content":{"rendered":"<h3 style=\"text-align: center;\">OMD \u2013 Horizont\u0101lais term\u0101l\u0101s e\u013c\u013cas katls<\/h3>\n<p>Spir\u0101lveida caurule ir izgatavota no P235GH t\u0113rauda caurules.<\/p>\n<p><img loading=\"lazy\" decoding=\"async\" class=\"aligncenter wp-image-84 size-full\" title=\"OMD \u2013 Horisontaalne termaal\u00f5li katel joonis\" src=\"http:\/\/steamgenerator.eu\/wp-content\/uploads\/2016\/11\/Termaalo\u0303likatla-joonis.jpg\" alt=\"OMD \u2013 Horisontaalne termaal\u00f5li katel joonis\" width=\"1000\" height=\"536\" srcset=\"https:\/\/steamgenerator.eu\/wp-content\/uploads\/2016\/11\/Termaalo\u0303likatla-joonis.jpg 1000w, https:\/\/steamgenerator.eu\/wp-content\/uploads\/2016\/11\/Termaalo\u0303likatla-joonis-300x161.jpg 300w, https:\/\/steamgenerator.eu\/wp-content\/uploads\/2016\/11\/Termaalo\u0303likatla-joonis-768x412.jpg 768w, https:\/\/steamgenerator.eu\/wp-content\/uploads\/2016\/11\/Termaalo\u0303likatla-joonis-705x378.jpg 705w\" sizes=\"auto, (max-width: 1000px) 100vw, 1000px\" \/><\/p>\n<p>&nbsp;<\/p>\n<p><img loading=\"lazy\" decoding=\"async\" class=\"aligncenter wp-image-81 size-full\" title=\"OMD \u2013 Horisontaalne termaal\u00f5li katel tabel\" src=\"http:\/\/steamgenerator.eu\/wp-content\/uploads\/2016\/11\/Termaalo\u0303likatla-mo\u0303o\u0303dud.jpg\" alt=\"OMD \u2013 Horisontaalne termaal\u00f5li katel tabel\" width=\"1072\" height=\"885\" srcset=\"https:\/\/steamgenerator.eu\/wp-content\/uploads\/2016\/11\/Termaalo\u0303likatla-mo\u0303o\u0303dud.jpg 1072w, https:\/\/steamgenerator.eu\/wp-content\/uploads\/2016\/11\/Termaalo\u0303likatla-mo\u0303o\u0303dud-300x248.jpg 300w, https:\/\/steamgenerator.eu\/wp-content\/uploads\/2016\/11\/Termaalo\u0303likatla-mo\u0303o\u0303dud-1030x850.jpg 1030w, https:\/\/steamgenerator.eu\/wp-content\/uploads\/2016\/11\/Termaalo\u0303likatla-mo\u0303o\u0303dud-768x634.jpg 768w, https:\/\/steamgenerator.eu\/wp-content\/uploads\/2016\/11\/Termaalo\u0303likatla-mo\u0303o\u0303dud-705x582.jpg 705w\" sizes=\"auto, (max-width: 1072px) 100vw, 1072px\" \/><\/p>\n","protected":false},"excerpt":{"rendered":"<p>OMD \u2013 Horizont\u0101lais term\u0101l\u0101s e\u013c\u013cas katls Spir\u0101lveida caurule ir izgatavota no P235GH t\u0113rauda caurules. &nbsp;<\/p>\n","protected":false},"author":1,"featured_media":0,"parent":0,"menu_order":0,"comment_status":"closed","ping_status":"closed","template":"","meta":{"footnotes":""},"class_list":["post-416","page","type-page","status-publish","hentry"],"yoast_head":"<!-- This site is optimized with the Yoast SEO plugin v25.0 - https:\/\/yoast.com\/wordpress\/plugins\/seo\/ -->\n<title>OMD \u2013 Horizont\u0101lais term\u0101l\u0101s e\u013c\u013cas katls<\/title>\n<meta name=\"description\" content=\"OMD \u2013 Horizont\u0101lais term\u0101l\u0101s e\u013c\u013cas katls. Spir\u0101lveida caurule ir izgatavota no P235GH t\u0113rauda caurules.\" \/>\n<meta name=\"robots\" content=\"index, follow, max-snippet:-1, max-image-preview:large, max-video-preview:-1\" \/>\n<link rel=\"canonical\" href=\"https:\/\/steamgenerator.eu\/lv\/horizontalais-termalas-ellas-katls\/\" \/>\n<meta property=\"og:locale\" content=\"lv_LV\" \/>\n<meta property=\"og:type\" content=\"article\" \/>\n<meta property=\"og:title\" content=\"OMD \u2013 Horizont\u0101lais term\u0101l\u0101s e\u013c\u013cas katls\" \/>\n<meta property=\"og:description\" content=\"OMD \u2013 Horizont\u0101lais term\u0101l\u0101s e\u013c\u013cas katls. Spir\u0101lveida caurule ir izgatavota no P235GH t\u0113rauda caurules.\" \/>\n<meta property=\"og:url\" content=\"https:\/\/steamgenerator.eu\/lv\/horizontalais-termalas-ellas-katls\/\" \/>\n<meta property=\"og:site_name\" content=\"Sale of steam boiler plants\" \/>\n<meta property=\"article:modified_time\" content=\"2016-12-12T11:04:08+00:00\" \/>\n<meta name=\"twitter:card\" content=\"summary_large_image\" \/>\n<script type=\"application\/ld+json\" class=\"yoast-schema-graph\">{\"@context\":\"https:\/\/schema.org\",\"@graph\":[{\"@type\":\"WebPage\",\"@id\":\"https:\/\/steamgenerator.eu\/lv\/horizontalais-termalas-ellas-katls\/\",\"url\":\"https:\/\/steamgenerator.eu\/lv\/horizontalais-termalas-ellas-katls\/\",\"name\":\"OMD \u2013 Horizont\u0101lais term\u0101l\u0101s e\u013c\u013cas katls\",\"isPartOf\":{\"@id\":\"https:\/\/steamgenerator.eu\/en\/#website\"},\"datePublished\":\"2016-12-12T11:03:57+00:00\",\"dateModified\":\"2016-12-12T11:04:08+00:00\",\"description\":\"OMD \u2013 Horizont\u0101lais term\u0101l\u0101s e\u013c\u013cas katls. Spir\u0101lveida caurule ir izgatavota no P235GH t\u0113rauda caurules.\",\"breadcrumb\":{\"@id\":\"https:\/\/steamgenerator.eu\/lv\/horizontalais-termalas-ellas-katls\/#breadcrumb\"},\"inLanguage\":\"lv-LV\",\"potentialAction\":[{\"@type\":\"ReadAction\",\"target\":[\"https:\/\/steamgenerator.eu\/lv\/horizontalais-termalas-ellas-katls\/\"]}]},{\"@type\":\"BreadcrumbList\",\"@id\":\"https:\/\/steamgenerator.eu\/lv\/horizontalais-termalas-ellas-katls\/#breadcrumb\",\"itemListElement\":[{\"@type\":\"ListItem\",\"position\":1,\"name\":\"Home\",\"item\":\"https:\/\/steamgenerator.eu\/lv\/\"},{\"@type\":\"ListItem\",\"position\":2,\"name\":\"OMD \u2013 Horizont\u0101lais term\u0101l\u0101s e\u013c\u013cas katls\"}]},{\"@type\":\"WebSite\",\"@id\":\"https:\/\/steamgenerator.eu\/en\/#website\",\"url\":\"https:\/\/steamgenerator.eu\/en\/\",\"name\":\"Sale of steam boiler plants\",\"description\":\"Kateena O\u00dc\",\"potentialAction\":[{\"@type\":\"SearchAction\",\"target\":{\"@type\":\"EntryPoint\",\"urlTemplate\":\"https:\/\/steamgenerator.eu\/en\/?s={search_term_string}\"},\"query-input\":{\"@type\":\"PropertyValueSpecification\",\"valueRequired\":true,\"valueName\":\"search_term_string\"}}],\"inLanguage\":\"lv-LV\"}]}<\/script>\n<!-- \/ Yoast SEO plugin. -->","yoast_head_json":{"title":"OMD \u2013 Horizont\u0101lais term\u0101l\u0101s e\u013c\u013cas katls","description":"OMD \u2013 Horizont\u0101lais term\u0101l\u0101s e\u013c\u013cas katls. Spir\u0101lveida caurule ir izgatavota no P235GH t\u0113rauda caurules.","robots":{"index":"index","follow":"follow","max-snippet":"max-snippet:-1","max-image-preview":"max-image-preview:large","max-video-preview":"max-video-preview:-1"},"canonical":"https:\/\/steamgenerator.eu\/lv\/horizontalais-termalas-ellas-katls\/","og_locale":"lv_LV","og_type":"article","og_title":"OMD \u2013 Horizont\u0101lais term\u0101l\u0101s e\u013c\u013cas katls","og_description":"OMD \u2013 Horizont\u0101lais term\u0101l\u0101s e\u013c\u013cas katls. Spir\u0101lveida caurule ir izgatavota no P235GH t\u0113rauda caurules.","og_url":"https:\/\/steamgenerator.eu\/lv\/horizontalais-termalas-ellas-katls\/","og_site_name":"Sale of steam boiler plants","article_modified_time":"2016-12-12T11:04:08+00:00","twitter_card":"summary_large_image","schema":{"@context":"https:\/\/schema.org","@graph":[{"@type":"WebPage","@id":"https:\/\/steamgenerator.eu\/lv\/horizontalais-termalas-ellas-katls\/","url":"https:\/\/steamgenerator.eu\/lv\/horizontalais-termalas-ellas-katls\/","name":"OMD \u2013 Horizont\u0101lais term\u0101l\u0101s e\u013c\u013cas katls","isPartOf":{"@id":"https:\/\/steamgenerator.eu\/en\/#website"},"datePublished":"2016-12-12T11:03:57+00:00","dateModified":"2016-12-12T11:04:08+00:00","description":"OMD \u2013 Horizont\u0101lais term\u0101l\u0101s e\u013c\u013cas katls. Spir\u0101lveida caurule ir izgatavota no P235GH t\u0113rauda caurules.","breadcrumb":{"@id":"https:\/\/steamgenerator.eu\/lv\/horizontalais-termalas-ellas-katls\/#breadcrumb"},"inLanguage":"lv-LV","potentialAction":[{"@type":"ReadAction","target":["https:\/\/steamgenerator.eu\/lv\/horizontalais-termalas-ellas-katls\/"]}]},{"@type":"BreadcrumbList","@id":"https:\/\/steamgenerator.eu\/lv\/horizontalais-termalas-ellas-katls\/#breadcrumb","itemListElement":[{"@type":"ListItem","position":1,"name":"Home","item":"https:\/\/steamgenerator.eu\/lv\/"},{"@type":"ListItem","position":2,"name":"OMD \u2013 Horizont\u0101lais term\u0101l\u0101s e\u013c\u013cas katls"}]},{"@type":"WebSite","@id":"https:\/\/steamgenerator.eu\/en\/#website","url":"https:\/\/steamgenerator.eu\/en\/","name":"Sale of steam boiler plants","description":"Kateena O\u00dc","potentialAction":[{"@type":"SearchAction","target":{"@type":"EntryPoint","urlTemplate":"https:\/\/steamgenerator.eu\/en\/?s={search_term_string}"},"query-input":{"@type":"PropertyValueSpecification","valueRequired":true,"valueName":"search_term_string"}}],"inLanguage":"lv-LV"}]}},"_links":{"self":[{"href":"https:\/\/steamgenerator.eu\/lv\/wp-json\/wp\/v2\/pages\/416","targetHints":{"allow":["GET"]}}],"collection":[{"href":"https:\/\/steamgenerator.eu\/lv\/wp-json\/wp\/v2\/pages"}],"about":[{"href":"https:\/\/steamgenerator.eu\/lv\/wp-json\/wp\/v2\/types\/page"}],"author":[{"embeddable":true,"href":"https:\/\/steamgenerator.eu\/lv\/wp-json\/wp\/v2\/users\/1"}],"replies":[{"embeddable":true,"href":"https:\/\/steamgenerator.eu\/lv\/wp-json\/wp\/v2\/comments?post=416"}],"version-history":[{"count":2,"href":"https:\/\/steamgenerator.eu\/lv\/wp-json\/wp\/v2\/pages\/416\/revisions"}],"predecessor-version":[{"id":418,"href":"https:\/\/steamgenerator.eu\/lv\/wp-json\/wp\/v2\/pages\/416\/revisions\/418"}],"wp:attachment":[{"href":"https:\/\/steamgenerator.eu\/lv\/wp-json\/wp\/v2\/media?parent=416"}],"curies":[{"name":"wp","href":"https:\/\/api.w.org\/{rel}","templated":true}]}}