{"id":409,"date":"2016-12-12T12:58:52","date_gmt":"2016-12-12T10:58:52","guid":{"rendered":"http:\/\/steamgenerator.eu\/lv\/?page_id=409"},"modified":"2016-12-12T13:01:46","modified_gmt":"2016-12-12T11:01:46","slug":"horizontalais-tvaika-generators","status":"publish","type":"page","link":"https:\/\/steamgenerator.eu\/lv\/horizontalais-tvaika-generators\/","title":{"rendered":"OMG \u2013 Horizont\u0101lais tvaika \u0123enerators"},"content":{"rendered":"<h3 style=\"text-align: center;\">OMG \u2013 Horizont\u0101lais tvaika \u0123enerators<\/h3>\n<p>Tr\u012bspak\u0101pju horizont\u0101l\u0101s cirkul\u0101cijas tvaika \u0123enerators. Tvaika \u0123eneratora spir\u0101lveida caurule ir izgatavota no div\u0101m koncentrisk\u0101m P235GH t\u0113rauda caurul\u0113m. 200-3000 kg\/h.<\/p>\n<p>Iek\u0161\u0113j\u0101 spir\u0101lveida caurule ir izgatavota no div\u0101m koncentrisk\u0101m P235GH t\u0113rauda caurul\u0113m.<\/p>\n<p>Visas iek\u0101rtas da\u013cas, kas darbojoties ir pak\u013cautas spiedienam,\u00a0ir izgatavotas saska\u0146\u0101 ar PED direkt\u012bvu 97\/23\/EK.<\/p>\n<p>Pateicoties \u012bpa\u0161ajam tvaika kolektora dizainam, mitr\u0101 tvaika daudzums samazin\u0101s.<\/p>\n<p>Tvaika \u0123eneratora korpuss ir izol\u0113ts ar akmens vati un p\u0101rkl\u0101ts ar ner\u016bs\u0113jo\u0161u sk\u0101rda pl\u0101ksni.<\/p>\n<p>Vertik\u0101l\u0101 versija ir piem\u0113rota neliela vai maza izm\u0113ra telp\u0101m \u2013 tvaika \u0123eneratora spir\u0101lveida cauruli var t\u012br\u012bt caur l\u016bku, kas atrodas virspus\u0113<\/p>\n<p>Standarta tvaika katla elektrovad\u012bbas pults mitrumiztur\u012bbas klase atbilst IP55 un komplekt\u0101 ir ietverts:<\/p>\n<ul>\n<li>Galvenais sl\u0113dzis;<\/li>\n<li>Papildsl\u0113dzis;<\/li>\n<li>Deg\u013ca starteris;<\/li>\n<li>Jaudas regul\u0113\u0161anas sl\u0113dzis;<\/li>\n<\/ul>\n<p>Digit\u0101l\u0101 temperat\u016bras kontrole regul\u0101rai tvaika temperat\u016bras p\u0101rbaudei;<\/p>\n<p>Trauksmes sign\u0101li (\u016bdens tr\u016bkuma trauksmes sign\u0101ls, p\u0101rslodzes trauksmes sign\u0101ls, spiediena trauksmes sign\u0101ls, d\u016bmg\u0101zes trauksmes sign\u0101ls, deg\u013ca darb\u012bbas trauc\u0113jumu trauksmes sign\u0101ls).\u00a0\u00a0\u00a0 <\/p>\n<p><img loading=\"lazy\" decoding=\"async\" class=\"aligncenter wp-image-66 size-full\" title=\"OMG \u2013 Horisontaalne aurugeneraator joonis\" src=\"http:\/\/steamgenerator.eu\/wp-content\/uploads\/2016\/11\/Aurugeneraatori-OMG-joonis.jpg\" alt=\"OMG \u2013 Horisontaalne aurugeneraator joonis\" width=\"1000\" height=\"833\" srcset=\"https:\/\/steamgenerator.eu\/wp-content\/uploads\/2016\/11\/Aurugeneraatori-OMG-joonis.jpg 1000w, https:\/\/steamgenerator.eu\/wp-content\/uploads\/2016\/11\/Aurugeneraatori-OMG-joonis-300x250.jpg 300w, https:\/\/steamgenerator.eu\/wp-content\/uploads\/2016\/11\/Aurugeneraatori-OMG-joonis-768x640.jpg 768w, https:\/\/steamgenerator.eu\/wp-content\/uploads\/2016\/11\/Aurugeneraatori-OMG-joonis-705x587.jpg 705w\" sizes=\"auto, (max-width: 1000px) 100vw, 1000px\" \/><\/p>\n<p><img loading=\"lazy\" decoding=\"async\" class=\"aligncenter wp-image-67 size-full\" title=\"OMG \u2013 Horisontaalne aurugeneraator tabel\" src=\"http:\/\/steamgenerator.eu\/wp-content\/uploads\/2016\/11\/Aurugeneraatori-OMG-tabel.jpg\" alt=\"OMG \u2013 Horisontaalne aurugeneraator tabel\" width=\"1072\" height=\"850\" srcset=\"https:\/\/steamgenerator.eu\/wp-content\/uploads\/2016\/11\/Aurugeneraatori-OMG-tabel.jpg 1072w, https:\/\/steamgenerator.eu\/wp-content\/uploads\/2016\/11\/Aurugeneraatori-OMG-tabel-300x238.jpg 300w, https:\/\/steamgenerator.eu\/wp-content\/uploads\/2016\/11\/Aurugeneraatori-OMG-tabel-1030x817.jpg 1030w, https:\/\/steamgenerator.eu\/wp-content\/uploads\/2016\/11\/Aurugeneraatori-OMG-tabel-768x609.jpg 768w, https:\/\/steamgenerator.eu\/wp-content\/uploads\/2016\/11\/Aurugeneraatori-OMG-tabel-705x559.jpg 705w\" sizes=\"auto, (max-width: 1072px) 100vw, 1072px\" \/><\/p>\n<p style=\"text-align: center;\"><img loading=\"lazy\" decoding=\"async\" class=\"aligncenter size-full wp-image-306\" src=\"http:\/\/steamgenerator.eu\/wp-content\/uploads\/2016\/11\/hr_headline2.png\" alt=\"hr_headline2\" width=\"274\" height=\"50\" \/><\/p>\n<style type=\"text\/css\">\r\n\t#foogallery-gallery-77 .fg-image {\r\n        width: 80px;\r\n    }\r\n<\/style>\r\n\t\t\t\t<div class=\"foogallery foogallery-container foogallery-default foogallery-lightbox-foogallery fg-gutter-10 fg-center fg-default fg-light fg-border-thin fg-shadow-outline fg-loading-default fg-loaded-fade-in fg-caption-hover fg-hover-fade fg-hover-zoom fg-ready\" id=\"foogallery-gallery-77\" data-foogallery=\"{&quot;item&quot;:{&quot;showCaptionTitle&quot;:true,&quot;showCaptionDescription&quot;:true},&quot;lazy&quot;:true}\" data-foogallery-lightbox=\"{&quot;thumbs&quot;:&quot;bottom&quot;,&quot;thumbsCaptions&quot;:false,&quot;thumbsBestFit&quot;:false,&quot;thumbsSmall&quot;:false,&quot;thumbsCaptionsAlign&quot;:&quot;default&quot;,&quot;info&quot;:&quot;bottom&quot;,&quot;infoVisible&quot;:true,&quot;infoOverlay&quot;:true,&quot;infoAlign&quot;:&quot;default&quot;,&quot;transition&quot;:&quot;fade&quot;,&quot;hoverButtons&quot;:false,&quot;fitMedia&quot;:false,&quot;noScrollbars&quot;:true,&quot;preserveButtonSpace&quot;:true,&quot;buttons&quot;:{&quot;fullscreen&quot;:true,&quot;info&quot;:true,&quot;thumbs&quot;:false},&quot;video&quot;:{&quot;autoPlay&quot;:true}}\" >\r\n\t<div class=\"fg-item fg-type-image fg-idle\"><figure class=\"fg-item-inner\"><a href=\"https:\/\/steamgenerator.eu\/wp-content\/uploads\/2016\/11\/OMG-1.jpg\" data-attachment-id=\"733\" data-type=\"image\" class=\"fg-thumb\"><span class=\"fg-image-wrap\"><img decoding=\"async\" alt=\"Horisontaalne aurugeneraator OMG1 Katel, katlamaja, aurugeneraator\" width=\"80\" height=\"80\" class=\"skip-lazy fg-image\" data-src-fg=\"https:\/\/steamgenerator.eu\/wp-content\/uploads\/cache\/2016\/11\/OMG-1\/2036207875.jpg\" src=\"data:image\/svg+xml,%3Csvg%20xmlns%3D%22http%3A%2F%2Fwww.w3.org%2F2000%2Fsvg%22%20width%3D%2280%22%20height%3D%2280%22%20viewBox%3D%220%200%2080%2080%22%3E%3C%2Fsvg%3E\" loading=\"eager\"><\/span><span class=\"fg-image-overlay\"><\/span><\/a><figcaption class=\"fg-caption\"><div class=\"fg-caption-inner\"><\/div><\/figcaption><\/figure><div class=\"fg-loader\"><\/div><\/div><div class=\"fg-item fg-type-image fg-idle\"><figure class=\"fg-item-inner\"><a href=\"https:\/\/steamgenerator.eu\/wp-content\/uploads\/2016\/11\/OMG-2.jpg\" data-attachment-id=\"737\" data-type=\"image\" class=\"fg-thumb\"><span class=\"fg-image-wrap\"><img decoding=\"async\" alt=\"Horisontaalne aurugeneraator OMG2 Katel, katlamaja, aurugeneraator\" width=\"80\" height=\"80\" class=\"skip-lazy fg-image\" data-src-fg=\"https:\/\/steamgenerator.eu\/wp-content\/uploads\/cache\/2016\/11\/OMG-2\/4007415983.jpg\" src=\"data:image\/svg+xml,%3Csvg%20xmlns%3D%22http%3A%2F%2Fwww.w3.org%2F2000%2Fsvg%22%20width%3D%2280%22%20height%3D%2280%22%20viewBox%3D%220%200%2080%2080%22%3E%3C%2Fsvg%3E\" loading=\"eager\"><\/span><span class=\"fg-image-overlay\"><\/span><\/a><figcaption class=\"fg-caption\"><div class=\"fg-caption-inner\"><\/div><\/figcaption><\/figure><div class=\"fg-loader\"><\/div><\/div><div class=\"fg-item fg-type-image fg-idle\"><figure class=\"fg-item-inner\"><a href=\"https:\/\/steamgenerator.eu\/wp-content\/uploads\/2016\/11\/OMG-3.jpg\" data-attachment-id=\"741\" data-type=\"image\" class=\"fg-thumb\"><span class=\"fg-image-wrap\"><img decoding=\"async\" alt=\"Horisontaalne aurugeneraator OMG3 Katel, katlamaja, aurugeneraator\" width=\"80\" height=\"80\" class=\"skip-lazy fg-image\" data-src-fg=\"https:\/\/steamgenerator.eu\/wp-content\/uploads\/cache\/2016\/11\/OMG-3\/4233820.jpg\" src=\"data:image\/svg+xml,%3Csvg%20xmlns%3D%22http%3A%2F%2Fwww.w3.org%2F2000%2Fsvg%22%20width%3D%2280%22%20height%3D%2280%22%20viewBox%3D%220%200%2080%2080%22%3E%3C%2Fsvg%3E\" loading=\"eager\"><\/span><span class=\"fg-image-overlay\"><\/span><\/a><figcaption class=\"fg-caption\"><div class=\"fg-caption-inner\"><\/div><\/figcaption><\/figure><div class=\"fg-loader\"><\/div><\/div><div class=\"fg-item fg-type-image fg-idle\"><figure class=\"fg-item-inner\"><a href=\"https:\/\/steamgenerator.eu\/wp-content\/uploads\/2016\/11\/OMG-4.jpg\" data-attachment-id=\"745\" data-type=\"image\" class=\"fg-thumb\"><span class=\"fg-image-wrap\"><img decoding=\"async\" alt=\"Horisontaalne aurugeneraator OMG4 Katel, katlamaja, aurugeneraator\" width=\"80\" height=\"80\" class=\"skip-lazy fg-image\" data-src-fg=\"https:\/\/steamgenerator.eu\/wp-content\/uploads\/cache\/2016\/11\/OMG-4\/327734538.jpg\" src=\"data:image\/svg+xml,%3Csvg%20xmlns%3D%22http%3A%2F%2Fwww.w3.org%2F2000%2Fsvg%22%20width%3D%2280%22%20height%3D%2280%22%20viewBox%3D%220%200%2080%2080%22%3E%3C%2Fsvg%3E\" loading=\"eager\"><\/span><span class=\"fg-image-overlay\"><\/span><\/a><figcaption class=\"fg-caption\"><div class=\"fg-caption-inner\"><\/div><\/figcaption><\/figure><div class=\"fg-loader\"><\/div><\/div><div class=\"fg-item fg-type-image fg-idle\"><figure class=\"fg-item-inner\"><a href=\"https:\/\/steamgenerator.eu\/wp-content\/uploads\/2016\/11\/OMG-5.jpg\" data-attachment-id=\"749\" data-type=\"image\" class=\"fg-thumb\"><span class=\"fg-image-wrap\"><img decoding=\"async\" alt=\"Horisontaalne aurugeneraator OMG5 Katel, katlamaja, aurugeneraator\" width=\"80\" height=\"80\" class=\"skip-lazy fg-image\" data-src-fg=\"https:\/\/steamgenerator.eu\/wp-content\/uploads\/cache\/2016\/11\/OMG-5\/4097122117.jpg\" src=\"data:image\/svg+xml,%3Csvg%20xmlns%3D%22http%3A%2F%2Fwww.w3.org%2F2000%2Fsvg%22%20width%3D%2280%22%20height%3D%2280%22%20viewBox%3D%220%200%2080%2080%22%3E%3C%2Fsvg%3E\" loading=\"eager\"><\/span><span class=\"fg-image-overlay\"><\/span><\/a><figcaption class=\"fg-caption\"><div class=\"fg-caption-inner\"><\/div><\/figcaption><\/figure><div class=\"fg-loader\"><\/div><\/div><div class=\"fg-item fg-type-image fg-idle\"><figure class=\"fg-item-inner\"><a href=\"https:\/\/steamgenerator.eu\/wp-content\/uploads\/2016\/11\/OMG-6.jpg\" data-attachment-id=\"753\" data-type=\"image\" class=\"fg-thumb\"><span class=\"fg-image-wrap\"><img decoding=\"async\" alt=\"Horisontaalne aurugeneraator OMG6 Katel, katlamaja, aurugeneraator\" width=\"80\" height=\"80\" class=\"skip-lazy fg-image\" data-src-fg=\"https:\/\/steamgenerator.eu\/wp-content\/uploads\/cache\/2016\/11\/OMG-6\/191161054.jpg\" src=\"data:image\/svg+xml,%3Csvg%20xmlns%3D%22http%3A%2F%2Fwww.w3.org%2F2000%2Fsvg%22%20width%3D%2280%22%20height%3D%2280%22%20viewBox%3D%220%200%2080%2080%22%3E%3C%2Fsvg%3E\" loading=\"eager\"><\/span><span class=\"fg-image-overlay\"><\/span><\/a><figcaption class=\"fg-caption\"><div class=\"fg-caption-inner\"><\/div><\/figcaption><\/figure><div class=\"fg-loader\"><\/div><\/div><div class=\"fg-item fg-type-image fg-idle\"><figure class=\"fg-item-inner\"><a href=\"https:\/\/steamgenerator.eu\/wp-content\/uploads\/2016\/11\/OMG-7.jpg\" data-attachment-id=\"757\" data-type=\"image\" class=\"fg-thumb\"><span class=\"fg-image-wrap\"><img decoding=\"async\" alt=\"Horisontaalne aurugeneraator OMG7 Katel, katlamaja, aurugeneraator\" width=\"80\" height=\"80\" class=\"skip-lazy fg-image\" data-src-fg=\"https:\/\/steamgenerator.eu\/wp-content\/uploads\/cache\/2016\/11\/OMG-7\/3737363471.jpg\" src=\"data:image\/svg+xml,%3Csvg%20xmlns%3D%22http%3A%2F%2Fwww.w3.org%2F2000%2Fsvg%22%20width%3D%2280%22%20height%3D%2280%22%20viewBox%3D%220%200%2080%2080%22%3E%3C%2Fsvg%3E\" loading=\"eager\"><\/span><span class=\"fg-image-overlay\"><\/span><\/a><figcaption class=\"fg-caption\"><div class=\"fg-caption-inner\"><\/div><\/figcaption><\/figure><div class=\"fg-loader\"><\/div><\/div><div class=\"fg-item fg-type-image fg-idle\"><figure class=\"fg-item-inner\"><a href=\"https:\/\/steamgenerator.eu\/wp-content\/uploads\/2016\/11\/OMG-8.jpg\" data-attachment-id=\"761\" data-type=\"image\" class=\"fg-thumb\"><span class=\"fg-image-wrap\"><img decoding=\"async\" alt=\"Horisontaalne aurugeneraator OMG8 Katel, katlamaja, aurugeneraator\" width=\"80\" height=\"80\" class=\"skip-lazy fg-image\" data-src-fg=\"https:\/\/steamgenerator.eu\/wp-content\/uploads\/cache\/2016\/11\/OMG-8\/3283037577.jpg\" src=\"data:image\/svg+xml,%3Csvg%20xmlns%3D%22http%3A%2F%2Fwww.w3.org%2F2000%2Fsvg%22%20width%3D%2280%22%20height%3D%2280%22%20viewBox%3D%220%200%2080%2080%22%3E%3C%2Fsvg%3E\" loading=\"eager\"><\/span><span class=\"fg-image-overlay\"><\/span><\/a><figcaption class=\"fg-caption\"><div class=\"fg-caption-inner\"><\/div><\/figcaption><\/figure><div class=\"fg-loader\"><\/div><\/div><\/div>\r\n\n","protected":false},"excerpt":{"rendered":"<p>OMG \u2013 Horizont\u0101lais tvaika \u0123enerators Tr\u012bspak\u0101pju horizont\u0101l\u0101s cirkul\u0101cijas tvaika \u0123enerators. Tvaika \u0123eneratora spir\u0101lveida caurule ir izgatavota no div\u0101m koncentrisk\u0101m P235GH t\u0113rauda caurul\u0113m. 200-3000 kg\/h. Iek\u0161\u0113j\u0101 spir\u0101lveida caurule ir izgatavota no div\u0101m koncentrisk\u0101m P235GH t\u0113rauda caurul\u0113m. Visas iek\u0101rtas da\u013cas, kas darbojoties ir pak\u013cautas spiedienam,\u00a0ir izgatavotas saska\u0146\u0101 ar PED direkt\u012bvu 97\/23\/EK. Pateicoties \u012bpa\u0161ajam tvaika kolektora dizainam, mitr\u0101 [&hellip;]<\/p>\n","protected":false},"author":1,"featured_media":0,"parent":0,"menu_order":0,"comment_status":"closed","ping_status":"closed","template":"","meta":{"footnotes":""},"class_list":["post-409","page","type-page","status-publish","hentry"],"yoast_head":"<!-- This site is optimized with the Yoast SEO plugin v25.0 - https:\/\/yoast.com\/wordpress\/plugins\/seo\/ -->\n<title>OMG \u2013 Horizont\u0101lais tvaika \u0123enerators<\/title>\n<meta name=\"description\" content=\"OMG \u2013 Horizont\u0101lais tvaika \u0123enerators. Iek\u0161\u0113j\u0101 spir\u0101lveida caurule ir izgatavota no div\u0101m koncentrisk\u0101m P235GH t\u0113rauda caurul\u0113m.\" \/>\n<meta name=\"robots\" content=\"index, follow, max-snippet:-1, max-image-preview:large, max-video-preview:-1\" \/>\n<link rel=\"canonical\" href=\"https:\/\/steamgenerator.eu\/lv\/horizontalais-tvaika-generators\/\" \/>\n<meta property=\"og:locale\" content=\"lv_LV\" \/>\n<meta property=\"og:type\" content=\"article\" \/>\n<meta property=\"og:title\" content=\"OMG \u2013 Horizont\u0101lais tvaika \u0123enerators\" \/>\n<meta property=\"og:description\" content=\"OMG \u2013 Horizont\u0101lais tvaika \u0123enerators. Iek\u0161\u0113j\u0101 spir\u0101lveida caurule ir izgatavota no div\u0101m koncentrisk\u0101m P235GH t\u0113rauda caurul\u0113m.\" \/>\n<meta property=\"og:url\" content=\"https:\/\/steamgenerator.eu\/lv\/horizontalais-tvaika-generators\/\" \/>\n<meta property=\"og:site_name\" content=\"Sale of steam boiler plants\" \/>\n<meta property=\"article:modified_time\" content=\"2016-12-12T11:01:46+00:00\" \/>\n<meta property=\"og:image\" content=\"http:\/\/steamgenerator.eu\/wp-content\/uploads\/2016\/11\/Aurugeneraatori-OMG-joonis.jpg\" \/>\n<meta name=\"twitter:card\" content=\"summary_large_image\" \/>\n<meta name=\"twitter:label1\" content=\"Est. reading time\" \/>\n\t<meta name=\"twitter:data1\" content=\"1 min\u016bte\" \/>\n<script type=\"application\/ld+json\" class=\"yoast-schema-graph\">{\"@context\":\"https:\/\/schema.org\",\"@graph\":[{\"@type\":\"WebPage\",\"@id\":\"https:\/\/steamgenerator.eu\/lv\/horizontalais-tvaika-generators\/\",\"url\":\"https:\/\/steamgenerator.eu\/lv\/horizontalais-tvaika-generators\/\",\"name\":\"OMG \u2013 Horizont\u0101lais tvaika \u0123enerators\",\"isPartOf\":{\"@id\":\"https:\/\/steamgenerator.eu\/en\/#website\"},\"primaryImageOfPage\":{\"@id\":\"https:\/\/steamgenerator.eu\/lv\/horizontalais-tvaika-generators\/#primaryimage\"},\"image\":{\"@id\":\"https:\/\/steamgenerator.eu\/lv\/horizontalais-tvaika-generators\/#primaryimage\"},\"thumbnailUrl\":\"http:\/\/steamgenerator.eu\/wp-content\/uploads\/2016\/11\/Aurugeneraatori-OMG-joonis.jpg\",\"datePublished\":\"2016-12-12T10:58:52+00:00\",\"dateModified\":\"2016-12-12T11:01:46+00:00\",\"description\":\"OMG \u2013 Horizont\u0101lais tvaika \u0123enerators. Iek\u0161\u0113j\u0101 spir\u0101lveida caurule ir izgatavota no div\u0101m koncentrisk\u0101m P235GH t\u0113rauda caurul\u0113m.\",\"breadcrumb\":{\"@id\":\"https:\/\/steamgenerator.eu\/lv\/horizontalais-tvaika-generators\/#breadcrumb\"},\"inLanguage\":\"lv-LV\",\"potentialAction\":[{\"@type\":\"ReadAction\",\"target\":[\"https:\/\/steamgenerator.eu\/lv\/horizontalais-tvaika-generators\/\"]}]},{\"@type\":\"ImageObject\",\"inLanguage\":\"lv-LV\",\"@id\":\"https:\/\/steamgenerator.eu\/lv\/horizontalais-tvaika-generators\/#primaryimage\",\"url\":\"http:\/\/steamgenerator.eu\/wp-content\/uploads\/2016\/11\/Aurugeneraatori-OMG-joonis.jpg\",\"contentUrl\":\"http:\/\/steamgenerator.eu\/wp-content\/uploads\/2016\/11\/Aurugeneraatori-OMG-joonis.jpg\"},{\"@type\":\"BreadcrumbList\",\"@id\":\"https:\/\/steamgenerator.eu\/lv\/horizontalais-tvaika-generators\/#breadcrumb\",\"itemListElement\":[{\"@type\":\"ListItem\",\"position\":1,\"name\":\"Home\",\"item\":\"https:\/\/steamgenerator.eu\/lv\/\"},{\"@type\":\"ListItem\",\"position\":2,\"name\":\"OMG \u2013 Horizont\u0101lais tvaika \u0123enerators\"}]},{\"@type\":\"WebSite\",\"@id\":\"https:\/\/steamgenerator.eu\/en\/#website\",\"url\":\"https:\/\/steamgenerator.eu\/en\/\",\"name\":\"Sale of steam boiler plants\",\"description\":\"Kateena O\u00dc\",\"potentialAction\":[{\"@type\":\"SearchAction\",\"target\":{\"@type\":\"EntryPoint\",\"urlTemplate\":\"https:\/\/steamgenerator.eu\/en\/?s={search_term_string}\"},\"query-input\":{\"@type\":\"PropertyValueSpecification\",\"valueRequired\":true,\"valueName\":\"search_term_string\"}}],\"inLanguage\":\"lv-LV\"}]}<\/script>\n<!-- \/ Yoast SEO plugin. -->","yoast_head_json":{"title":"OMG \u2013 Horizont\u0101lais tvaika \u0123enerators","description":"OMG \u2013 Horizont\u0101lais tvaika \u0123enerators. Iek\u0161\u0113j\u0101 spir\u0101lveida caurule ir izgatavota no div\u0101m koncentrisk\u0101m P235GH t\u0113rauda caurul\u0113m.","robots":{"index":"index","follow":"follow","max-snippet":"max-snippet:-1","max-image-preview":"max-image-preview:large","max-video-preview":"max-video-preview:-1"},"canonical":"https:\/\/steamgenerator.eu\/lv\/horizontalais-tvaika-generators\/","og_locale":"lv_LV","og_type":"article","og_title":"OMG \u2013 Horizont\u0101lais tvaika \u0123enerators","og_description":"OMG \u2013 Horizont\u0101lais tvaika \u0123enerators. Iek\u0161\u0113j\u0101 spir\u0101lveida caurule ir izgatavota no div\u0101m koncentrisk\u0101m P235GH t\u0113rauda caurul\u0113m.","og_url":"https:\/\/steamgenerator.eu\/lv\/horizontalais-tvaika-generators\/","og_site_name":"Sale of steam boiler plants","article_modified_time":"2016-12-12T11:01:46+00:00","og_image":[{"url":"http:\/\/steamgenerator.eu\/wp-content\/uploads\/2016\/11\/Aurugeneraatori-OMG-joonis.jpg","type":"","width":"","height":""}],"twitter_card":"summary_large_image","twitter_misc":{"Est. reading time":"1 min\u016bte"},"schema":{"@context":"https:\/\/schema.org","@graph":[{"@type":"WebPage","@id":"https:\/\/steamgenerator.eu\/lv\/horizontalais-tvaika-generators\/","url":"https:\/\/steamgenerator.eu\/lv\/horizontalais-tvaika-generators\/","name":"OMG \u2013 Horizont\u0101lais tvaika \u0123enerators","isPartOf":{"@id":"https:\/\/steamgenerator.eu\/en\/#website"},"primaryImageOfPage":{"@id":"https:\/\/steamgenerator.eu\/lv\/horizontalais-tvaika-generators\/#primaryimage"},"image":{"@id":"https:\/\/steamgenerator.eu\/lv\/horizontalais-tvaika-generators\/#primaryimage"},"thumbnailUrl":"http:\/\/steamgenerator.eu\/wp-content\/uploads\/2016\/11\/Aurugeneraatori-OMG-joonis.jpg","datePublished":"2016-12-12T10:58:52+00:00","dateModified":"2016-12-12T11:01:46+00:00","description":"OMG \u2013 Horizont\u0101lais tvaika \u0123enerators. Iek\u0161\u0113j\u0101 spir\u0101lveida caurule ir izgatavota no div\u0101m koncentrisk\u0101m P235GH t\u0113rauda caurul\u0113m.","breadcrumb":{"@id":"https:\/\/steamgenerator.eu\/lv\/horizontalais-tvaika-generators\/#breadcrumb"},"inLanguage":"lv-LV","potentialAction":[{"@type":"ReadAction","target":["https:\/\/steamgenerator.eu\/lv\/horizontalais-tvaika-generators\/"]}]},{"@type":"ImageObject","inLanguage":"lv-LV","@id":"https:\/\/steamgenerator.eu\/lv\/horizontalais-tvaika-generators\/#primaryimage","url":"http:\/\/steamgenerator.eu\/wp-content\/uploads\/2016\/11\/Aurugeneraatori-OMG-joonis.jpg","contentUrl":"http:\/\/steamgenerator.eu\/wp-content\/uploads\/2016\/11\/Aurugeneraatori-OMG-joonis.jpg"},{"@type":"BreadcrumbList","@id":"https:\/\/steamgenerator.eu\/lv\/horizontalais-tvaika-generators\/#breadcrumb","itemListElement":[{"@type":"ListItem","position":1,"name":"Home","item":"https:\/\/steamgenerator.eu\/lv\/"},{"@type":"ListItem","position":2,"name":"OMG \u2013 Horizont\u0101lais tvaika \u0123enerators"}]},{"@type":"WebSite","@id":"https:\/\/steamgenerator.eu\/en\/#website","url":"https:\/\/steamgenerator.eu\/en\/","name":"Sale of steam boiler plants","description":"Kateena O\u00dc","potentialAction":[{"@type":"SearchAction","target":{"@type":"EntryPoint","urlTemplate":"https:\/\/steamgenerator.eu\/en\/?s={search_term_string}"},"query-input":{"@type":"PropertyValueSpecification","valueRequired":true,"valueName":"search_term_string"}}],"inLanguage":"lv-LV"}]}},"_links":{"self":[{"href":"https:\/\/steamgenerator.eu\/lv\/wp-json\/wp\/v2\/pages\/409","targetHints":{"allow":["GET"]}}],"collection":[{"href":"https:\/\/steamgenerator.eu\/lv\/wp-json\/wp\/v2\/pages"}],"about":[{"href":"https:\/\/steamgenerator.eu\/lv\/wp-json\/wp\/v2\/types\/page"}],"author":[{"embeddable":true,"href":"https:\/\/steamgenerator.eu\/lv\/wp-json\/wp\/v2\/users\/1"}],"replies":[{"embeddable":true,"href":"https:\/\/steamgenerator.eu\/lv\/wp-json\/wp\/v2\/comments?post=409"}],"version-history":[{"count":3,"href":"https:\/\/steamgenerator.eu\/lv\/wp-json\/wp\/v2\/pages\/409\/revisions"}],"predecessor-version":[{"id":413,"href":"https:\/\/steamgenerator.eu\/lv\/wp-json\/wp\/v2\/pages\/409\/revisions\/413"}],"wp:attachment":[{"href":"https:\/\/steamgenerator.eu\/lv\/wp-json\/wp\/v2\/media?parent=409"}],"curies":[{"name":"wp","href":"https:\/\/api.w.org\/{rel}","templated":true}]}}