{"id":405,"date":"2016-12-12T12:55:41","date_gmt":"2016-12-12T10:55:41","guid":{"rendered":"http:\/\/steamgenerator.eu\/lv\/?page_id=405"},"modified":"2016-12-12T12:57:45","modified_gmt":"2016-12-12T10:57:45","slug":"fb-vertikalais-tvaika-generators","status":"publish","type":"page","link":"https:\/\/steamgenerator.eu\/lv\/fb-vertikalais-tvaika-generators\/","title":{"rendered":"FB \u2013 Vertik\u0101lais tvaika \u0123enerators"},"content":{"rendered":"<h3 style=\"text-align: center;\">FB \u2013 Vertik\u0101lais tvaika \u0123enerators<\/h3>\n<p style=\"text-align: center;\"><img loading=\"lazy\" decoding=\"async\" class=\"aligncenter size-full wp-image-306\" src=\"http:\/\/steamgenerator.eu\/wp-content\/uploads\/2016\/11\/hr_headline2.png\" alt=\"hr_headline2\" width=\"274\" height=\"50\" \/><\/p>\n<p>Vertik\u0101l\u0101s cirkul\u0101cijas tvaika \u0123enerators ar diviem d\u016bmu izvadiem un augstu efektivit\u0101ti. Iek\u0161\u0113j\u0101 spir\u0101lveida caurule ir izgatavota no div\u0101m koncentrisk\u0101m P235GH t\u0113rauda caurul\u0113m.<\/p>\n<p>Visas iek\u0101rtas da\u013cas, kas darbojoties ir pak\u013cautas spiedienam,\u00a0ir izgatavotas saska\u0146\u0101 ar PED direkt\u012bvu 97\/23\/EK.<\/p>\n<p>Pateicoties \u012bpa\u0161ajam tvaika kolektora dizainam, mitr\u0101 tvaika daudzums samazin\u0101s.<\/p>\n<p>Tvaika \u0123eneratora korpuss ir izol\u0113ts ar akmens vati un p\u0101rkl\u0101ts ar ner\u016bs\u0113jo\u0161u sk\u0101rda pl\u0101ksni.<\/p>\n<p>Vertik\u0101l\u0101 versija ir piem\u0113rota neliela vai maza izm\u0113ra telp\u0101m \u2013 tvaika \u0123eneratora spir\u0101lveida cauruli var t\u012br\u012bt caur l\u016bku, kas atrodas virspus\u0113<\/p>\n<p>Standarta tvaika katla elektrovad\u012bbas pults mitrumiztur\u012bbas klase atbilst IP55 un komplekt\u0101 ir ietverts:<\/p>\n<ul>\n<li>Galvenais sl\u0113dzis;<\/li>\n<li>Papildsl\u0113dzis;<\/li>\n<li>Deg\u013ca starteris;<\/li>\n<li>Jaudas regul\u0113\u0161anas sl\u0113dzis;<\/li>\n<li>Digit\u0101l\u0101 temperat\u016bras kontrole regul\u0101rai tvaika temperat\u016bras p\u0101rbaudei;<\/li>\n<\/ul>\n<p>Trauksmes sign\u0101li (\u016bdens tr\u016bkuma trauksmes sign\u0101ls, p\u0101rslodzes trauksmes sign\u0101ls, spiediena trauksmes sign\u0101ls, d\u016bmg\u0101zes trauksmes sign\u0101ls, deg\u013ca darb\u012bbas trauc\u0113jumu trauksmes sign\u0101ls).\u00a0\u00a0<\/p>\n<p><em><img loading=\"lazy\" decoding=\"async\" class=\"aligncenter wp-image-51 size-full\" title=\"FB \u2013 Vertikaalne aurugeneraator\" src=\"http:\/\/steamgenerator.eu\/wp-content\/uploads\/2016\/11\/FB-joonis.jpg\" alt=\"FB \u2013 Vertikaalne aurugeneraator\" width=\"1110\" height=\"1328\" srcset=\"https:\/\/steamgenerator.eu\/wp-content\/uploads\/2016\/11\/FB-joonis.jpg 1110w, https:\/\/steamgenerator.eu\/wp-content\/uploads\/2016\/11\/FB-joonis-251x300.jpg 251w, https:\/\/steamgenerator.eu\/wp-content\/uploads\/2016\/11\/FB-joonis-861x1030.jpg 861w, https:\/\/steamgenerator.eu\/wp-content\/uploads\/2016\/11\/FB-joonis-768x919.jpg 768w, https:\/\/steamgenerator.eu\/wp-content\/uploads\/2016\/11\/FB-joonis-589x705.jpg 589w\" sizes=\"auto, (max-width: 1110px) 100vw, 1110px\" \/><a href=\"http:\/\/steamgenerator.eu\/wp-content\/uploads\/2016\/11\/FB-joonis.jpg\"><br \/>\n <\/a><\/em><\/p>\n<p>&nbsp;<\/p>\n<p><img loading=\"lazy\" decoding=\"async\" class=\"aligncenter wp-image-52 size-full\" title=\"FB \u2013 Vertikaalne aurugeneraator\" src=\"http:\/\/steamgenerator.eu\/wp-content\/uploads\/2016\/11\/FB-tabel.jpg\" alt=\"FB \u2013 Vertikaalne aurugeneraator\" width=\"1072\" height=\"885\" srcset=\"https:\/\/steamgenerator.eu\/wp-content\/uploads\/2016\/11\/FB-tabel.jpg 1072w, https:\/\/steamgenerator.eu\/wp-content\/uploads\/2016\/11\/FB-tabel-300x248.jpg 300w, https:\/\/steamgenerator.eu\/wp-content\/uploads\/2016\/11\/FB-tabel-1030x850.jpg 1030w, https:\/\/steamgenerator.eu\/wp-content\/uploads\/2016\/11\/FB-tabel-768x634.jpg 768w, https:\/\/steamgenerator.eu\/wp-content\/uploads\/2016\/11\/FB-tabel-705x582.jpg 705w\" sizes=\"auto, (max-width: 1072px) 100vw, 1072px\" \/><\/p>\n<p style=\"text-align: center;\"><img loading=\"lazy\" decoding=\"async\" class=\"aligncenter size-full wp-image-306\" src=\"http:\/\/steamgenerator.eu\/wp-content\/uploads\/2016\/11\/hr_headline2.png\" alt=\"hr_headline2\" width=\"274\" height=\"50\" \/><\/p>\n<style type=\"text\/css\">\r\n\t#foogallery-gallery-31 .fg-image {\r\n        width: 80px;\r\n    }\r\n<\/style>\r\n\t\t\t\t<div class=\"foogallery foogallery-container foogallery-default foogallery-lightbox-foogallery fg-gutter-10 fg-center fg-default fg-light fg-border-thin fg-shadow-outline fg-loading-default fg-loaded-fade-in fg-caption-hover fg-hover-fade fg-hover-zoom fg-ready\" id=\"foogallery-gallery-31\" data-foogallery=\"{&quot;item&quot;:{&quot;showCaptionTitle&quot;:true,&quot;showCaptionDescription&quot;:true},&quot;lazy&quot;:true}\" data-foogallery-lightbox=\"{&quot;thumbs&quot;:&quot;bottom&quot;,&quot;thumbsCaptions&quot;:false,&quot;thumbsBestFit&quot;:false,&quot;thumbsSmall&quot;:false,&quot;thumbsCaptionsAlign&quot;:&quot;default&quot;,&quot;info&quot;:&quot;bottom&quot;,&quot;infoVisible&quot;:true,&quot;infoOverlay&quot;:true,&quot;infoAlign&quot;:&quot;default&quot;,&quot;transition&quot;:&quot;fade&quot;,&quot;hoverButtons&quot;:false,&quot;fitMedia&quot;:false,&quot;noScrollbars&quot;:true,&quot;preserveButtonSpace&quot;:true,&quot;buttons&quot;:{&quot;fullscreen&quot;:true,&quot;info&quot;:true,&quot;thumbs&quot;:false},&quot;video&quot;:{&quot;autoPlay&quot;:true}}\" >\r\n\t<div class=\"fg-item fg-type-image fg-idle\"><figure class=\"fg-item-inner\"><a href=\"https:\/\/steamgenerator.eu\/wp-content\/uploads\/2016\/11\/FB-1.jpg\" data-attachment-id=\"683\" data-type=\"image\" class=\"fg-thumb\"><span class=\"fg-image-wrap\"><img decoding=\"async\" alt=\"Vertikaalne aurugeneraator FB1 Katel, katlamaja, aurugeneraator\" width=\"80\" height=\"80\" class=\"skip-lazy fg-image\" data-src-fg=\"https:\/\/steamgenerator.eu\/wp-content\/uploads\/cache\/2016\/11\/FB-1\/3119142775.jpg\" src=\"data:image\/svg+xml,%3Csvg%20xmlns%3D%22http%3A%2F%2Fwww.w3.org%2F2000%2Fsvg%22%20width%3D%2280%22%20height%3D%2280%22%20viewBox%3D%220%200%2080%2080%22%3E%3C%2Fsvg%3E\" loading=\"eager\"><\/span><span class=\"fg-image-overlay\"><\/span><\/a><figcaption class=\"fg-caption\"><div class=\"fg-caption-inner\"><\/div><\/figcaption><\/figure><div class=\"fg-loader\"><\/div><\/div><div class=\"fg-item fg-type-image fg-idle\"><figure class=\"fg-item-inner\"><a href=\"https:\/\/steamgenerator.eu\/wp-content\/uploads\/2016\/11\/FB-2.jpg\" data-attachment-id=\"687\" data-type=\"image\" class=\"fg-thumb\"><span class=\"fg-image-wrap\"><img decoding=\"async\" alt=\"Vertikaalne aurugeneraator FB2 Katel, katlamaja, aurugeneraator\" width=\"80\" height=\"80\" class=\"skip-lazy fg-image\" data-src-fg=\"https:\/\/steamgenerator.eu\/wp-content\/uploads\/cache\/2016\/11\/FB-2\/1444244994.jpg\" src=\"data:image\/svg+xml,%3Csvg%20xmlns%3D%22http%3A%2F%2Fwww.w3.org%2F2000%2Fsvg%22%20width%3D%2280%22%20height%3D%2280%22%20viewBox%3D%220%200%2080%2080%22%3E%3C%2Fsvg%3E\" loading=\"eager\"><\/span><span class=\"fg-image-overlay\"><\/span><\/a><figcaption class=\"fg-caption\"><div class=\"fg-caption-inner\"><\/div><\/figcaption><\/figure><div class=\"fg-loader\"><\/div><\/div><div class=\"fg-item fg-type-image fg-idle\"><figure class=\"fg-item-inner\"><a href=\"https:\/\/steamgenerator.eu\/wp-content\/uploads\/2016\/11\/FB-3.jpg\" data-attachment-id=\"691\" data-type=\"image\" class=\"fg-thumb\"><span class=\"fg-image-wrap\"><img decoding=\"async\" alt=\"Vertikaalne aurugeneraator FB3 Katel, katlamaja, aurugeneraator\" width=\"80\" height=\"80\" class=\"skip-lazy fg-image\" data-src-fg=\"https:\/\/steamgenerator.eu\/wp-content\/uploads\/cache\/2016\/11\/FB-3\/1448139874.jpg\" src=\"data:image\/svg+xml,%3Csvg%20xmlns%3D%22http%3A%2F%2Fwww.w3.org%2F2000%2Fsvg%22%20width%3D%2280%22%20height%3D%2280%22%20viewBox%3D%220%200%2080%2080%22%3E%3C%2Fsvg%3E\" loading=\"eager\"><\/span><span class=\"fg-image-overlay\"><\/span><\/a><figcaption class=\"fg-caption\"><div class=\"fg-caption-inner\"><\/div><\/figcaption><\/figure><div class=\"fg-loader\"><\/div><\/div><div class=\"fg-item fg-type-image fg-idle\"><figure class=\"fg-item-inner\"><a href=\"https:\/\/steamgenerator.eu\/wp-content\/uploads\/2016\/11\/FB-6.jpg\" data-attachment-id=\"699\" data-type=\"image\" class=\"fg-thumb\"><span class=\"fg-image-wrap\"><img decoding=\"async\" alt=\"Vertikaalne aurugeneraator FB5 Katel, katlamaja, aurugeneraator\" width=\"80\" height=\"80\" class=\"skip-lazy fg-image\" data-src-fg=\"https:\/\/steamgenerator.eu\/wp-content\/uploads\/cache\/2016\/11\/FB-6\/3696275242.jpg\" src=\"data:image\/svg+xml,%3Csvg%20xmlns%3D%22http%3A%2F%2Fwww.w3.org%2F2000%2Fsvg%22%20width%3D%2280%22%20height%3D%2280%22%20viewBox%3D%220%200%2080%2080%22%3E%3C%2Fsvg%3E\" loading=\"eager\"><\/span><span class=\"fg-image-overlay\"><\/span><\/a><figcaption class=\"fg-caption\"><div class=\"fg-caption-inner\"><\/div><\/figcaption><\/figure><div class=\"fg-loader\"><\/div><\/div><div class=\"fg-item fg-type-image fg-idle\"><figure class=\"fg-item-inner\"><a href=\"https:\/\/steamgenerator.eu\/wp-content\/uploads\/2016\/11\/FB-9.jpg\" data-attachment-id=\"703\" data-type=\"image\" class=\"fg-thumb\"><span class=\"fg-image-wrap\"><img decoding=\"async\" alt=\"Vertikaalne aurugeneraator FB6 Katel, katlamaja, aurugeneraator\" width=\"80\" height=\"80\" class=\"skip-lazy fg-image\" data-src-fg=\"https:\/\/steamgenerator.eu\/wp-content\/uploads\/cache\/2016\/11\/FB-9\/4210005693.jpg\" src=\"data:image\/svg+xml,%3Csvg%20xmlns%3D%22http%3A%2F%2Fwww.w3.org%2F2000%2Fsvg%22%20width%3D%2280%22%20height%3D%2280%22%20viewBox%3D%220%200%2080%2080%22%3E%3C%2Fsvg%3E\" loading=\"eager\"><\/span><span class=\"fg-image-overlay\"><\/span><\/a><figcaption class=\"fg-caption\"><div class=\"fg-caption-inner\"><\/div><\/figcaption><\/figure><div class=\"fg-loader\"><\/div><\/div><div class=\"fg-item fg-type-image fg-idle\"><figure class=\"fg-item-inner\"><a href=\"https:\/\/steamgenerator.eu\/wp-content\/uploads\/2016\/11\/FB-10.jpg\" data-attachment-id=\"707\" data-type=\"image\" class=\"fg-thumb\"><span class=\"fg-image-wrap\"><img decoding=\"async\" alt=\"Vertikaalne aurugeneraator FB7 Katel, katlamaja, aurugeneraator\" width=\"80\" height=\"80\" class=\"skip-lazy fg-image\" data-src-fg=\"https:\/\/steamgenerator.eu\/wp-content\/uploads\/cache\/2016\/11\/FB-10\/2616626441.jpg\" src=\"data:image\/svg+xml,%3Csvg%20xmlns%3D%22http%3A%2F%2Fwww.w3.org%2F2000%2Fsvg%22%20width%3D%2280%22%20height%3D%2280%22%20viewBox%3D%220%200%2080%2080%22%3E%3C%2Fsvg%3E\" loading=\"eager\"><\/span><span class=\"fg-image-overlay\"><\/span><\/a><figcaption class=\"fg-caption\"><div class=\"fg-caption-inner\"><\/div><\/figcaption><\/figure><div class=\"fg-loader\"><\/div><\/div><div class=\"fg-item fg-type-image fg-idle\"><figure class=\"fg-item-inner\"><a href=\"https:\/\/steamgenerator.eu\/wp-content\/uploads\/2016\/11\/FB-11.jpg\" data-attachment-id=\"711\" data-type=\"image\" class=\"fg-thumb\"><span class=\"fg-image-wrap\"><img decoding=\"async\" alt=\"Vertikaalne aurugeneraator FB8 Katel, katlamaja, aurugeneraator\" width=\"80\" height=\"80\" class=\"skip-lazy fg-image\" data-src-fg=\"https:\/\/steamgenerator.eu\/wp-content\/uploads\/cache\/2016\/11\/FB-11\/227917118.jpg\" src=\"data:image\/svg+xml,%3Csvg%20xmlns%3D%22http%3A%2F%2Fwww.w3.org%2F2000%2Fsvg%22%20width%3D%2280%22%20height%3D%2280%22%20viewBox%3D%220%200%2080%2080%22%3E%3C%2Fsvg%3E\" loading=\"eager\"><\/span><span class=\"fg-image-overlay\"><\/span><\/a><figcaption class=\"fg-caption\"><div class=\"fg-caption-inner\"><\/div><\/figcaption><\/figure><div class=\"fg-loader\"><\/div><\/div><div class=\"fg-item fg-type-image fg-idle\"><figure class=\"fg-item-inner\"><a href=\"https:\/\/steamgenerator.eu\/wp-content\/uploads\/2016\/11\/FB-18.jpg\" data-attachment-id=\"715\" data-type=\"image\" class=\"fg-thumb\"><span class=\"fg-image-wrap\"><img decoding=\"async\" alt=\"Vertikaalne aurugeneraator FB9 Katel, katlamaja, aurugeneraator\" width=\"80\" height=\"80\" class=\"skip-lazy fg-image\" data-src-fg=\"https:\/\/steamgenerator.eu\/wp-content\/uploads\/cache\/2016\/11\/FB-18\/198697050.jpg\" src=\"data:image\/svg+xml,%3Csvg%20xmlns%3D%22http%3A%2F%2Fwww.w3.org%2F2000%2Fsvg%22%20width%3D%2280%22%20height%3D%2280%22%20viewBox%3D%220%200%2080%2080%22%3E%3C%2Fsvg%3E\" loading=\"eager\"><\/span><span class=\"fg-image-overlay\"><\/span><\/a><figcaption class=\"fg-caption\"><div class=\"fg-caption-inner\"><\/div><\/figcaption><\/figure><div class=\"fg-loader\"><\/div><\/div><div class=\"fg-item fg-type-image fg-idle\"><figure class=\"fg-item-inner\"><a href=\"https:\/\/steamgenerator.eu\/wp-content\/uploads\/2016\/11\/FB-19.jpg\" data-attachment-id=\"719\" data-type=\"image\" class=\"fg-thumb\"><span class=\"fg-image-wrap\"><img decoding=\"async\" alt=\"Vertikaalne aurugeneraator FB10 Katel, katlamaja, aurugeneraator\" width=\"80\" height=\"80\" class=\"skip-lazy fg-image\" data-src-fg=\"https:\/\/steamgenerator.eu\/wp-content\/uploads\/cache\/2016\/11\/FB-19\/3966380565.jpg\" src=\"data:image\/svg+xml,%3Csvg%20xmlns%3D%22http%3A%2F%2Fwww.w3.org%2F2000%2Fsvg%22%20width%3D%2280%22%20height%3D%2280%22%20viewBox%3D%220%200%2080%2080%22%3E%3C%2Fsvg%3E\" loading=\"eager\"><\/span><span class=\"fg-image-overlay\"><\/span><\/a><figcaption class=\"fg-caption\"><div class=\"fg-caption-inner\"><\/div><\/figcaption><\/figure><div class=\"fg-loader\"><\/div><\/div><div class=\"fg-item fg-type-image fg-idle\"><figure class=\"fg-item-inner\"><a href=\"https:\/\/steamgenerator.eu\/wp-content\/uploads\/2016\/11\/FB-4.jpg\" data-attachment-id=\"695\" data-type=\"image\" class=\"fg-thumb\"><span class=\"fg-image-wrap\"><img decoding=\"async\" alt=\"Vertikaalne aurugeneraator FB4 Katel, katlamaja, aurugeneraator\" width=\"80\" height=\"80\" class=\"skip-lazy fg-image\" data-src-fg=\"https:\/\/steamgenerator.eu\/wp-content\/uploads\/cache\/2016\/11\/FB-4\/1038478317.jpg\" src=\"data:image\/svg+xml,%3Csvg%20xmlns%3D%22http%3A%2F%2Fwww.w3.org%2F2000%2Fsvg%22%20width%3D%2280%22%20height%3D%2280%22%20viewBox%3D%220%200%2080%2080%22%3E%3C%2Fsvg%3E\" loading=\"eager\"><\/span><span class=\"fg-image-overlay\"><\/span><\/a><figcaption class=\"fg-caption\"><div class=\"fg-caption-inner\"><\/div><\/figcaption><\/figure><div class=\"fg-loader\"><\/div><\/div><\/div>\r\n\n","protected":false},"excerpt":{"rendered":"<p>FB \u2013 Vertik\u0101lais tvaika \u0123enerators Vertik\u0101l\u0101s cirkul\u0101cijas tvaika \u0123enerators ar diviem d\u016bmu izvadiem un augstu efektivit\u0101ti. Iek\u0161\u0113j\u0101 spir\u0101lveida caurule ir izgatavota no div\u0101m koncentrisk\u0101m P235GH t\u0113rauda caurul\u0113m. Visas iek\u0101rtas da\u013cas, kas darbojoties ir pak\u013cautas spiedienam,\u00a0ir izgatavotas saska\u0146\u0101 ar PED direkt\u012bvu 97\/23\/EK. Pateicoties \u012bpa\u0161ajam tvaika kolektora dizainam, mitr\u0101 tvaika daudzums samazin\u0101s. Tvaika \u0123eneratora korpuss ir izol\u0113ts [&hellip;]<\/p>\n","protected":false},"author":1,"featured_media":0,"parent":0,"menu_order":0,"comment_status":"closed","ping_status":"closed","template":"","meta":{"footnotes":""},"class_list":["post-405","page","type-page","status-publish","hentry"],"yoast_head":"<!-- This site is optimized with the Yoast SEO plugin v25.0 - https:\/\/yoast.com\/wordpress\/plugins\/seo\/ -->\n<title>FB \u2013 Vertik\u0101lais tvaika \u0123enerators<\/title>\n<meta name=\"description\" content=\"FB \u2013 Vertik\u0101lais tvaika \u0123enerators. Vertik\u0101l\u0101s cirkul\u0101cijas tvaika \u0123enerators ar diviem d\u016bmu izvadiem un augstu efektivit\u0101ti.\" \/>\n<meta name=\"robots\" content=\"index, follow, max-snippet:-1, max-image-preview:large, max-video-preview:-1\" \/>\n<link rel=\"canonical\" href=\"https:\/\/steamgenerator.eu\/lv\/fb-vertikalais-tvaika-generators\/\" \/>\n<meta property=\"og:locale\" content=\"lv_LV\" \/>\n<meta property=\"og:type\" content=\"article\" \/>\n<meta property=\"og:title\" content=\"FB \u2013 Vertik\u0101lais tvaika \u0123enerators\" \/>\n<meta property=\"og:description\" content=\"FB \u2013 Vertik\u0101lais tvaika \u0123enerators. Vertik\u0101l\u0101s cirkul\u0101cijas tvaika \u0123enerators ar diviem d\u016bmu izvadiem un augstu efektivit\u0101ti.\" \/>\n<meta property=\"og:url\" content=\"https:\/\/steamgenerator.eu\/lv\/fb-vertikalais-tvaika-generators\/\" \/>\n<meta property=\"og:site_name\" content=\"Sale of steam boiler plants\" \/>\n<meta property=\"article:modified_time\" content=\"2016-12-12T10:57:45+00:00\" \/>\n<meta property=\"og:image\" content=\"http:\/\/steamgenerator.eu\/wp-content\/uploads\/2016\/11\/hr_headline2.png\" \/>\n<meta name=\"twitter:card\" content=\"summary_large_image\" \/>\n<meta name=\"twitter:label1\" content=\"Est. reading time\" \/>\n\t<meta name=\"twitter:data1\" content=\"1 min\u016bte\" \/>\n<script type=\"application\/ld+json\" class=\"yoast-schema-graph\">{\"@context\":\"https:\/\/schema.org\",\"@graph\":[{\"@type\":\"WebPage\",\"@id\":\"https:\/\/steamgenerator.eu\/lv\/fb-vertikalais-tvaika-generators\/\",\"url\":\"https:\/\/steamgenerator.eu\/lv\/fb-vertikalais-tvaika-generators\/\",\"name\":\"FB \u2013 Vertik\u0101lais tvaika \u0123enerators\",\"isPartOf\":{\"@id\":\"https:\/\/www.steamgenerator.eu\/#website\"},\"primaryImageOfPage\":{\"@id\":\"https:\/\/steamgenerator.eu\/lv\/fb-vertikalais-tvaika-generators\/#primaryimage\"},\"image\":{\"@id\":\"https:\/\/steamgenerator.eu\/lv\/fb-vertikalais-tvaika-generators\/#primaryimage\"},\"thumbnailUrl\":\"http:\/\/steamgenerator.eu\/wp-content\/uploads\/2016\/11\/hr_headline2.png\",\"datePublished\":\"2016-12-12T10:55:41+00:00\",\"dateModified\":\"2016-12-12T10:57:45+00:00\",\"description\":\"FB \u2013 Vertik\u0101lais tvaika \u0123enerators. Vertik\u0101l\u0101s cirkul\u0101cijas tvaika \u0123enerators ar diviem d\u016bmu izvadiem un augstu efektivit\u0101ti.\",\"breadcrumb\":{\"@id\":\"https:\/\/steamgenerator.eu\/lv\/fb-vertikalais-tvaika-generators\/#breadcrumb\"},\"inLanguage\":\"lv-LV\",\"potentialAction\":[{\"@type\":\"ReadAction\",\"target\":[\"https:\/\/steamgenerator.eu\/lv\/fb-vertikalais-tvaika-generators\/\"]}]},{\"@type\":\"ImageObject\",\"inLanguage\":\"lv-LV\",\"@id\":\"https:\/\/steamgenerator.eu\/lv\/fb-vertikalais-tvaika-generators\/#primaryimage\",\"url\":\"http:\/\/steamgenerator.eu\/wp-content\/uploads\/2016\/11\/hr_headline2.png\",\"contentUrl\":\"http:\/\/steamgenerator.eu\/wp-content\/uploads\/2016\/11\/hr_headline2.png\"},{\"@type\":\"BreadcrumbList\",\"@id\":\"https:\/\/steamgenerator.eu\/lv\/fb-vertikalais-tvaika-generators\/#breadcrumb\",\"itemListElement\":[{\"@type\":\"ListItem\",\"position\":1,\"name\":\"Home\",\"item\":\"https:\/\/www.steamgenerator.eu\/lv\/\"},{\"@type\":\"ListItem\",\"position\":2,\"name\":\"FB \u2013 Vertik\u0101lais tvaika \u0123enerators\"}]},{\"@type\":\"WebSite\",\"@id\":\"https:\/\/www.steamgenerator.eu\/#website\",\"url\":\"https:\/\/www.steamgenerator.eu\/\",\"name\":\"Sale of steam boiler plants\",\"description\":\"Kateena O\u00dc\",\"potentialAction\":[{\"@type\":\"SearchAction\",\"target\":{\"@type\":\"EntryPoint\",\"urlTemplate\":\"https:\/\/www.steamgenerator.eu\/?s={search_term_string}\"},\"query-input\":{\"@type\":\"PropertyValueSpecification\",\"valueRequired\":true,\"valueName\":\"search_term_string\"}}],\"inLanguage\":\"lv-LV\"}]}<\/script>\n<!-- \/ Yoast SEO plugin. -->","yoast_head_json":{"title":"FB \u2013 Vertik\u0101lais tvaika \u0123enerators","description":"FB \u2013 Vertik\u0101lais tvaika \u0123enerators. Vertik\u0101l\u0101s cirkul\u0101cijas tvaika \u0123enerators ar diviem d\u016bmu izvadiem un augstu efektivit\u0101ti.","robots":{"index":"index","follow":"follow","max-snippet":"max-snippet:-1","max-image-preview":"max-image-preview:large","max-video-preview":"max-video-preview:-1"},"canonical":"https:\/\/steamgenerator.eu\/lv\/fb-vertikalais-tvaika-generators\/","og_locale":"lv_LV","og_type":"article","og_title":"FB \u2013 Vertik\u0101lais tvaika \u0123enerators","og_description":"FB \u2013 Vertik\u0101lais tvaika \u0123enerators. Vertik\u0101l\u0101s cirkul\u0101cijas tvaika \u0123enerators ar diviem d\u016bmu izvadiem un augstu efektivit\u0101ti.","og_url":"https:\/\/steamgenerator.eu\/lv\/fb-vertikalais-tvaika-generators\/","og_site_name":"Sale of steam boiler plants","article_modified_time":"2016-12-12T10:57:45+00:00","og_image":[{"url":"http:\/\/steamgenerator.eu\/wp-content\/uploads\/2016\/11\/hr_headline2.png","type":"","width":"","height":""}],"twitter_card":"summary_large_image","twitter_misc":{"Est. reading time":"1 min\u016bte"},"schema":{"@context":"https:\/\/schema.org","@graph":[{"@type":"WebPage","@id":"https:\/\/steamgenerator.eu\/lv\/fb-vertikalais-tvaika-generators\/","url":"https:\/\/steamgenerator.eu\/lv\/fb-vertikalais-tvaika-generators\/","name":"FB \u2013 Vertik\u0101lais tvaika \u0123enerators","isPartOf":{"@id":"https:\/\/www.steamgenerator.eu\/#website"},"primaryImageOfPage":{"@id":"https:\/\/steamgenerator.eu\/lv\/fb-vertikalais-tvaika-generators\/#primaryimage"},"image":{"@id":"https:\/\/steamgenerator.eu\/lv\/fb-vertikalais-tvaika-generators\/#primaryimage"},"thumbnailUrl":"http:\/\/steamgenerator.eu\/wp-content\/uploads\/2016\/11\/hr_headline2.png","datePublished":"2016-12-12T10:55:41+00:00","dateModified":"2016-12-12T10:57:45+00:00","description":"FB \u2013 Vertik\u0101lais tvaika \u0123enerators. Vertik\u0101l\u0101s cirkul\u0101cijas tvaika \u0123enerators ar diviem d\u016bmu izvadiem un augstu efektivit\u0101ti.","breadcrumb":{"@id":"https:\/\/steamgenerator.eu\/lv\/fb-vertikalais-tvaika-generators\/#breadcrumb"},"inLanguage":"lv-LV","potentialAction":[{"@type":"ReadAction","target":["https:\/\/steamgenerator.eu\/lv\/fb-vertikalais-tvaika-generators\/"]}]},{"@type":"ImageObject","inLanguage":"lv-LV","@id":"https:\/\/steamgenerator.eu\/lv\/fb-vertikalais-tvaika-generators\/#primaryimage","url":"http:\/\/steamgenerator.eu\/wp-content\/uploads\/2016\/11\/hr_headline2.png","contentUrl":"http:\/\/steamgenerator.eu\/wp-content\/uploads\/2016\/11\/hr_headline2.png"},{"@type":"BreadcrumbList","@id":"https:\/\/steamgenerator.eu\/lv\/fb-vertikalais-tvaika-generators\/#breadcrumb","itemListElement":[{"@type":"ListItem","position":1,"name":"Home","item":"https:\/\/www.steamgenerator.eu\/lv\/"},{"@type":"ListItem","position":2,"name":"FB \u2013 Vertik\u0101lais tvaika \u0123enerators"}]},{"@type":"WebSite","@id":"https:\/\/www.steamgenerator.eu\/#website","url":"https:\/\/www.steamgenerator.eu\/","name":"Sale of steam boiler plants","description":"Kateena O\u00dc","potentialAction":[{"@type":"SearchAction","target":{"@type":"EntryPoint","urlTemplate":"https:\/\/www.steamgenerator.eu\/?s={search_term_string}"},"query-input":{"@type":"PropertyValueSpecification","valueRequired":true,"valueName":"search_term_string"}}],"inLanguage":"lv-LV"}]}},"_links":{"self":[{"href":"https:\/\/steamgenerator.eu\/lv\/wp-json\/wp\/v2\/pages\/405","targetHints":{"allow":["GET"]}}],"collection":[{"href":"https:\/\/steamgenerator.eu\/lv\/wp-json\/wp\/v2\/pages"}],"about":[{"href":"https:\/\/steamgenerator.eu\/lv\/wp-json\/wp\/v2\/types\/page"}],"author":[{"embeddable":true,"href":"https:\/\/steamgenerator.eu\/lv\/wp-json\/wp\/v2\/users\/1"}],"replies":[{"embeddable":true,"href":"https:\/\/steamgenerator.eu\/lv\/wp-json\/wp\/v2\/comments?post=405"}],"version-history":[{"count":3,"href":"https:\/\/steamgenerator.eu\/lv\/wp-json\/wp\/v2\/pages\/405\/revisions"}],"predecessor-version":[{"id":408,"href":"https:\/\/steamgenerator.eu\/lv\/wp-json\/wp\/v2\/pages\/405\/revisions\/408"}],"wp:attachment":[{"href":"https:\/\/steamgenerator.eu\/lv\/wp-json\/wp\/v2\/media?parent=405"}],"curies":[{"name":"wp","href":"https:\/\/api.w.org\/{rel}","templated":true}]}}