{"id":402,"date":"2016-12-12T12:53:36","date_gmt":"2016-12-12T10:53:36","guid":{"rendered":"http:\/\/steamgenerator.eu\/lv\/?page_id=402"},"modified":"2016-12-12T13:28:49","modified_gmt":"2016-12-12T11:28:49","slug":"preces","status":"publish","type":"page","link":"https:\/\/steamgenerator.eu\/lv\/preces\/","title":{"rendered":"Preces"},"content":{"rendered":"<div class='flex_column_table av-av_one_third-201587a3cb27360f0e7f6c88d43151c7 sc-av_one_third av-equal-height-column-flextable'>\n<style type=\"text\/css\" data-created_by=\"avia_inline_auto\" id=\"style-css-av-av_one_third-201587a3cb27360f0e7f6c88d43151c7\">\n.flex_column.av-av_one_third-201587a3cb27360f0e7f6c88d43151c7{\nborder-radius:0px 0px 0px 0px;\npadding:0px 0px 0px 0px;\n}\n<\/style>\n<div  class='flex_column av-av_one_third-201587a3cb27360f0e7f6c88d43151c7 av_one_third  avia-builder-el-0  el_before_av_one_third  avia-builder-el-first  first flex_column_table_cell av-equal-height-column av-align-top av-zero-column-padding  '     ><p> \n<style type=\"text\/css\" data-created_by=\"avia_inline_auto\" id=\"style-css-av-av_image-25072794b92d1e910be70aab2e131450\">\n.avia-image-container.av-av_image-25072794b92d1e910be70aab2e131450 img.avia_image{\nbox-shadow:none;\n}\n.avia-image-container.av-av_image-25072794b92d1e910be70aab2e131450 .av-image-caption-overlay-center{\ncolor:#ffffff;\n}\n<\/style>\n<div  class='avia-image-container av-av_image-25072794b92d1e910be70aab2e131450 av-styling-no-styling av-img-linked avia_animated_image av-animated-when-visible-95 fade-in avia-align-center  avia-builder-el-1  el_before_av_textblock  avia-builder-el-first '   itemprop=\"image\" itemscope=\"itemscope\" itemtype=\"https:\/\/schema.org\/ImageObject\" ><div class=\"avia-image-container-inner\"><div class=\"avia-image-overlay-wrap\"><a href=\"https:\/\/steamgenerator.eu\/lv\/fb-vertikalais-tvaika-generators\/\" class='avia_image '  aria-label='vertikaalne-aurugeneraator-fb'><img decoding=\"async\" fetchpriority=\"high\" class='wp-image-809 avia-img-lazy-loading-not-809 avia_image ' src=\"https:\/\/steamgenerator.eu\/wp-content\/uploads\/2016\/11\/Vertikaalne-aurugeneraator-FB.jpg\" alt='' title='vertikaalne-aurugeneraator-fb'  height=\"375\" width=\"356\"  itemprop=\"thumbnailUrl\" srcset=\"https:\/\/steamgenerator.eu\/wp-content\/uploads\/2016\/11\/Vertikaalne-aurugeneraator-FB.jpg 356w, https:\/\/steamgenerator.eu\/wp-content\/uploads\/2016\/11\/Vertikaalne-aurugeneraator-FB-285x300.jpg 285w\" sizes=\"(max-width: 356px) 100vw, 356px\" \/><\/a><\/div><\/div><\/div><br \/>\n<section  class='av_textblock_section av-av_textblock-0366cc7376be6c9e82a3e9cc8987b64f '   itemscope=\"itemscope\" itemtype=\"https:\/\/schema.org\/CreativeWork\" ><div class='avia_textblock'  itemprop=\"text\" ><h4><a href=\"https:\/\/steamgenerator.eu\/lv\/fb-vertikalais-tvaika-generators\/\">FB \u2013 Vertik\u0101lais tvaika \u0123enerators<\/a><\/h4>\n<p>Divpak\u0101pju cirkul\u0101cijas tvaika \u0123enerators. Tvaika \u0123eneratora spir\u0101lveida caurule ir izgatavota no div\u0101m koncentrisk\u0101m P235GH t\u0113rauda caurul\u0113m.<\/p>\n<p><a href=\"https:\/\/steamgenerator.eu\/lv\/fb-vertikalais-tvaika-generators\/\">Skat\u012bt vair\u0101k \u00bb<\/a><\/p>\n<\/div><\/section><\/p><\/div>\n<div class='av-flex-placeholder'><\/div>\n<style type=\"text\/css\" data-created_by=\"avia_inline_auto\" id=\"style-css-av-av_one_third-f0fcb8bb41a234057e2267553906b5cb\">\n.flex_column.av-av_one_third-f0fcb8bb41a234057e2267553906b5cb{\nborder-radius:0px 0px 0px 0px;\npadding:0px 0px 0px 0px;\n}\n<\/style>\n<div  class='flex_column av-av_one_third-f0fcb8bb41a234057e2267553906b5cb av_one_third  avia-builder-el-3  el_after_av_one_third  el_before_av_one_third  flex_column_table_cell av-equal-height-column av-align-top av-zero-column-padding  '     ><p> \n<style type=\"text\/css\" data-created_by=\"avia_inline_auto\" id=\"style-css-av-av_image-38a6a1e8e32bca020facc2d48342e9fe\">\n.avia-image-container.av-av_image-38a6a1e8e32bca020facc2d48342e9fe img.avia_image{\nbox-shadow:none;\n}\n.avia-image-container.av-av_image-38a6a1e8e32bca020facc2d48342e9fe .av-image-caption-overlay-center{\ncolor:#ffffff;\n}\n<\/style>\n<div  class='avia-image-container av-av_image-38a6a1e8e32bca020facc2d48342e9fe av-styling-no-styling av-img-linked avia_animated_image av-animated-when-visible-95 fade-in avia-align-center  avia-builder-el-4  el_before_av_textblock  avia-builder-el-first '   itemprop=\"image\" itemscope=\"itemscope\" itemtype=\"https:\/\/schema.org\/ImageObject\" ><div class=\"avia-image-container-inner\"><div class=\"avia-image-overlay-wrap\"><a href=\"https:\/\/steamgenerator.eu\/lv\/horizontalais-tvaika-generators\/\" class='avia_image '  aria-label='horisontaalne-aurugeneraator-omg'><img decoding=\"async\" fetchpriority=\"high\" class='wp-image-813 avia-img-lazy-loading-not-813 avia_image ' src=\"https:\/\/steamgenerator.eu\/wp-content\/uploads\/2016\/11\/Horisontaalne-aurugeneraator-OMG.jpg\" alt='' title='horisontaalne-aurugeneraator-omg'  height=\"1200\" width=\"1141\"  itemprop=\"thumbnailUrl\" srcset=\"https:\/\/steamgenerator.eu\/wp-content\/uploads\/2016\/11\/Horisontaalne-aurugeneraator-OMG.jpg 1141w, https:\/\/steamgenerator.eu\/wp-content\/uploads\/2016\/11\/Horisontaalne-aurugeneraator-OMG-285x300.jpg 285w, https:\/\/steamgenerator.eu\/wp-content\/uploads\/2016\/11\/Horisontaalne-aurugeneraator-OMG-979x1030.jpg 979w, https:\/\/steamgenerator.eu\/wp-content\/uploads\/2016\/11\/Horisontaalne-aurugeneraator-OMG-768x808.jpg 768w, https:\/\/steamgenerator.eu\/wp-content\/uploads\/2016\/11\/Horisontaalne-aurugeneraator-OMG-670x705.jpg 670w\" sizes=\"(max-width: 1141px) 100vw, 1141px\" \/><\/a><\/div><\/div><\/div><br \/>\n<section  class='av_textblock_section av-av_textblock-0366cc7376be6c9e82a3e9cc8987b64f '   itemscope=\"itemscope\" itemtype=\"https:\/\/schema.org\/CreativeWork\" ><div class='avia_textblock'  itemprop=\"text\" ><h4><a href=\"https:\/\/steamgenerator.eu\/lv\/horizontalais-tvaika-generators\/\">OMG \u2013 Horizont\u0101lais tvaika \u0123enerators<\/a><\/h4>\n<p>Tr\u012bspak\u0101pju horizont\u0101l\u0101s cirkul\u0101cijas tvaika \u0123enerators. Tvaika \u0123eneratora spir\u0101lveida caurule ir izgatavota no div\u0101m koncentrisk\u0101m P235GH t\u0113rauda caurul\u0113m. 200-3000 kg\/h.<\/p>\n<p><a href=\"https:\/\/steamgenerator.eu\/lv\/horizontalais-tvaika-generators\/\">Skat\u012bt vair\u0101k \u00bb<\/a><\/p>\n<\/div><\/section><\/p><\/div>\n<div class='av-flex-placeholder'><\/div>\n<style type=\"text\/css\" data-created_by=\"avia_inline_auto\" id=\"style-css-av-av_one_third-f0fcb8bb41a234057e2267553906b5cb\">\n.flex_column.av-av_one_third-f0fcb8bb41a234057e2267553906b5cb{\nborder-radius:0px 0px 0px 0px;\npadding:0px 0px 0px 0px;\n}\n<\/style>\n<div  class='flex_column av-av_one_third-f0fcb8bb41a234057e2267553906b5cb av_one_third  avia-builder-el-6  el_after_av_one_third  el_before_av_one_third  flex_column_table_cell av-equal-height-column av-align-top av-zero-column-padding  '     ><p> \n<style type=\"text\/css\" data-created_by=\"avia_inline_auto\" id=\"style-css-av-av_image-bff8492edb0c4f95f28d32be49f4e7c1\">\n.avia-image-container.av-av_image-bff8492edb0c4f95f28d32be49f4e7c1 img.avia_image{\nbox-shadow:none;\n}\n.avia-image-container.av-av_image-bff8492edb0c4f95f28d32be49f4e7c1 .av-image-caption-overlay-center{\ncolor:#ffffff;\n}\n<\/style>\n<div  class='avia-image-container av-av_image-bff8492edb0c4f95f28d32be49f4e7c1 av-styling-no-styling av-img-linked avia_animated_image av-animated-when-visible-95 fade-in avia-align-center  avia-builder-el-7  el_before_av_textblock  avia-builder-el-first '   itemprop=\"image\" itemscope=\"itemscope\" itemtype=\"https:\/\/schema.org\/ImageObject\" ><div class=\"avia-image-container-inner\"><div class=\"avia-image-overlay-wrap\"><a href=\"https:\/\/steamgenerator.eu\/lv\/vertikalais-termalas-ellas-katls\/\" class='avia_image '  aria-label='termaalo%cc%83li-katel'><img decoding=\"async\" fetchpriority=\"high\" class='wp-image-817 avia-img-lazy-loading-not-817 avia_image ' src=\"https:\/\/steamgenerator.eu\/wp-content\/uploads\/2016\/11\/Termaalo\u0303li-katel.jpg\" alt='' title='termaalo%cc%83li-katel'  height=\"526\" width=\"500\"  itemprop=\"thumbnailUrl\" srcset=\"https:\/\/steamgenerator.eu\/wp-content\/uploads\/2016\/11\/Termaalo\u0303li-katel.jpg 500w, https:\/\/steamgenerator.eu\/wp-content\/uploads\/2016\/11\/Termaalo\u0303li-katel-285x300.jpg 285w\" sizes=\"(max-width: 500px) 100vw, 500px\" \/><\/a><\/div><\/div><\/div><br \/>\n<section  class='av_textblock_section av-av_textblock-0366cc7376be6c9e82a3e9cc8987b64f '   itemscope=\"itemscope\" itemtype=\"https:\/\/schema.org\/CreativeWork\" ><div class='avia_textblock'  itemprop=\"text\" ><h4><a href=\"https:\/\/steamgenerator.eu\/lv\/vertikalais-termalas-ellas-katls\/\">OMDV \u2013 Vertik\u0101lais term\u0101l\u0101s e\u013c\u013cas katls<\/a><\/h4>\n<p>Spir\u0101lveida caurule ir izgatavota no P235GH t\u0113rauda caurules.<\/p>\n<p><a href=\"https:\/\/steamgenerator.eu\/lv\/vertikalais-termalas-ellas-katls\/\">Skat\u012bt vair\u0101k \u00bb<\/a><\/p>\n<\/div><\/section><\/p><\/div><\/div><!--close column table wrapper. Autoclose: 1 -->\n<div class='flex_column_table av-av_one_third-201587a3cb27360f0e7f6c88d43151c7 sc-av_one_third av-equal-height-column-flextable'>\n<style type=\"text\/css\" data-created_by=\"avia_inline_auto\" id=\"style-css-av-av_one_third-201587a3cb27360f0e7f6c88d43151c7\">\n.flex_column.av-av_one_third-201587a3cb27360f0e7f6c88d43151c7{\nborder-radius:0px 0px 0px 0px;\npadding:0px 0px 0px 0px;\n}\n<\/style>\n<div  class='flex_column av-av_one_third-201587a3cb27360f0e7f6c88d43151c7 av_one_third  avia-builder-el-9  el_after_av_one_third  el_before_av_one_third  first flex_column_table_cell av-equal-height-column av-align-top av-zero-column-padding  column-top-margin'     ><p> \n<style type=\"text\/css\" data-created_by=\"avia_inline_auto\" id=\"style-css-av-av_image-531e5e3af70f1b19ea28f425a8f9357f\">\n.avia-image-container.av-av_image-531e5e3af70f1b19ea28f425a8f9357f img.avia_image{\nbox-shadow:none;\n}\n.avia-image-container.av-av_image-531e5e3af70f1b19ea28f425a8f9357f .av-image-caption-overlay-center{\ncolor:#ffffff;\n}\n<\/style>\n<div  class='avia-image-container av-av_image-531e5e3af70f1b19ea28f425a8f9357f av-styling- av-img-linked avia_animated_image av-animated-when-visible-95 fade-in avia-align-center  avia-builder-el-10  el_before_av_textblock  avia-builder-el-first '   itemprop=\"image\" itemscope=\"itemscope\" itemtype=\"https:\/\/schema.org\/ImageObject\" ><div class=\"avia-image-container-inner\"><div class=\"avia-image-overlay-wrap\"><a href=\"https:\/\/steamgenerator.eu\/lv\/horizontalais-tvaika-generators\/\" class='avia_image '  aria-label='OMD \u2013 Horisontaalne termaal\u00f5li katel'><img decoding=\"async\" fetchpriority=\"high\" class='wp-image-929 avia-img-lazy-loading-not-929 avia_image ' src=\"https:\/\/steamgenerator.eu\/wp-content\/uploads\/2016\/11\/OMD-1a.jpg\" alt='' title='OMD \u2013 Horisontaalne termaal\u00f5li katel'  height=\"375\" width=\"356\"  itemprop=\"thumbnailUrl\" srcset=\"https:\/\/steamgenerator.eu\/wp-content\/uploads\/2016\/11\/OMD-1a.jpg 356w, https:\/\/steamgenerator.eu\/wp-content\/uploads\/2016\/11\/OMD-1a-285x300.jpg 285w\" sizes=\"(max-width: 356px) 100vw, 356px\" \/><\/a><\/div><\/div><\/div><br \/>\n<section  class='av_textblock_section av-av_textblock-0366cc7376be6c9e82a3e9cc8987b64f '   itemscope=\"itemscope\" itemtype=\"https:\/\/schema.org\/CreativeWork\" ><div class='avia_textblock'  itemprop=\"text\" ><h4><a href=\"https:\/\/steamgenerator.eu\/lv\/horizontalais-termalas-ellas-katls\/\">OMD \u2013 Horizont\u0101lais term\u0101l\u0101s e\u013c\u013cas katls<\/a><\/h4>\n<p>Spir\u0101lveida caurule ir izgatavota no P235GH t\u0113rauda caurules.<\/p>\n<p><a href=\"https:\/\/steamgenerator.eu\/lv\/horizontalais-termalas-ellas-katls\/\">Skat\u012bt vair\u0101k \u00bb<\/a><\/p>\n<\/div><\/section><\/p><\/div>\n<div class='av-flex-placeholder'><\/div>\n<style type=\"text\/css\" data-created_by=\"avia_inline_auto\" id=\"style-css-av-av_one_third-f0fcb8bb41a234057e2267553906b5cb\">\n.flex_column.av-av_one_third-f0fcb8bb41a234057e2267553906b5cb{\nborder-radius:0px 0px 0px 0px;\npadding:0px 0px 0px 0px;\n}\n<\/style>\n<div  class='flex_column av-av_one_third-f0fcb8bb41a234057e2267553906b5cb av_one_third  avia-builder-el-12  el_after_av_one_third  el_before_av_one_third  flex_column_table_cell av-equal-height-column av-align-top av-zero-column-padding  column-top-margin'     ><p> \n<style type=\"text\/css\" data-created_by=\"avia_inline_auto\" id=\"style-css-av-av_image-db39fd71c656a9ceb6e3116482aa0cca\">\n.avia-image-container.av-av_image-db39fd71c656a9ceb6e3116482aa0cca img.avia_image{\nbox-shadow:none;\n}\n.avia-image-container.av-av_image-db39fd71c656a9ceb6e3116482aa0cca .av-image-caption-overlay-center{\ncolor:#ffffff;\n}\n<\/style>\n<div  class='avia-image-container av-av_image-db39fd71c656a9ceb6e3116482aa0cca av-styling-no-styling av-img-linked avia_animated_image av-animated-when-visible-95 fade-in avia-align-center  avia-builder-el-13  el_before_av_textblock  avia-builder-el-first '   itemprop=\"image\" itemscope=\"itemscope\" itemtype=\"https:\/\/schema.org\/ImageObject\" ><div class=\"avia-image-container-inner\"><div class=\"avia-image-overlay-wrap\"><a href=\"https:\/\/steamgenerator.eu\/lv\/konteinertipa-katlu-majas\/\" class='avia_image '  aria-label='konteinerkatlamaja'><img decoding=\"async\" fetchpriority=\"high\" class='wp-image-821 avia-img-lazy-loading-not-821 avia_image ' src=\"https:\/\/steamgenerator.eu\/wp-content\/uploads\/2016\/11\/Konteinerkatlamaja.jpg\" alt='' title='konteinerkatlamaja'  height=\"1350\" width=\"1283\"  itemprop=\"thumbnailUrl\" srcset=\"https:\/\/steamgenerator.eu\/wp-content\/uploads\/2016\/11\/Konteinerkatlamaja.jpg 1283w, https:\/\/steamgenerator.eu\/wp-content\/uploads\/2016\/11\/Konteinerkatlamaja-285x300.jpg 285w, https:\/\/steamgenerator.eu\/wp-content\/uploads\/2016\/11\/Konteinerkatlamaja-979x1030.jpg 979w, https:\/\/steamgenerator.eu\/wp-content\/uploads\/2016\/11\/Konteinerkatlamaja-768x808.jpg 768w, https:\/\/steamgenerator.eu\/wp-content\/uploads\/2016\/11\/Konteinerkatlamaja-670x705.jpg 670w\" sizes=\"(max-width: 1283px) 100vw, 1283px\" \/><\/a><\/div><\/div><\/div><br \/>\n<section  class='av_textblock_section av-av_textblock-0366cc7376be6c9e82a3e9cc8987b64f '   itemscope=\"itemscope\" itemtype=\"https:\/\/schema.org\/CreativeWork\" ><div class='avia_textblock'  itemprop=\"text\" ><h4><a href=\"https:\/\/steamgenerator.eu\/lv\/konteinertipa-katlu-majas\/\">Konteinertipa katlu m\u0101jas<\/a><\/h4>\n<p>Telpas ierobe\u017eojumu gad\u012bjum\u0101 izgatavojam tvaika katlu m\u0101ju izol\u0113t\u0101 j\u016bras konteiner\u0101.<\/p>\n<p><a href=\"https:\/\/steamgenerator.eu\/lv\/konteinertipa-katlu-majas\/\">Skat\u012bt vair\u0101k \u00bb<\/a><\/p>\n<\/div><\/section><\/p><\/div>\n<div class='av-flex-placeholder'><\/div>\n<style type=\"text\/css\" data-created_by=\"avia_inline_auto\" id=\"style-css-av-av_one_third-0aa7055fe62c3622faec82866afbaeb2\">\n.flex_column.av-av_one_third-0aa7055fe62c3622faec82866afbaeb2{\nborder-radius:0px 0px 0px 0px;\npadding:0px 0px 0px 0px;\n}\n<\/style>\n<div  class='flex_column av-av_one_third-0aa7055fe62c3622faec82866afbaeb2 av_one_third  avia-builder-el-15  el_after_av_one_third  el_before_av_one_full  flex_column_table_cell av-equal-height-column av-align-top av-zero-column-padding  column-top-margin'     ><\/div><\/div><!--close column table wrapper. Autoclose: 1 -->\n\n<style type=\"text\/css\" data-created_by=\"avia_inline_auto\" id=\"style-css-av-av_one_full-6126cab7d8fab8d08143dd2dacdf673c\">\n.flex_column.av-av_one_full-6126cab7d8fab8d08143dd2dacdf673c{\nborder-radius:0px 0px 0px 0px;\npadding:0px 0px 0px 0px;\n}\n<\/style>\n<div  class='flex_column av-av_one_full-6126cab7d8fab8d08143dd2dacdf673c av_one_full  avia-builder-el-16  el_after_av_one_third  avia-builder-el-last  first flex_column_div av-zero-column-padding  column-top-margin'     ><div  class='avia-button-wrap av-av_button-28c31b0e2e259ca71c23d167d3e3b102-wrap avia-button-center  avia-builder-el-17  avia-builder-el-no-sibling '>\n<style type=\"text\/css\" data-created_by=\"avia_inline_auto\" id=\"style-css-av-av_button-28c31b0e2e259ca71c23d167d3e3b102\">\n#top #wrap_all .avia-button.av-av_button-28c31b0e2e259ca71c23d167d3e3b102{\nbackground-color:#ed5c40;\nborder-color:#ed5c40;\ncolor:#ffffff;\ntransition:all 0.4s ease-in-out;\n}\n<\/style>\n<a href='https:\/\/steamgenerator.eu\/lv\/asukoht-kontaktid\/'  class='avia-button av-av_button-28c31b0e2e259ca71c23d167d3e3b102 av-link-btn avia-icon_select-no avia-size-x-large avia-position-center'   aria-label=\"Sazinieties ar mums\"><span class='avia_iconbox_title' >Sazinieties ar mums<\/span><\/a><\/div><\/div>\n","protected":false},"excerpt":{"rendered":"","protected":false},"author":1,"featured_media":0,"parent":0,"menu_order":0,"comment_status":"closed","ping_status":"closed","template":"","meta":{"footnotes":""},"class_list":["post-402","page","type-page","status-publish","hentry"],"yoast_head":"<!-- This site is optimized with the Yoast SEO plugin v25.0 - https:\/\/yoast.com\/wordpress\/plugins\/seo\/ -->\n<title>Vertik\u0101lais term\u0101l\u0101s e\u013c\u013cas katls. Horizont\u0101lais tvaika \u0123enerators<\/title>\n<meta name=\"description\" content=\"Horizont\u0101lais tvaika \u0123enerators. Vertik\u0101lais tvaika \u0123enerators. Vertik\u0101lais term\u0101l\u0101s e\u013c\u013cas katls. OMD \u2013 Horizont\u0101lais term\u0101l\u0101s e\u013c\u013cas katls.\" \/>\n<meta name=\"robots\" content=\"index, follow, max-snippet:-1, max-image-preview:large, max-video-preview:-1\" \/>\n<link rel=\"canonical\" href=\"https:\/\/steamgenerator.eu\/lv\/preces\/\" \/>\n<meta property=\"og:locale\" content=\"lv_LV\" \/>\n<meta property=\"og:type\" content=\"article\" \/>\n<meta property=\"og:title\" content=\"Vertik\u0101lais term\u0101l\u0101s e\u013c\u013cas katls. Horizont\u0101lais tvaika \u0123enerators\" \/>\n<meta property=\"og:description\" content=\"Horizont\u0101lais tvaika \u0123enerators. Vertik\u0101lais tvaika \u0123enerators. Vertik\u0101lais term\u0101l\u0101s e\u013c\u013cas katls. OMD \u2013 Horizont\u0101lais term\u0101l\u0101s e\u013c\u013cas katls.\" \/>\n<meta property=\"og:url\" content=\"https:\/\/steamgenerator.eu\/lv\/preces\/\" \/>\n<meta property=\"og:site_name\" content=\"Sale of steam boiler plants\" \/>\n<meta property=\"article:modified_time\" content=\"2016-12-12T11:28:49+00:00\" \/>\n<meta name=\"twitter:card\" content=\"summary_large_image\" \/>\n<meta name=\"twitter:label1\" content=\"Est. reading time\" \/>\n\t<meta name=\"twitter:data1\" content=\"4 min\u016btes\" \/>\n<script type=\"application\/ld+json\" class=\"yoast-schema-graph\">{\"@context\":\"https:\/\/schema.org\",\"@graph\":[{\"@type\":\"WebPage\",\"@id\":\"https:\/\/steamgenerator.eu\/lv\/preces\/\",\"url\":\"https:\/\/steamgenerator.eu\/lv\/preces\/\",\"name\":\"Vertik\u0101lais term\u0101l\u0101s e\u013c\u013cas katls. Horizont\u0101lais tvaika \u0123enerators\",\"isPartOf\":{\"@id\":\"https:\/\/www.steamgenerator.eu\/en\/#website\"},\"datePublished\":\"2016-12-12T10:53:36+00:00\",\"dateModified\":\"2016-12-12T11:28:49+00:00\",\"description\":\"Horizont\u0101lais tvaika \u0123enerators. Vertik\u0101lais tvaika \u0123enerators. Vertik\u0101lais term\u0101l\u0101s e\u013c\u013cas katls. OMD \u2013 Horizont\u0101lais term\u0101l\u0101s e\u013c\u013cas katls.\",\"breadcrumb\":{\"@id\":\"https:\/\/steamgenerator.eu\/lv\/preces\/#breadcrumb\"},\"inLanguage\":\"lv-LV\",\"potentialAction\":[{\"@type\":\"ReadAction\",\"target\":[\"https:\/\/steamgenerator.eu\/lv\/preces\/\"]}]},{\"@type\":\"BreadcrumbList\",\"@id\":\"https:\/\/steamgenerator.eu\/lv\/preces\/#breadcrumb\",\"itemListElement\":[{\"@type\":\"ListItem\",\"position\":1,\"name\":\"Home\",\"item\":\"https:\/\/steamgenerator.eu\/lv\/\"},{\"@type\":\"ListItem\",\"position\":2,\"name\":\"Preces\"}]},{\"@type\":\"WebSite\",\"@id\":\"https:\/\/www.steamgenerator.eu\/en\/#website\",\"url\":\"https:\/\/www.steamgenerator.eu\/en\/\",\"name\":\"Sale of steam boiler plants\",\"description\":\"Kateena O\u00dc\",\"potentialAction\":[{\"@type\":\"SearchAction\",\"target\":{\"@type\":\"EntryPoint\",\"urlTemplate\":\"https:\/\/www.steamgenerator.eu\/en\/?s={search_term_string}\"},\"query-input\":{\"@type\":\"PropertyValueSpecification\",\"valueRequired\":true,\"valueName\":\"search_term_string\"}}],\"inLanguage\":\"lv-LV\"}]}<\/script>\n<!-- \/ Yoast SEO plugin. -->","yoast_head_json":{"title":"Vertik\u0101lais term\u0101l\u0101s e\u013c\u013cas katls. Horizont\u0101lais tvaika \u0123enerators","description":"Horizont\u0101lais tvaika \u0123enerators. Vertik\u0101lais tvaika \u0123enerators. Vertik\u0101lais term\u0101l\u0101s e\u013c\u013cas katls. OMD \u2013 Horizont\u0101lais term\u0101l\u0101s e\u013c\u013cas katls.","robots":{"index":"index","follow":"follow","max-snippet":"max-snippet:-1","max-image-preview":"max-image-preview:large","max-video-preview":"max-video-preview:-1"},"canonical":"https:\/\/steamgenerator.eu\/lv\/preces\/","og_locale":"lv_LV","og_type":"article","og_title":"Vertik\u0101lais term\u0101l\u0101s e\u013c\u013cas katls. Horizont\u0101lais tvaika \u0123enerators","og_description":"Horizont\u0101lais tvaika \u0123enerators. Vertik\u0101lais tvaika \u0123enerators. Vertik\u0101lais term\u0101l\u0101s e\u013c\u013cas katls. OMD \u2013 Horizont\u0101lais term\u0101l\u0101s e\u013c\u013cas katls.","og_url":"https:\/\/steamgenerator.eu\/lv\/preces\/","og_site_name":"Sale of steam boiler plants","article_modified_time":"2016-12-12T11:28:49+00:00","twitter_card":"summary_large_image","twitter_misc":{"Est. reading time":"4 min\u016btes"},"schema":{"@context":"https:\/\/schema.org","@graph":[{"@type":"WebPage","@id":"https:\/\/steamgenerator.eu\/lv\/preces\/","url":"https:\/\/steamgenerator.eu\/lv\/preces\/","name":"Vertik\u0101lais term\u0101l\u0101s e\u013c\u013cas katls. Horizont\u0101lais tvaika \u0123enerators","isPartOf":{"@id":"https:\/\/www.steamgenerator.eu\/en\/#website"},"datePublished":"2016-12-12T10:53:36+00:00","dateModified":"2016-12-12T11:28:49+00:00","description":"Horizont\u0101lais tvaika \u0123enerators. Vertik\u0101lais tvaika \u0123enerators. Vertik\u0101lais term\u0101l\u0101s e\u013c\u013cas katls. OMD \u2013 Horizont\u0101lais term\u0101l\u0101s e\u013c\u013cas katls.","breadcrumb":{"@id":"https:\/\/steamgenerator.eu\/lv\/preces\/#breadcrumb"},"inLanguage":"lv-LV","potentialAction":[{"@type":"ReadAction","target":["https:\/\/steamgenerator.eu\/lv\/preces\/"]}]},{"@type":"BreadcrumbList","@id":"https:\/\/steamgenerator.eu\/lv\/preces\/#breadcrumb","itemListElement":[{"@type":"ListItem","position":1,"name":"Home","item":"https:\/\/steamgenerator.eu\/lv\/"},{"@type":"ListItem","position":2,"name":"Preces"}]},{"@type":"WebSite","@id":"https:\/\/www.steamgenerator.eu\/en\/#website","url":"https:\/\/www.steamgenerator.eu\/en\/","name":"Sale of steam boiler plants","description":"Kateena O\u00dc","potentialAction":[{"@type":"SearchAction","target":{"@type":"EntryPoint","urlTemplate":"https:\/\/www.steamgenerator.eu\/en\/?s={search_term_string}"},"query-input":{"@type":"PropertyValueSpecification","valueRequired":true,"valueName":"search_term_string"}}],"inLanguage":"lv-LV"}]}},"_links":{"self":[{"href":"https:\/\/steamgenerator.eu\/lv\/wp-json\/wp\/v2\/pages\/402","targetHints":{"allow":["GET"]}}],"collection":[{"href":"https:\/\/steamgenerator.eu\/lv\/wp-json\/wp\/v2\/pages"}],"about":[{"href":"https:\/\/steamgenerator.eu\/lv\/wp-json\/wp\/v2\/types\/page"}],"author":[{"embeddable":true,"href":"https:\/\/steamgenerator.eu\/lv\/wp-json\/wp\/v2\/users\/1"}],"replies":[{"embeddable":true,"href":"https:\/\/steamgenerator.eu\/lv\/wp-json\/wp\/v2\/comments?post=402"}],"version-history":[{"count":5,"href":"https:\/\/steamgenerator.eu\/lv\/wp-json\/wp\/v2\/pages\/402\/revisions"}],"predecessor-version":[{"id":1018,"href":"https:\/\/steamgenerator.eu\/lv\/wp-json\/wp\/v2\/pages\/402\/revisions\/1018"}],"wp:attachment":[{"href":"https:\/\/steamgenerator.eu\/lv\/wp-json\/wp\/v2\/media?parent=402"}],"curies":[{"name":"wp","href":"https:\/\/api.w.org\/{rel}","templated":true}]}}