{"id":400,"date":"2016-12-12T12:49:00","date_gmt":"2016-12-12T10:49:00","guid":{"rendered":"http:\/\/steamgenerator.eu\/?page_id=400&#038;lang=lv"},"modified":"2016-12-12T20:29:15","modified_gmt":"2016-12-12T18:29:15","slug":"par-uznemumu","status":"publish","type":"page","link":"https:\/\/steamgenerator.eu\/lv\/par-uznemumu\/","title":{"rendered":"Par uz\u0146\u0113mumu"},"content":{"rendered":"<h3 style=\"text-align: center;\">M\u016bsu darb\u012bbas jomas<\/h3>\n<p style=\"text-align: center;\"><img loading=\"lazy\" decoding=\"async\" class=\"aligncenter wp-image-306 size-full\" title=\"Aurugeneraatorid\" src=\"http:\/\/steamgenerator.eu\/wp-content\/uploads\/2016\/11\/hr_headline2.png\" alt=\"Aurugeneraatorid\" width=\"274\" height=\"50\" \/><\/p>\n<p>Kateena OU ir It\u0101lijas tvaika \u0123eneratoru ra\u017eot\u0101ja Gavardo Caldaie SRL ofici\u0101lais tirdzniec\u012bbas p\u0101rst\u0101vis Baltijas valst\u012bs. \u0160odien m\u016bsu iek\u0101rtas izmanto \u013coti daudzi uz\u0146\u0113mumi.<\/p>\n<p>M\u016bsu pied\u0101v\u0101tajiem tvaika \u0123eneratoriem ir sekojo\u0161as priek\u0161roc\u012bbas:<\/p>\n<ul>\n<li>\u0100tra \u016bdens iztvaiko\u0161ana spir\u0101lveida caurul\u0113<\/li>\n<li>Vertik\u0101lie (FB) un horizont\u0101lie (OMG) tvaika katli<\/li>\n<li>Tr\u012bspak\u0101pju kr\u0101sns konstrukcija<\/li>\n<li>Pla\u0161a, da\u017e\u0101du ra\u017eot\u0101ju pied\u0101v\u0101to deg\u013cu izv\u0113le<\/li>\n<li>Garant\u0113tais lietder\u012bbas koeficients 90%<\/li>\n<li>Spir\u0101lveida caurules materi\u0101ls P235GH<\/li>\n<li>Tvaika ra\u017eo\u0161ana l\u012bdz 3000kg\/h<\/li>\n<li>Divpak\u0101pju vai modul\u0113jo\u0161s darba process<\/li>\n<li>Padeves s\u016bknis darbojas l\u012bdz 105\u00b0C<\/li>\n<li>Danfoss dro\u0161\u012bbas autom\u0101tika<\/li>\n<li>Nav spr\u0101dziena riska<\/li>\n<li>Pie vis\u0101m sast\u0101vda\u013c\u0101m var \u0113rti un vienk\u0101r\u0161i piek\u013c\u016bt, k\u0101 ar\u012b veikt nepiecie\u0161amo deta\u013cu mai\u0146u<\/li>\n<li>Izmantoti tiek t\u0101di s\u016bk\u0146i un autom\u0101tika, kuru apkalpo\u0161anas izmaksas ir iev\u0113rojami maz\u0101kas, sal\u012bdzinot ar cit\u0101m alternat\u012bv\u0101m tirg\u016b.<\/li>\n<\/ul>\n<p>\u0160\u012bs priek\u0161roc\u012bbas nodro\u0161ina m\u016bsu tvaika \u0123eneratoru izmanto\u0161anas iesp\u0113jas \u013coti daudz\u0101s un da\u017e\u0101d\u0101s ra\u017eo\u0161anas nozar\u0113s.<\/p>\n<p>Tvaika \u0123eneratoru konstru\u0113\u0161an\u0101 tiek izmantotas kvalitat\u012bvas un pla\u0161i pieejamas deta\u013cas. Pateicoties tam, tiek mazin\u0101ts boj\u0101jumu risks un apkopes darbu apjoms.<\/p>\n<p>Nokomplekt\u0113ts tvaika \u0123enerators ir kompakts. T\u0101 s\u0101nos ir ra\u017eotn\u0113 uzst\u0101d\u012bts deglis, \u016bdens padeves s\u016bk\u0146i un vad\u012bbas pults. \u016adens padeves vien\u012bba atrodas uz atsevi\u0161\u0137a palikt\u0146a kop\u0101 ar \u016bdens tvertni un \u016bdens m\u012bkstin\u0101t\u0101ju. Pateicoties tam, ka tvaika \u0123eneratora galven\u0101s sast\u0101vda\u013cas ir savienotas jau ra\u017eotn\u0113, iek\u0101rtas uzst\u0101d\u012b\u0161anas darbi aiz\u0146em iev\u0113rojami maz\u0101k laika.\u00a0<\/p>\n<p>Tvaika \u0123eneratora korpuss ir izol\u0113ts ar akmens vati un p\u0101rkl\u0101ts ar ner\u016bs\u0113jo\u0161u sk\u0101rda pl\u0101ksni. Kr\u0101so\u0161anai tiek izmantota \u012bpa\u0161a pretkorozijas met\u0101la kr\u0101sa, lai vizu\u0101li tvaika \u0123enerators kalpotu ilg\u0101k.<\/p>\n<p>\u0160odien vair\u0101k nek\u0101 3000 ra\u017eotnes izmanto Gavardo Caldaie ra\u017eotos tvaika \u0123eneratorus.<\/p>\n<p style=\"text-align: center;\"><div  class='avia-button-wrap av-av_button-565b66805292320f69d667efce4c55da-wrap avia-button-left  avia-builder-el-0  avia-builder-el-no-sibling '>\n<style type=\"text\/css\" data-created_by=\"avia_inline_auto\" id=\"style-css-av-av_button-565b66805292320f69d667efce4c55da\">\n#top #wrap_all .avia-button.av-av_button-565b66805292320f69d667efce4c55da{\nbackground-color:#ff5842;\nborder-color:#ff5842;\ncolor:#ffffff;\ntransition:all 0.4s ease-in-out;\n}\n<\/style>\n<a href='https:\/\/steamgenerator.eu\/lv\/preces\/'  class='avia-button av-av_button-565b66805292320f69d667efce4c55da av-link-btn avia-icon_select-no avia-size-large avia-position-left'   aria-label=\"Skat\u012bt m\u016bsu produktus\"><span class='avia_iconbox_title' >Skat\u012bt m\u016bsu produktus<\/span><\/a><\/div><\/p>\n<p>&nbsp;<\/p>\n<h3 style=\"text-align: center;\">V\u0113sture<\/h3>\n<p style=\"text-align: center;\"><img loading=\"lazy\" decoding=\"async\" class=\"aligncenter size-full wp-image-306\" src=\"http:\/\/steamgenerator.eu\/wp-content\/uploads\/2016\/11\/hr_headline2.png\" alt=\"hr_headline2\" width=\"274\" height=\"50\" \/><\/p>\n<p>Uz\u0146\u0113mums Gavardo Caldaie tika dibin\u0101ts 1960. gad\u0101, uzs\u0101kot spir\u0101lveida cauru\u013cu ra\u017eo\u0161anu un labo\u0161anu.<\/p>\n<p>1965,gad\u0101 tika izgatavots pirmais vertik\u0101lais tvaika \u0123enerators (FB) un uz\u0146\u0113mums papla\u0161in\u0101ja savu darb\u012bbu, galvenok\u0101rt ra\u017eojot tvaika \u0123eneratorus ve\u013cas t\u012br\u012btav\u0101m. Pateicoties straujajai izaugsmei un att\u012bst\u012bbai, 1970.gad\u0101 uz\u0146\u0113mums s\u0101ka pied\u0101v\u0101t ar\u012b horizont\u0101los tvaika \u0123eneratorus (OMG).<\/p>\n<p>V\u0113l\u0101k pied\u0101v\u0101jums tika papildin\u0101ts ar horizont\u0101liem un vertik\u0101liem term\u0101l\u0101s e\u013c\u013cas \u0123eneratoriem (OMD, OMDV).<\/p>\n<p>&nbsp;<\/p>\n","protected":false},"excerpt":{"rendered":"<p>M\u016bsu darb\u012bbas jomas Kateena OU ir It\u0101lijas tvaika \u0123eneratoru ra\u017eot\u0101ja Gavardo Caldaie SRL ofici\u0101lais tirdzniec\u012bbas p\u0101rst\u0101vis Baltijas valst\u012bs. \u0160odien m\u016bsu iek\u0101rtas izmanto \u013coti daudzi uz\u0146\u0113mumi. M\u016bsu pied\u0101v\u0101tajiem tvaika \u0123eneratoriem ir sekojo\u0161as priek\u0161roc\u012bbas: \u0100tra \u016bdens iztvaiko\u0161ana spir\u0101lveida caurul\u0113 Vertik\u0101lie (FB) un horizont\u0101lie (OMG) tvaika katli Tr\u012bspak\u0101pju kr\u0101sns konstrukcija Pla\u0161a, da\u017e\u0101du ra\u017eot\u0101ju pied\u0101v\u0101to deg\u013cu izv\u0113le Garant\u0113tais lietder\u012bbas [&hellip;]<\/p>\n","protected":false},"author":1,"featured_media":0,"parent":0,"menu_order":0,"comment_status":"closed","ping_status":"closed","template":"","meta":{"footnotes":""},"class_list":["post-400","page","type-page","status-publish","hentry"],"yoast_head":"<!-- This site is optimized with the Yoast SEO plugin v25.0 - https:\/\/yoast.com\/wordpress\/plugins\/seo\/ -->\n<title>PAR UZ\u0145\u0112MUMU - Tvaika katlu m\u0101ju tirdzniec\u012bba<\/title>\n<meta name=\"description\" content=\"Tvaika katlu m\u0101ju tirdzniec\u012bba. Kateena OU ir It\u0101lijas tvaika \u0123eneratoru ra\u017eot\u0101ja Gavardo Caldaie SRL ofici\u0101lais tirdzniec\u012bbas p\u0101rst\u0101vis Baltijas valst\u012bs\" \/>\n<meta name=\"robots\" content=\"index, follow, max-snippet:-1, max-image-preview:large, max-video-preview:-1\" \/>\n<link rel=\"canonical\" href=\"https:\/\/www.steamgenerator.eu\/lv\/par-uznemumu\/\" \/>\n<meta property=\"og:locale\" content=\"lv_LV\" \/>\n<meta property=\"og:type\" content=\"article\" \/>\n<meta property=\"og:title\" content=\"PAR UZ\u0145\u0112MUMU - Tvaika katlu m\u0101ju tirdzniec\u012bba\" \/>\n<meta property=\"og:description\" content=\"Tvaika katlu m\u0101ju tirdzniec\u012bba. Kateena OU ir It\u0101lijas tvaika \u0123eneratoru ra\u017eot\u0101ja Gavardo Caldaie SRL ofici\u0101lais tirdzniec\u012bbas p\u0101rst\u0101vis Baltijas valst\u012bs\" \/>\n<meta property=\"og:url\" content=\"https:\/\/www.steamgenerator.eu\/lv\/par-uznemumu\/\" \/>\n<meta property=\"og:site_name\" content=\"Sale of steam boiler plants\" \/>\n<meta property=\"article:modified_time\" content=\"2016-12-12T18:29:15+00:00\" \/>\n<meta property=\"og:image\" content=\"http:\/\/steamgenerator.eu\/wp-content\/uploads\/2016\/11\/hr_headline2.png\" \/>\n<meta name=\"twitter:card\" content=\"summary_large_image\" \/>\n<meta name=\"twitter:label1\" content=\"Est. reading time\" \/>\n\t<meta name=\"twitter:data1\" content=\"2 min\u016btes\" \/>\n<script type=\"application\/ld+json\" class=\"yoast-schema-graph\">{\"@context\":\"https:\/\/schema.org\",\"@graph\":[{\"@type\":\"WebPage\",\"@id\":\"https:\/\/www.steamgenerator.eu\/lv\/par-uznemumu\/\",\"url\":\"https:\/\/www.steamgenerator.eu\/lv\/par-uznemumu\/\",\"name\":\"PAR UZ\u0145\u0112MUMU - Tvaika katlu m\u0101ju tirdzniec\u012bba\",\"isPartOf\":{\"@id\":\"https:\/\/www.steamgenerator.eu\/#website\"},\"primaryImageOfPage\":{\"@id\":\"https:\/\/www.steamgenerator.eu\/lv\/par-uznemumu\/#primaryimage\"},\"image\":{\"@id\":\"https:\/\/www.steamgenerator.eu\/lv\/par-uznemumu\/#primaryimage\"},\"thumbnailUrl\":\"http:\/\/steamgenerator.eu\/wp-content\/uploads\/2016\/11\/hr_headline2.png\",\"datePublished\":\"2016-12-12T10:49:00+00:00\",\"dateModified\":\"2016-12-12T18:29:15+00:00\",\"description\":\"Tvaika katlu m\u0101ju tirdzniec\u012bba. Kateena OU ir It\u0101lijas tvaika \u0123eneratoru ra\u017eot\u0101ja Gavardo Caldaie SRL ofici\u0101lais tirdzniec\u012bbas p\u0101rst\u0101vis Baltijas valst\u012bs\",\"breadcrumb\":{\"@id\":\"https:\/\/www.steamgenerator.eu\/lv\/par-uznemumu\/#breadcrumb\"},\"inLanguage\":\"lv-LV\",\"potentialAction\":[{\"@type\":\"ReadAction\",\"target\":[\"https:\/\/www.steamgenerator.eu\/lv\/par-uznemumu\/\"]}]},{\"@type\":\"ImageObject\",\"inLanguage\":\"lv-LV\",\"@id\":\"https:\/\/www.steamgenerator.eu\/lv\/par-uznemumu\/#primaryimage\",\"url\":\"http:\/\/steamgenerator.eu\/wp-content\/uploads\/2016\/11\/hr_headline2.png\",\"contentUrl\":\"http:\/\/steamgenerator.eu\/wp-content\/uploads\/2016\/11\/hr_headline2.png\"},{\"@type\":\"BreadcrumbList\",\"@id\":\"https:\/\/www.steamgenerator.eu\/lv\/par-uznemumu\/#breadcrumb\",\"itemListElement\":[{\"@type\":\"ListItem\",\"position\":1,\"name\":\"Home\",\"item\":\"https:\/\/www.steamgenerator.eu\/lv\/\"},{\"@type\":\"ListItem\",\"position\":2,\"name\":\"Par uz\u0146\u0113mumu\"}]},{\"@type\":\"WebSite\",\"@id\":\"https:\/\/www.steamgenerator.eu\/#website\",\"url\":\"https:\/\/www.steamgenerator.eu\/\",\"name\":\"Sale of steam boiler plants\",\"description\":\"Kateena O\u00dc\",\"potentialAction\":[{\"@type\":\"SearchAction\",\"target\":{\"@type\":\"EntryPoint\",\"urlTemplate\":\"https:\/\/www.steamgenerator.eu\/?s={search_term_string}\"},\"query-input\":{\"@type\":\"PropertyValueSpecification\",\"valueRequired\":true,\"valueName\":\"search_term_string\"}}],\"inLanguage\":\"lv-LV\"}]}<\/script>\n<!-- \/ Yoast SEO plugin. -->","yoast_head_json":{"title":"PAR UZ\u0145\u0112MUMU - Tvaika katlu m\u0101ju tirdzniec\u012bba","description":"Tvaika katlu m\u0101ju tirdzniec\u012bba. Kateena OU ir It\u0101lijas tvaika \u0123eneratoru ra\u017eot\u0101ja Gavardo Caldaie SRL ofici\u0101lais tirdzniec\u012bbas p\u0101rst\u0101vis Baltijas valst\u012bs","robots":{"index":"index","follow":"follow","max-snippet":"max-snippet:-1","max-image-preview":"max-image-preview:large","max-video-preview":"max-video-preview:-1"},"canonical":"https:\/\/www.steamgenerator.eu\/lv\/par-uznemumu\/","og_locale":"lv_LV","og_type":"article","og_title":"PAR UZ\u0145\u0112MUMU - Tvaika katlu m\u0101ju tirdzniec\u012bba","og_description":"Tvaika katlu m\u0101ju tirdzniec\u012bba. Kateena OU ir It\u0101lijas tvaika \u0123eneratoru ra\u017eot\u0101ja Gavardo Caldaie SRL ofici\u0101lais tirdzniec\u012bbas p\u0101rst\u0101vis Baltijas valst\u012bs","og_url":"https:\/\/www.steamgenerator.eu\/lv\/par-uznemumu\/","og_site_name":"Sale of steam boiler plants","article_modified_time":"2016-12-12T18:29:15+00:00","og_image":[{"url":"http:\/\/steamgenerator.eu\/wp-content\/uploads\/2016\/11\/hr_headline2.png","type":"","width":"","height":""}],"twitter_card":"summary_large_image","twitter_misc":{"Est. reading time":"2 min\u016btes"},"schema":{"@context":"https:\/\/schema.org","@graph":[{"@type":"WebPage","@id":"https:\/\/www.steamgenerator.eu\/lv\/par-uznemumu\/","url":"https:\/\/www.steamgenerator.eu\/lv\/par-uznemumu\/","name":"PAR UZ\u0145\u0112MUMU - Tvaika katlu m\u0101ju tirdzniec\u012bba","isPartOf":{"@id":"https:\/\/www.steamgenerator.eu\/#website"},"primaryImageOfPage":{"@id":"https:\/\/www.steamgenerator.eu\/lv\/par-uznemumu\/#primaryimage"},"image":{"@id":"https:\/\/www.steamgenerator.eu\/lv\/par-uznemumu\/#primaryimage"},"thumbnailUrl":"http:\/\/steamgenerator.eu\/wp-content\/uploads\/2016\/11\/hr_headline2.png","datePublished":"2016-12-12T10:49:00+00:00","dateModified":"2016-12-12T18:29:15+00:00","description":"Tvaika katlu m\u0101ju tirdzniec\u012bba. Kateena OU ir It\u0101lijas tvaika \u0123eneratoru ra\u017eot\u0101ja Gavardo Caldaie SRL ofici\u0101lais tirdzniec\u012bbas p\u0101rst\u0101vis Baltijas valst\u012bs","breadcrumb":{"@id":"https:\/\/www.steamgenerator.eu\/lv\/par-uznemumu\/#breadcrumb"},"inLanguage":"lv-LV","potentialAction":[{"@type":"ReadAction","target":["https:\/\/www.steamgenerator.eu\/lv\/par-uznemumu\/"]}]},{"@type":"ImageObject","inLanguage":"lv-LV","@id":"https:\/\/www.steamgenerator.eu\/lv\/par-uznemumu\/#primaryimage","url":"http:\/\/steamgenerator.eu\/wp-content\/uploads\/2016\/11\/hr_headline2.png","contentUrl":"http:\/\/steamgenerator.eu\/wp-content\/uploads\/2016\/11\/hr_headline2.png"},{"@type":"BreadcrumbList","@id":"https:\/\/www.steamgenerator.eu\/lv\/par-uznemumu\/#breadcrumb","itemListElement":[{"@type":"ListItem","position":1,"name":"Home","item":"https:\/\/www.steamgenerator.eu\/lv\/"},{"@type":"ListItem","position":2,"name":"Par uz\u0146\u0113mumu"}]},{"@type":"WebSite","@id":"https:\/\/www.steamgenerator.eu\/#website","url":"https:\/\/www.steamgenerator.eu\/","name":"Sale of steam boiler plants","description":"Kateena O\u00dc","potentialAction":[{"@type":"SearchAction","target":{"@type":"EntryPoint","urlTemplate":"https:\/\/www.steamgenerator.eu\/?s={search_term_string}"},"query-input":{"@type":"PropertyValueSpecification","valueRequired":true,"valueName":"search_term_string"}}],"inLanguage":"lv-LV"}]}},"_links":{"self":[{"href":"https:\/\/steamgenerator.eu\/lv\/wp-json\/wp\/v2\/pages\/400","targetHints":{"allow":["GET"]}}],"collection":[{"href":"https:\/\/steamgenerator.eu\/lv\/wp-json\/wp\/v2\/pages"}],"about":[{"href":"https:\/\/steamgenerator.eu\/lv\/wp-json\/wp\/v2\/types\/page"}],"author":[{"embeddable":true,"href":"https:\/\/steamgenerator.eu\/lv\/wp-json\/wp\/v2\/users\/1"}],"replies":[{"embeddable":true,"href":"https:\/\/steamgenerator.eu\/lv\/wp-json\/wp\/v2\/comments?post=400"}],"version-history":[{"count":4,"href":"https:\/\/steamgenerator.eu\/lv\/wp-json\/wp\/v2\/pages\/400\/revisions"}],"predecessor-version":[{"id":1017,"href":"https:\/\/steamgenerator.eu\/lv\/wp-json\/wp\/v2\/pages\/400\/revisions\/1017"}],"wp:attachment":[{"href":"https:\/\/steamgenerator.eu\/lv\/wp-json\/wp\/v2\/media?parent=400"}],"curies":[{"name":"wp","href":"https:\/\/api.w.org\/{rel}","templated":true}]}}