{"id":478,"date":"2016-12-12T20:42:07","date_gmt":"2016-12-12T18:42:07","guid":{"rendered":"http:\/\/steamgenerator.eu\/lt\/?page_id=478"},"modified":"2016-12-12T20:43:35","modified_gmt":"2016-12-12T18:43:35","slug":"irenginio-pasirinkimas","status":"publish","type":"page","link":"https:\/\/steamgenerator.eu\/lt\/irenginio-pasirinkimas\/","title":{"rendered":"\u012erenginio pasirinkimas"},"content":{"rendered":"\n<style type=\"text\/css\" data-created_by=\"avia_inline_auto\" id=\"style-css-av-av_one_half-6126cab7d8fab8d08143dd2dacdf673c\">\n.flex_column.av-av_one_half-6126cab7d8fab8d08143dd2dacdf673c{\nborder-radius:0px 0px 0px 0px;\npadding:0px 0px 0px 0px;\n}\n<\/style>\n<div  class='flex_column av-av_one_half-6126cab7d8fab8d08143dd2dacdf673c av_one_half  avia-builder-el-0  el_before_av_one_half  avia-builder-el-first  first flex_column_div av-zero-column-padding  '     ><section  class='av_textblock_section av-av_textblock-0366cc7376be6c9e82a3e9cc8987b64f '   itemscope=\"itemscope\" itemtype=\"https:\/\/schema.org\/CreativeWork\" ><div class='avia_textblock'  itemprop=\"text\" ><h3 style=\"text-align: center;\">\u012erenginio pasirinkimas<\/h3>\n<p style=\"text-align: center;\"><img loading=\"lazy\" decoding=\"async\" class=\"aligncenter size-full wp-image-306\" src=\"http:\/\/steamgenerator.eu\/wp-content\/uploads\/2016\/11\/hr_headline2.png\" alt=\"hr_headline2\" width=\"274\" height=\"50\" \/><\/p>\n<p>Gar\u0173 generatoriaus pradin\u0117s investicijos yra kur kas ma\u017eesn\u0117s nei gar\u0173 katilo. Gar\u0173 generatori\u0173 gamybos metu sunaudojama kur kas ma\u017eiau metalo, palyginus su garo katilais, jie yra kompakti\u0161kesni, reikia ma\u017eiau reguliavimo \u012frangos.<\/p>\n<p>Pasirenkant \u012frengin\u012f, klientui pirmiausia reikia atsi\u017evelgti \u012f garo poreik\u012f. Prie\u0161 darant paklausim\u0105, pra\u0161ome atsakyti \u012f toliau pateiktus klausimus:<\/p>\n<ul>\n<li>Garus naudojantis \u012frenginys (prietaisas);<\/li>\n<li>Garo vartojimas per minut\u0119, valand\u0105 (kg);<\/li>\n<li>Naudojam\u0173 gar\u0173 sl\u0117gis (barai);<\/li>\n<li>Reguliavimo skydas prie\u0161ais ar u\u017e garus naudojant\u012f \u012frengin\u012f;<\/li>\n<li>Naudojami degalai.<\/li>\n<\/ul>\n<p>M\u016bs\u0173 specialistui atsi\u0173skite paklausim\u0105 su atsakymais \u012f pateiktus klausimus.<\/p>\n<\/div><\/section><\/div>\n<style type=\"text\/css\" data-created_by=\"avia_inline_auto\" id=\"style-css-av-av_one_half-0aa7055fe62c3622faec82866afbaeb2\">\n.flex_column.av-av_one_half-0aa7055fe62c3622faec82866afbaeb2{\nborder-radius:0px 0px 0px 0px;\npadding:0px 0px 0px 0px;\n}\n<\/style>\n<div  class='flex_column av-av_one_half-0aa7055fe62c3622faec82866afbaeb2 av_one_half  avia-builder-el-2  el_after_av_one_half  avia-builder-el-last  flex_column_div av-zero-column-padding  '     ><section  class='av_textblock_section av-av_textblock-0366cc7376be6c9e82a3e9cc8987b64f '   itemscope=\"itemscope\" itemtype=\"https:\/\/schema.org\/CreativeWork\" ><div class='avia_textblock'  itemprop=\"text\" ><h3>Si\u0173sti paklausim\u0105<\/h3>\n<div class=\"caldera-grid\" id=\"caldera_form_1\" data-cf-ver=\"1.9.5\" data-cf-form-id=\"CF584eeef752e20\"><div id=\"caldera_notices_1\" data-spinner=\"https:\/\/steamgenerator.eu\/wp-admin\/images\/spinner.gif\"><\/div><form data-instance=\"1\" class=\"CF584eeef752e20 caldera_forms_form\" method=\"POST\" enctype=\"multipart\/form-data\" id=\"CF584eeef752e20_1\" data-form-id=\"CF584eeef752e20\" aria-label=\"\">\r\n<input type=\"hidden\" id=\"_cf_verify_CF584eeef752e20\" name=\"_cf_verify\" value=\"cb9064e5ce\"  data-nonce-time=\"1776361128\" \/><input type=\"hidden\" name=\"_wp_http_referer\" value=\"\/lt\/wp-json\/wp\/v2\/pages\/478\" \/><div id=\"cf2-CF584eeef752e20_1\"><\/div><input type=\"hidden\" name=\"_cf_frm_id\" value=\"CF584eeef752e20\">\r\n<input type=\"hidden\" name=\"_cf_frm_ct\" value=\"1\">\r\n<input type=\"hidden\" name=\"_cf_cr_pst\" value=\"478\">\r\n<div id=\"CF584eeef752e20_1-row-1\"  class=\"row  single\"><div  class=\"col-sm-0  single\"><\/div><\/div><\/form>\r\n<\/div>\r\n\n<p>\n<\/div><\/section><\/div><\/p>\n","protected":false},"excerpt":{"rendered":"","protected":false},"author":1,"featured_media":0,"parent":0,"menu_order":0,"comment_status":"closed","ping_status":"closed","template":"","meta":{"footnotes":""},"class_list":["post-478","page","type-page","status-publish","hentry"],"yoast_head":"<!-- This site is optimized with the Yoast SEO plugin v25.0 - https:\/\/yoast.com\/wordpress\/plugins\/seo\/ -->\n<title>\u012erenginio pasirinkimas - Garo katil\u0173 pardavimas | Kateena OU<\/title>\n<meta name=\"description\" content=\"Gar\u0173 generatori\u0173 gamybos metu sunaudojama kur kas ma\u017eiau metalo, palyginus su garo katilais, jie yra kompakti\u0161kesni, reikia ma\u017eiau reguliavimo \u012frangos.\" \/>\n<meta name=\"robots\" content=\"index, follow, max-snippet:-1, max-image-preview:large, max-video-preview:-1\" \/>\n<link rel=\"canonical\" href=\"https:\/\/steamgenerator.eu\/lt\/irenginio-pasirinkimas\/\" \/>\n<meta property=\"og:locale\" content=\"lt_LT\" \/>\n<meta property=\"og:type\" content=\"article\" \/>\n<meta property=\"og:title\" content=\"\u012erenginio pasirinkimas - Garo katil\u0173 pardavimas | Kateena OU\" \/>\n<meta property=\"og:description\" content=\"Gar\u0173 generatori\u0173 gamybos metu sunaudojama kur kas ma\u017eiau metalo, palyginus su garo katilais, jie yra kompakti\u0161kesni, reikia ma\u017eiau reguliavimo \u012frangos.\" \/>\n<meta property=\"og:url\" content=\"https:\/\/steamgenerator.eu\/lt\/irenginio-pasirinkimas\/\" \/>\n<meta property=\"og:site_name\" content=\"Sale of steam boiler plants\" \/>\n<meta property=\"article:modified_time\" content=\"2016-12-12T18:43:35+00:00\" \/>\n<meta property=\"og:image\" content=\"http:\/\/steamgenerator.eu\/wp-content\/uploads\/2016\/11\/hr_headline2.png\" \/>\n<meta name=\"twitter:card\" content=\"summary_large_image\" \/>\n<meta name=\"twitter:label1\" content=\"Est. reading time\" \/>\n\t<meta name=\"twitter:data1\" content=\"1 minut\u0117\" \/>\n<script type=\"application\/ld+json\" class=\"yoast-schema-graph\">{\"@context\":\"https:\/\/schema.org\",\"@graph\":[{\"@type\":\"WebPage\",\"@id\":\"https:\/\/steamgenerator.eu\/lt\/irenginio-pasirinkimas\/\",\"url\":\"https:\/\/steamgenerator.eu\/lt\/irenginio-pasirinkimas\/\",\"name\":\"\u012erenginio pasirinkimas - Garo katil\u0173 pardavimas | Kateena OU\",\"isPartOf\":{\"@id\":\"https:\/\/www.steamgenerator.eu\/ru\/#website\"},\"primaryImageOfPage\":{\"@id\":\"https:\/\/steamgenerator.eu\/lt\/irenginio-pasirinkimas\/#primaryimage\"},\"image\":{\"@id\":\"https:\/\/steamgenerator.eu\/lt\/irenginio-pasirinkimas\/#primaryimage\"},\"thumbnailUrl\":\"http:\/\/steamgenerator.eu\/wp-content\/uploads\/2016\/11\/hr_headline2.png\",\"datePublished\":\"2016-12-12T18:42:07+00:00\",\"dateModified\":\"2016-12-12T18:43:35+00:00\",\"description\":\"Gar\u0173 generatori\u0173 gamybos metu sunaudojama kur kas ma\u017eiau metalo, palyginus su garo katilais, jie yra kompakti\u0161kesni, reikia ma\u017eiau reguliavimo \u012frangos.\",\"breadcrumb\":{\"@id\":\"https:\/\/steamgenerator.eu\/lt\/irenginio-pasirinkimas\/#breadcrumb\"},\"inLanguage\":\"lt-LT\",\"potentialAction\":[{\"@type\":\"ReadAction\",\"target\":[\"https:\/\/steamgenerator.eu\/lt\/irenginio-pasirinkimas\/\"]}]},{\"@type\":\"ImageObject\",\"inLanguage\":\"lt-LT\",\"@id\":\"https:\/\/steamgenerator.eu\/lt\/irenginio-pasirinkimas\/#primaryimage\",\"url\":\"http:\/\/steamgenerator.eu\/wp-content\/uploads\/2016\/11\/hr_headline2.png\",\"contentUrl\":\"http:\/\/steamgenerator.eu\/wp-content\/uploads\/2016\/11\/hr_headline2.png\"},{\"@type\":\"BreadcrumbList\",\"@id\":\"https:\/\/steamgenerator.eu\/lt\/irenginio-pasirinkimas\/#breadcrumb\",\"itemListElement\":[{\"@type\":\"ListItem\",\"position\":1,\"name\":\"Home\",\"item\":\"https:\/\/www.steamgenerator.eu\/lt\/\"},{\"@type\":\"ListItem\",\"position\":2,\"name\":\"\u012erenginio pasirinkimas\"}]},{\"@type\":\"WebSite\",\"@id\":\"https:\/\/www.steamgenerator.eu\/ru\/#website\",\"url\":\"https:\/\/www.steamgenerator.eu\/ru\/\",\"name\":\"Sale of steam boiler plants\",\"description\":\"Kateena O\u00dc\",\"potentialAction\":[{\"@type\":\"SearchAction\",\"target\":{\"@type\":\"EntryPoint\",\"urlTemplate\":\"https:\/\/www.steamgenerator.eu\/ru\/?s={search_term_string}\"},\"query-input\":{\"@type\":\"PropertyValueSpecification\",\"valueRequired\":true,\"valueName\":\"search_term_string\"}}],\"inLanguage\":\"lt-LT\"}]}<\/script>\n<!-- \/ Yoast SEO plugin. -->","yoast_head_json":{"title":"\u012erenginio pasirinkimas - Garo katil\u0173 pardavimas | Kateena OU","description":"Gar\u0173 generatori\u0173 gamybos metu sunaudojama kur kas ma\u017eiau metalo, palyginus su garo katilais, jie yra kompakti\u0161kesni, reikia ma\u017eiau reguliavimo \u012frangos.","robots":{"index":"index","follow":"follow","max-snippet":"max-snippet:-1","max-image-preview":"max-image-preview:large","max-video-preview":"max-video-preview:-1"},"canonical":"https:\/\/steamgenerator.eu\/lt\/irenginio-pasirinkimas\/","og_locale":"lt_LT","og_type":"article","og_title":"\u012erenginio pasirinkimas - Garo katil\u0173 pardavimas | Kateena OU","og_description":"Gar\u0173 generatori\u0173 gamybos metu sunaudojama kur kas ma\u017eiau metalo, palyginus su garo katilais, jie yra kompakti\u0161kesni, reikia ma\u017eiau reguliavimo \u012frangos.","og_url":"https:\/\/steamgenerator.eu\/lt\/irenginio-pasirinkimas\/","og_site_name":"Sale of steam boiler plants","article_modified_time":"2016-12-12T18:43:35+00:00","og_image":[{"url":"http:\/\/steamgenerator.eu\/wp-content\/uploads\/2016\/11\/hr_headline2.png","type":"","width":"","height":""}],"twitter_card":"summary_large_image","twitter_misc":{"Est. reading time":"1 minut\u0117"},"schema":{"@context":"https:\/\/schema.org","@graph":[{"@type":"WebPage","@id":"https:\/\/steamgenerator.eu\/lt\/irenginio-pasirinkimas\/","url":"https:\/\/steamgenerator.eu\/lt\/irenginio-pasirinkimas\/","name":"\u012erenginio pasirinkimas - Garo katil\u0173 pardavimas | Kateena OU","isPartOf":{"@id":"https:\/\/www.steamgenerator.eu\/ru\/#website"},"primaryImageOfPage":{"@id":"https:\/\/steamgenerator.eu\/lt\/irenginio-pasirinkimas\/#primaryimage"},"image":{"@id":"https:\/\/steamgenerator.eu\/lt\/irenginio-pasirinkimas\/#primaryimage"},"thumbnailUrl":"http:\/\/steamgenerator.eu\/wp-content\/uploads\/2016\/11\/hr_headline2.png","datePublished":"2016-12-12T18:42:07+00:00","dateModified":"2016-12-12T18:43:35+00:00","description":"Gar\u0173 generatori\u0173 gamybos metu sunaudojama kur kas ma\u017eiau metalo, palyginus su garo katilais, jie yra kompakti\u0161kesni, reikia ma\u017eiau reguliavimo \u012frangos.","breadcrumb":{"@id":"https:\/\/steamgenerator.eu\/lt\/irenginio-pasirinkimas\/#breadcrumb"},"inLanguage":"lt-LT","potentialAction":[{"@type":"ReadAction","target":["https:\/\/steamgenerator.eu\/lt\/irenginio-pasirinkimas\/"]}]},{"@type":"ImageObject","inLanguage":"lt-LT","@id":"https:\/\/steamgenerator.eu\/lt\/irenginio-pasirinkimas\/#primaryimage","url":"http:\/\/steamgenerator.eu\/wp-content\/uploads\/2016\/11\/hr_headline2.png","contentUrl":"http:\/\/steamgenerator.eu\/wp-content\/uploads\/2016\/11\/hr_headline2.png"},{"@type":"BreadcrumbList","@id":"https:\/\/steamgenerator.eu\/lt\/irenginio-pasirinkimas\/#breadcrumb","itemListElement":[{"@type":"ListItem","position":1,"name":"Home","item":"https:\/\/www.steamgenerator.eu\/lt\/"},{"@type":"ListItem","position":2,"name":"\u012erenginio pasirinkimas"}]},{"@type":"WebSite","@id":"https:\/\/www.steamgenerator.eu\/ru\/#website","url":"https:\/\/www.steamgenerator.eu\/ru\/","name":"Sale of steam boiler plants","description":"Kateena O\u00dc","potentialAction":[{"@type":"SearchAction","target":{"@type":"EntryPoint","urlTemplate":"https:\/\/www.steamgenerator.eu\/ru\/?s={search_term_string}"},"query-input":{"@type":"PropertyValueSpecification","valueRequired":true,"valueName":"search_term_string"}}],"inLanguage":"lt-LT"}]}},"_links":{"self":[{"href":"https:\/\/steamgenerator.eu\/lt\/wp-json\/wp\/v2\/pages\/478","targetHints":{"allow":["GET"]}}],"collection":[{"href":"https:\/\/steamgenerator.eu\/lt\/wp-json\/wp\/v2\/pages"}],"about":[{"href":"https:\/\/steamgenerator.eu\/lt\/wp-json\/wp\/v2\/types\/page"}],"author":[{"embeddable":true,"href":"https:\/\/steamgenerator.eu\/lt\/wp-json\/wp\/v2\/users\/1"}],"replies":[{"embeddable":true,"href":"https:\/\/steamgenerator.eu\/lt\/wp-json\/wp\/v2\/comments?post=478"}],"version-history":[{"count":2,"href":"https:\/\/steamgenerator.eu\/lt\/wp-json\/wp\/v2\/pages\/478\/revisions"}],"predecessor-version":[{"id":480,"href":"https:\/\/steamgenerator.eu\/lt\/wp-json\/wp\/v2\/pages\/478\/revisions\/480"}],"wp:attachment":[{"href":"https:\/\/steamgenerator.eu\/lt\/wp-json\/wp\/v2\/media?parent=478"}],"curies":[{"name":"wp","href":"https:\/\/api.w.org\/{rel}","templated":true}]}}