{"id":476,"date":"2016-12-12T20:38:24","date_gmt":"2016-12-12T18:38:24","guid":{"rendered":"http:\/\/steamgenerator.eu\/lt\/?page_id=476"},"modified":"2016-12-12T20:38:24","modified_gmt":"2016-12-12T18:38:24","slug":"konteinerines-katilines","status":"publish","type":"page","link":"https:\/\/steamgenerator.eu\/lt\/konteinerines-katilines\/","title":{"rendered":"Konteinerin\u0117s katilin\u0117s"},"content":{"rendered":"<h3 style=\"text-align: center;\">Konteinerin\u0117s katilin\u0117s<\/h3>\n<p>Jeigu patalpos yra ma\u017eos, si\u016blome \u012fsigyti \u012f j\u016brinius konteinerius \u012fmontuotus garo katilus.<\/p>\n<p>Jeigu patalpos yra nedidel\u0117s, si\u016blome \u012f j\u016brinius konteinerius \u012fmontuotus garo katilus. Izoliuota \u012f konteiner\u012f \u012fmontuota katilin\u0117 atitinka visas s\u0105lygas ir puikiai veikia \u0161altomis s\u0105lygomis.<\/p>\n<p>Esant standartiniam sprendimui, \u012f konteiner\u012f yra montuojamas gar\u0173 generatorius su papildomais \u012frengimais (paduodamo vandens talpa, vandens mink\u0161tinimo skyriumi, paduodamo vandens siurbliais, gar\u0173 mazgu). Visos komunikacijos (garai, vanduo, elektra, dujos, kanalas) yra tvirtinamos prie konteinerio sienos. Klientui tereikia prijungti objektui reikalingas komunikacijas.<\/p>\n<p style=\"text-align: center;\"><img loading=\"lazy\" decoding=\"async\" class=\"aligncenter size-full wp-image-306\" src=\"http:\/\/steamgenerator.eu\/wp-content\/uploads\/2016\/11\/hr_headline2.png\" alt=\"hr_headline2\" width=\"274\" height=\"50\" \/><\/p>\n<style type=\"text\/css\">\r\n\t#foogallery-gallery-90 .fg-image {\r\n        width: 80px;\r\n    }\r\n<\/style>\r\n\t\t\t\t<div class=\"foogallery foogallery-container foogallery-default foogallery-lightbox-none fg-gutter-10 fg-center fg-default fg-light fg-border-thin fg-shadow-outline fg-loading-default fg-loaded-fade-in fg-caption-hover fg-hover-fade fg-hover-zoom fg-ready\" id=\"foogallery-gallery-90\" data-foogallery=\"{&quot;item&quot;:{&quot;showCaptionTitle&quot;:true,&quot;showCaptionDescription&quot;:true},&quot;lazy&quot;:true}\" >\r\n\t<div class=\"fg-item fg-type-image fg-idle\"><figure class=\"fg-item-inner\"><a href=\"https:\/\/www.steamgenerator.eu\/wp-content\/uploads\/2016\/11\/1.jpg\" data-attachment-id=\"774\" data-type=\"image\" class=\"fg-thumb\"><span class=\"fg-image-wrap\"><img decoding=\"async\" alt=\"Konteinerkatlamaja 1, katlamaja, aurugeneraator\" width=\"80\" height=\"80\" class=\"skip-lazy fg-image\" data-src-fg=\"https:\/\/www.steamgenerator.eu\/wp-content\/uploads\/cache\/2016\/11\/1\/1351180756.jpg\" src=\"data:image\/svg+xml,%3Csvg%20xmlns%3D%22http%3A%2F%2Fwww.w3.org%2F2000%2Fsvg%22%20width%3D%2280%22%20height%3D%2280%22%20viewBox%3D%220%200%2080%2080%22%3E%3C%2Fsvg%3E\" loading=\"eager\"><\/span><span class=\"fg-image-overlay\"><\/span><\/a><figcaption class=\"fg-caption\"><div class=\"fg-caption-inner\"><\/div><\/figcaption><\/figure><div class=\"fg-loader\"><\/div><\/div><div class=\"fg-item fg-type-image fg-idle\"><figure class=\"fg-item-inner\"><a href=\"https:\/\/www.steamgenerator.eu\/wp-content\/uploads\/2016\/11\/2.jpg\" data-attachment-id=\"778\" data-type=\"image\" class=\"fg-thumb\"><span class=\"fg-image-wrap\"><img decoding=\"async\" alt=\"Konteinerkatlamaja 2 Konteinerkatlamaja 1, katlamaja, aurugeneraator\" width=\"80\" height=\"80\" class=\"skip-lazy fg-image\" data-src-fg=\"https:\/\/www.steamgenerator.eu\/wp-content\/uploads\/cache\/2016\/11\/2\/828141238.jpg\" src=\"data:image\/svg+xml,%3Csvg%20xmlns%3D%22http%3A%2F%2Fwww.w3.org%2F2000%2Fsvg%22%20width%3D%2280%22%20height%3D%2280%22%20viewBox%3D%220%200%2080%2080%22%3E%3C%2Fsvg%3E\" loading=\"eager\"><\/span><span class=\"fg-image-overlay\"><\/span><\/a><figcaption class=\"fg-caption\"><div class=\"fg-caption-inner\"><\/div><\/figcaption><\/figure><div class=\"fg-loader\"><\/div><\/div><div class=\"fg-item fg-type-image fg-idle\"><figure class=\"fg-item-inner\"><a href=\"https:\/\/www.steamgenerator.eu\/wp-content\/uploads\/2016\/11\/3.jpg\" data-attachment-id=\"782\" data-type=\"image\" class=\"fg-thumb\"><span class=\"fg-image-wrap\"><img decoding=\"async\" alt=\"Konteinerkatlamaja 3 Konteinerkatlamaja 1, katlamaja, aurugeneraator\" width=\"80\" height=\"80\" class=\"skip-lazy fg-image\" data-src-fg=\"https:\/\/www.steamgenerator.eu\/wp-content\/uploads\/cache\/2016\/11\/3\/3653611832.jpg\" src=\"data:image\/svg+xml,%3Csvg%20xmlns%3D%22http%3A%2F%2Fwww.w3.org%2F2000%2Fsvg%22%20width%3D%2280%22%20height%3D%2280%22%20viewBox%3D%220%200%2080%2080%22%3E%3C%2Fsvg%3E\" loading=\"eager\"><\/span><span class=\"fg-image-overlay\"><\/span><\/a><figcaption class=\"fg-caption\"><div class=\"fg-caption-inner\"><\/div><\/figcaption><\/figure><div class=\"fg-loader\"><\/div><\/div><div class=\"fg-item fg-type-image fg-idle\"><figure class=\"fg-item-inner\"><a href=\"https:\/\/www.steamgenerator.eu\/wp-content\/uploads\/2016\/11\/4.jpg\" data-attachment-id=\"786\" data-type=\"image\" class=\"fg-thumb\"><span class=\"fg-image-wrap\"><img decoding=\"async\" alt=\"Konteinerkatlamaja 4 Konteinerkatlamaja 1, katlamaja, aurugeneraator, aurukatel\" width=\"80\" height=\"80\" class=\"skip-lazy fg-image\" data-src-fg=\"https:\/\/www.steamgenerator.eu\/wp-content\/uploads\/cache\/2016\/11\/4\/2311667806.jpg\" src=\"data:image\/svg+xml,%3Csvg%20xmlns%3D%22http%3A%2F%2Fwww.w3.org%2F2000%2Fsvg%22%20width%3D%2280%22%20height%3D%2280%22%20viewBox%3D%220%200%2080%2080%22%3E%3C%2Fsvg%3E\" loading=\"eager\"><\/span><span class=\"fg-image-overlay\"><\/span><\/a><figcaption class=\"fg-caption\"><div class=\"fg-caption-inner\"><\/div><\/figcaption><\/figure><div class=\"fg-loader\"><\/div><\/div><div class=\"fg-item fg-type-image fg-idle\"><figure class=\"fg-item-inner\"><a href=\"https:\/\/www.steamgenerator.eu\/wp-content\/uploads\/2016\/11\/5.jpg\" data-attachment-id=\"790\" data-type=\"image\" class=\"fg-thumb\"><span class=\"fg-image-wrap\"><img decoding=\"async\" alt=\"Konteinerkatlamaja 5 katlamaja, aurugeneraator, aurukatel\" width=\"80\" height=\"80\" class=\"skip-lazy fg-image\" data-src-fg=\"https:\/\/www.steamgenerator.eu\/wp-content\/uploads\/cache\/2016\/11\/5\/2576527205.jpg\" src=\"data:image\/svg+xml,%3Csvg%20xmlns%3D%22http%3A%2F%2Fwww.w3.org%2F2000%2Fsvg%22%20width%3D%2280%22%20height%3D%2280%22%20viewBox%3D%220%200%2080%2080%22%3E%3C%2Fsvg%3E\" loading=\"eager\"><\/span><span class=\"fg-image-overlay\"><\/span><\/a><figcaption class=\"fg-caption\"><div class=\"fg-caption-inner\"><\/div><\/figcaption><\/figure><div class=\"fg-loader\"><\/div><\/div><div class=\"fg-item fg-type-image fg-idle\"><figure class=\"fg-item-inner\"><a href=\"https:\/\/www.steamgenerator.eu\/wp-content\/uploads\/2016\/11\/6.jpg\" data-attachment-id=\"794\" data-type=\"image\" class=\"fg-thumb\"><span class=\"fg-image-wrap\"><img decoding=\"async\" alt=\"Konteinerkatlamaja 6 katlamaja, aurugeneraator, aurukatel\" width=\"80\" height=\"80\" class=\"skip-lazy fg-image\" data-src-fg=\"https:\/\/www.steamgenerator.eu\/wp-content\/uploads\/cache\/2016\/11\/6\/1305759993.jpg\" src=\"data:image\/svg+xml,%3Csvg%20xmlns%3D%22http%3A%2F%2Fwww.w3.org%2F2000%2Fsvg%22%20width%3D%2280%22%20height%3D%2280%22%20viewBox%3D%220%200%2080%2080%22%3E%3C%2Fsvg%3E\" loading=\"eager\"><\/span><span class=\"fg-image-overlay\"><\/span><\/a><figcaption class=\"fg-caption\"><div class=\"fg-caption-inner\"><\/div><\/figcaption><\/figure><div class=\"fg-loader\"><\/div><\/div><div class=\"fg-item fg-type-image fg-idle\"><figure class=\"fg-item-inner\"><a href=\"https:\/\/www.steamgenerator.eu\/wp-content\/uploads\/2016\/11\/7.jpg\" data-attachment-id=\"798\" data-type=\"image\" class=\"fg-thumb\"><span class=\"fg-image-wrap\"><img decoding=\"async\" alt=\"Konteinerkatlamaja 7 katlamaja, aurugeneraator, aurukatel\" width=\"80\" height=\"80\" class=\"skip-lazy fg-image\" data-src-fg=\"https:\/\/www.steamgenerator.eu\/wp-content\/uploads\/cache\/2016\/11\/7\/1847875814.jpg\" src=\"data:image\/svg+xml,%3Csvg%20xmlns%3D%22http%3A%2F%2Fwww.w3.org%2F2000%2Fsvg%22%20width%3D%2280%22%20height%3D%2280%22%20viewBox%3D%220%200%2080%2080%22%3E%3C%2Fsvg%3E\" loading=\"eager\"><\/span><span class=\"fg-image-overlay\"><\/span><\/a><figcaption class=\"fg-caption\"><div class=\"fg-caption-inner\"><\/div><\/figcaption><\/figure><div class=\"fg-loader\"><\/div><\/div><div class=\"fg-item fg-type-image fg-idle\"><figure class=\"fg-item-inner\"><a href=\"https:\/\/www.steamgenerator.eu\/wp-content\/uploads\/2016\/11\/centrali-termiche-7.jpg\" data-attachment-id=\"802\" data-type=\"image\" class=\"fg-thumb\"><span class=\"fg-image-wrap\"><img decoding=\"async\" alt=\"Konteinerkatlamaja 8 katlamaja, aurugeneraator, aurukatel\" width=\"80\" height=\"80\" class=\"skip-lazy fg-image\" data-src-fg=\"https:\/\/www.steamgenerator.eu\/wp-content\/uploads\/cache\/2016\/11\/centrali-termiche-7\/1511336449.jpg\" src=\"data:image\/svg+xml,%3Csvg%20xmlns%3D%22http%3A%2F%2Fwww.w3.org%2F2000%2Fsvg%22%20width%3D%2280%22%20height%3D%2280%22%20viewBox%3D%220%200%2080%2080%22%3E%3C%2Fsvg%3E\" loading=\"eager\"><\/span><span class=\"fg-image-overlay\"><\/span><\/a><figcaption class=\"fg-caption\"><div class=\"fg-caption-inner\"><\/div><\/figcaption><\/figure><div class=\"fg-loader\"><\/div><\/div><div class=\"fg-item fg-type-image fg-idle\"><figure class=\"fg-item-inner\"><a href=\"https:\/\/www.steamgenerator.eu\/wp-content\/uploads\/2016\/11\/centrali-termiche-8.jpg\" data-attachment-id=\"806\" data-type=\"image\" class=\"fg-thumb\"><span class=\"fg-image-wrap\"><img decoding=\"async\" alt=\"Konteinerkatlamaja 9 katlamaja, aurugeneraator, aurukatel\" width=\"80\" height=\"80\" class=\"skip-lazy fg-image\" data-src-fg=\"https:\/\/www.steamgenerator.eu\/wp-content\/uploads\/cache\/2016\/11\/centrali-termiche-8\/3261386364.jpg\" src=\"data:image\/svg+xml,%3Csvg%20xmlns%3D%22http%3A%2F%2Fwww.w3.org%2F2000%2Fsvg%22%20width%3D%2280%22%20height%3D%2280%22%20viewBox%3D%220%200%2080%2080%22%3E%3C%2Fsvg%3E\" loading=\"eager\"><\/span><span class=\"fg-image-overlay\"><\/span><\/a><figcaption class=\"fg-caption\"><div class=\"fg-caption-inner\"><\/div><\/figcaption><\/figure><div class=\"fg-loader\"><\/div><\/div><\/div>\r\n\n","protected":false},"excerpt":{"rendered":"<p>Konteinerin\u0117s katilin\u0117s Jeigu patalpos yra ma\u017eos, si\u016blome \u012fsigyti \u012f j\u016brinius konteinerius \u012fmontuotus garo katilus. Jeigu patalpos yra nedidel\u0117s, si\u016blome \u012f j\u016brinius konteinerius \u012fmontuotus garo katilus. Izoliuota \u012f konteiner\u012f \u012fmontuota katilin\u0117 atitinka visas s\u0105lygas ir puikiai veikia \u0161altomis s\u0105lygomis. Esant standartiniam sprendimui, \u012f konteiner\u012f yra montuojamas gar\u0173 generatorius su papildomais \u012frengimais (paduodamo vandens talpa, vandens mink\u0161tinimo [&hellip;]<\/p>\n","protected":false},"author":1,"featured_media":0,"parent":0,"menu_order":0,"comment_status":"closed","ping_status":"closed","template":"","meta":{"footnotes":""},"class_list":["post-476","page","type-page","status-publish","hentry"],"yoast_head":"<!-- This site is optimized with the Yoast SEO plugin v25.0 - https:\/\/yoast.com\/wordpress\/plugins\/seo\/ -->\n<title>Konteinerin\u0117s katilin\u0117s - Kateena OU<\/title>\n<meta name=\"description\" content=\"Konteinerin\u0117s katilin\u0117s. Jeigu patalpos yra ma\u017eos, si\u016blome \u012fsigyti \u012f j\u016brinius konteinerius \u012fmontuotus garo katilus. Daugiau informacijos...\" \/>\n<meta name=\"robots\" content=\"index, follow, max-snippet:-1, max-image-preview:large, max-video-preview:-1\" \/>\n<link rel=\"canonical\" href=\"https:\/\/steamgenerator.eu\/lt\/konteinerines-katilines\/\" \/>\n<meta property=\"og:locale\" content=\"lt_LT\" \/>\n<meta property=\"og:type\" content=\"article\" \/>\n<meta property=\"og:title\" content=\"Konteinerin\u0117s katilin\u0117s - Kateena OU\" \/>\n<meta property=\"og:description\" content=\"Konteinerin\u0117s katilin\u0117s. Jeigu patalpos yra ma\u017eos, si\u016blome \u012fsigyti \u012f j\u016brinius konteinerius \u012fmontuotus garo katilus. Daugiau informacijos...\" \/>\n<meta property=\"og:url\" content=\"https:\/\/steamgenerator.eu\/lt\/konteinerines-katilines\/\" \/>\n<meta property=\"og:site_name\" content=\"Sale of steam boiler plants\" \/>\n<meta property=\"og:image\" content=\"http:\/\/steamgenerator.eu\/wp-content\/uploads\/2016\/11\/hr_headline2.png\" \/>\n<meta name=\"twitter:card\" content=\"summary_large_image\" \/>\n<script type=\"application\/ld+json\" class=\"yoast-schema-graph\">{\"@context\":\"https:\/\/schema.org\",\"@graph\":[{\"@type\":\"WebPage\",\"@id\":\"https:\/\/steamgenerator.eu\/lt\/konteinerines-katilines\/\",\"url\":\"https:\/\/steamgenerator.eu\/lt\/konteinerines-katilines\/\",\"name\":\"Konteinerin\u0117s katilin\u0117s - Kateena OU\",\"isPartOf\":{\"@id\":\"https:\/\/steamgenerator.eu\/#website\"},\"primaryImageOfPage\":{\"@id\":\"https:\/\/steamgenerator.eu\/lt\/konteinerines-katilines\/#primaryimage\"},\"image\":{\"@id\":\"https:\/\/steamgenerator.eu\/lt\/konteinerines-katilines\/#primaryimage\"},\"thumbnailUrl\":\"http:\/\/steamgenerator.eu\/wp-content\/uploads\/2016\/11\/hr_headline2.png\",\"datePublished\":\"2016-12-12T18:38:24+00:00\",\"description\":\"Konteinerin\u0117s katilin\u0117s. Jeigu patalpos yra ma\u017eos, si\u016blome \u012fsigyti \u012f j\u016brinius konteinerius \u012fmontuotus garo katilus. Daugiau informacijos...\",\"breadcrumb\":{\"@id\":\"https:\/\/steamgenerator.eu\/lt\/konteinerines-katilines\/#breadcrumb\"},\"inLanguage\":\"lt-LT\",\"potentialAction\":[{\"@type\":\"ReadAction\",\"target\":[\"https:\/\/steamgenerator.eu\/lt\/konteinerines-katilines\/\"]}]},{\"@type\":\"ImageObject\",\"inLanguage\":\"lt-LT\",\"@id\":\"https:\/\/steamgenerator.eu\/lt\/konteinerines-katilines\/#primaryimage\",\"url\":\"http:\/\/steamgenerator.eu\/wp-content\/uploads\/2016\/11\/hr_headline2.png\",\"contentUrl\":\"http:\/\/steamgenerator.eu\/wp-content\/uploads\/2016\/11\/hr_headline2.png\"},{\"@type\":\"BreadcrumbList\",\"@id\":\"https:\/\/steamgenerator.eu\/lt\/konteinerines-katilines\/#breadcrumb\",\"itemListElement\":[{\"@type\":\"ListItem\",\"position\":1,\"name\":\"Home\",\"item\":\"https:\/\/www.steamgenerator.eu\/lt\/\"},{\"@type\":\"ListItem\",\"position\":2,\"name\":\"Konteinerin\u0117s katilin\u0117s\"}]},{\"@type\":\"WebSite\",\"@id\":\"https:\/\/steamgenerator.eu\/#website\",\"url\":\"https:\/\/steamgenerator.eu\/\",\"name\":\"Sale of steam boiler plants\",\"description\":\"Kateena O\u00dc\",\"potentialAction\":[{\"@type\":\"SearchAction\",\"target\":{\"@type\":\"EntryPoint\",\"urlTemplate\":\"https:\/\/steamgenerator.eu\/?s={search_term_string}\"},\"query-input\":{\"@type\":\"PropertyValueSpecification\",\"valueRequired\":true,\"valueName\":\"search_term_string\"}}],\"inLanguage\":\"lt-LT\"}]}<\/script>\n<!-- \/ Yoast SEO plugin. -->","yoast_head_json":{"title":"Konteinerin\u0117s katilin\u0117s - Kateena OU","description":"Konteinerin\u0117s katilin\u0117s. Jeigu patalpos yra ma\u017eos, si\u016blome \u012fsigyti \u012f j\u016brinius konteinerius \u012fmontuotus garo katilus. Daugiau informacijos...","robots":{"index":"index","follow":"follow","max-snippet":"max-snippet:-1","max-image-preview":"max-image-preview:large","max-video-preview":"max-video-preview:-1"},"canonical":"https:\/\/steamgenerator.eu\/lt\/konteinerines-katilines\/","og_locale":"lt_LT","og_type":"article","og_title":"Konteinerin\u0117s katilin\u0117s - Kateena OU","og_description":"Konteinerin\u0117s katilin\u0117s. Jeigu patalpos yra ma\u017eos, si\u016blome \u012fsigyti \u012f j\u016brinius konteinerius \u012fmontuotus garo katilus. Daugiau informacijos...","og_url":"https:\/\/steamgenerator.eu\/lt\/konteinerines-katilines\/","og_site_name":"Sale of steam boiler plants","og_image":[{"url":"http:\/\/steamgenerator.eu\/wp-content\/uploads\/2016\/11\/hr_headline2.png","type":"","width":"","height":""}],"twitter_card":"summary_large_image","schema":{"@context":"https:\/\/schema.org","@graph":[{"@type":"WebPage","@id":"https:\/\/steamgenerator.eu\/lt\/konteinerines-katilines\/","url":"https:\/\/steamgenerator.eu\/lt\/konteinerines-katilines\/","name":"Konteinerin\u0117s katilin\u0117s - Kateena OU","isPartOf":{"@id":"https:\/\/steamgenerator.eu\/#website"},"primaryImageOfPage":{"@id":"https:\/\/steamgenerator.eu\/lt\/konteinerines-katilines\/#primaryimage"},"image":{"@id":"https:\/\/steamgenerator.eu\/lt\/konteinerines-katilines\/#primaryimage"},"thumbnailUrl":"http:\/\/steamgenerator.eu\/wp-content\/uploads\/2016\/11\/hr_headline2.png","datePublished":"2016-12-12T18:38:24+00:00","description":"Konteinerin\u0117s katilin\u0117s. Jeigu patalpos yra ma\u017eos, si\u016blome \u012fsigyti \u012f j\u016brinius konteinerius \u012fmontuotus garo katilus. Daugiau informacijos...","breadcrumb":{"@id":"https:\/\/steamgenerator.eu\/lt\/konteinerines-katilines\/#breadcrumb"},"inLanguage":"lt-LT","potentialAction":[{"@type":"ReadAction","target":["https:\/\/steamgenerator.eu\/lt\/konteinerines-katilines\/"]}]},{"@type":"ImageObject","inLanguage":"lt-LT","@id":"https:\/\/steamgenerator.eu\/lt\/konteinerines-katilines\/#primaryimage","url":"http:\/\/steamgenerator.eu\/wp-content\/uploads\/2016\/11\/hr_headline2.png","contentUrl":"http:\/\/steamgenerator.eu\/wp-content\/uploads\/2016\/11\/hr_headline2.png"},{"@type":"BreadcrumbList","@id":"https:\/\/steamgenerator.eu\/lt\/konteinerines-katilines\/#breadcrumb","itemListElement":[{"@type":"ListItem","position":1,"name":"Home","item":"https:\/\/www.steamgenerator.eu\/lt\/"},{"@type":"ListItem","position":2,"name":"Konteinerin\u0117s katilin\u0117s"}]},{"@type":"WebSite","@id":"https:\/\/steamgenerator.eu\/#website","url":"https:\/\/steamgenerator.eu\/","name":"Sale of steam boiler plants","description":"Kateena O\u00dc","potentialAction":[{"@type":"SearchAction","target":{"@type":"EntryPoint","urlTemplate":"https:\/\/steamgenerator.eu\/?s={search_term_string}"},"query-input":{"@type":"PropertyValueSpecification","valueRequired":true,"valueName":"search_term_string"}}],"inLanguage":"lt-LT"}]}},"_links":{"self":[{"href":"https:\/\/steamgenerator.eu\/lt\/wp-json\/wp\/v2\/pages\/476","targetHints":{"allow":["GET"]}}],"collection":[{"href":"https:\/\/steamgenerator.eu\/lt\/wp-json\/wp\/v2\/pages"}],"about":[{"href":"https:\/\/steamgenerator.eu\/lt\/wp-json\/wp\/v2\/types\/page"}],"author":[{"embeddable":true,"href":"https:\/\/steamgenerator.eu\/lt\/wp-json\/wp\/v2\/users\/1"}],"replies":[{"embeddable":true,"href":"https:\/\/steamgenerator.eu\/lt\/wp-json\/wp\/v2\/comments?post=476"}],"version-history":[{"count":1,"href":"https:\/\/steamgenerator.eu\/lt\/wp-json\/wp\/v2\/pages\/476\/revisions"}],"predecessor-version":[{"id":477,"href":"https:\/\/steamgenerator.eu\/lt\/wp-json\/wp\/v2\/pages\/476\/revisions\/477"}],"wp:attachment":[{"href":"https:\/\/steamgenerator.eu\/lt\/wp-json\/wp\/v2\/media?parent=476"}],"curies":[{"name":"wp","href":"https:\/\/api.w.org\/{rel}","templated":true}]}}