{"id":468,"date":"2016-12-12T20:32:08","date_gmt":"2016-12-12T18:32:08","guid":{"rendered":"http:\/\/steamgenerator.eu\/lt\/?page_id=468"},"modified":"2016-12-12T20:32:08","modified_gmt":"2016-12-12T18:32:08","slug":"fb-vertikalus-garu-generatorius","status":"publish","type":"page","link":"https:\/\/steamgenerator.eu\/lt\/fb-vertikalus-garu-generatorius\/","title":{"rendered":"FB \u2013 Vertikalus gar\u0173 generatorius"},"content":{"rendered":"<h3 style=\"text-align: center;\">FB \u2013 Vertikalus gar\u0173 generatorius<\/h3>\n<p style=\"text-align: center;\"><img loading=\"lazy\" decoding=\"async\" class=\"aligncenter size-full wp-image-306\" src=\"http:\/\/steamgenerator.eu\/wp-content\/uploads\/2016\/11\/hr_headline2.png\" alt=\"hr_headline2\" width=\"274\" height=\"50\" \/><\/p>\n<p>Vertikalus dviej\u0173 eig\u0173 priverstin\u0117s cirkuliacijos gar\u0173 generatorius. Gar\u0173 generatoriaus kaitravamzdis yra pagamintas i\u0161 dviej\u0173 koncentrini\u0173 P235GH plieno vamzd\u017ei\u0173.<\/p>\n<p>Didelio paj\u0117gumo vertikalus priverstin\u0117s cirkuliacijos gar\u0173 generatorius su dvejomis d\u016bm\u0173 \u012feigomis. Vidinis kaitravamzdis yra pagamintas i\u0161 dviej\u0173 koncentrini\u0173 P235GH plienini\u0173 vamzd\u017ei\u0173.<\/p>\n<p>Visos sl\u0117ginio \u012frenginio dalys yra pagamintos atsi\u017evelgiant \u012f Sl\u0117gini\u0173 \u012frengini\u0173 direktyv\u0105 (97\/23\/EB).<\/p>\n<p>D\u0117l specialios gar\u0173 kolektoriaus konstrukcijos suma\u017e\u0117ja dr\u0117gn\u0173 gar\u0173 kiekis.<\/p>\n<p>Gar\u0173 generatoriaus korpusas yra izoliuotas akmens vata ir ner\u016bdijan\u010dia skarda.<\/p>\n<p>Vertikali generatoriaus versija tinka nedidel\u0117ms patalpoms, nes gar\u0173 generatoriaus kaitravamzd\u012f galima valyti per vir\u0161uje atidarom\u0105 dangt\u012f.<\/p>\n<p>Standartinio gar\u0173 katilo elektros skydo dr\u0117gm\u0117s klas\u0117 yra IP55; komplekte yra:<\/p>\n<ul>\n<li>Pagrindinis jungiklis;<\/li>\n<li>Papildomas jungiklis;<\/li>\n<li>Degiklio \u012fjungimo jungiklis;<\/li>\n<li>Galios reguliavimo jungiklis;<\/li>\n<li>Nuolatos gar\u0173 temperat\u016br\u0105 matuojantis skaitmeninis temperat\u016bros kontroleris;<\/li>\n<\/ul>\n<p>Apsaugos signalin\u0117s lemput\u0117s (prane\u0161imas apie \u017eem\u0105 vandens lyg\u012f, apsauga nuo perkrovos, prane\u0161imas apie sl\u0117g\u012f, prane\u0161imas apie d\u016bmus, prane\u0161imas apie degimo kamer\u0105).<\/p>\n<p><em><img loading=\"lazy\" decoding=\"async\" class=\"aligncenter wp-image-51 size-full\" title=\"FB \u2013 Vertikaalne aurugeneraator\" src=\"http:\/\/steamgenerator.eu\/wp-content\/uploads\/2016\/11\/FB-joonis.jpg\" alt=\"FB \u2013 Vertikaalne aurugeneraator\" width=\"1110\" height=\"1328\" srcset=\"https:\/\/steamgenerator.eu\/wp-content\/uploads\/2016\/11\/FB-joonis.jpg 1110w, https:\/\/steamgenerator.eu\/wp-content\/uploads\/2016\/11\/FB-joonis-251x300.jpg 251w, https:\/\/steamgenerator.eu\/wp-content\/uploads\/2016\/11\/FB-joonis-861x1030.jpg 861w, https:\/\/steamgenerator.eu\/wp-content\/uploads\/2016\/11\/FB-joonis-768x919.jpg 768w, https:\/\/steamgenerator.eu\/wp-content\/uploads\/2016\/11\/FB-joonis-589x705.jpg 589w\" sizes=\"auto, (max-width: 1110px) 100vw, 1110px\" \/><a href=\"http:\/\/steamgenerator.eu\/wp-content\/uploads\/2016\/11\/FB-joonis.jpg\"><br \/>\n <\/a><\/em><\/p>\n<p>&nbsp;<\/p>\n<p><img loading=\"lazy\" decoding=\"async\" class=\"aligncenter wp-image-52 size-full\" title=\"FB \u2013 Vertikaalne aurugeneraator\" src=\"http:\/\/steamgenerator.eu\/wp-content\/uploads\/2016\/11\/FB-tabel.jpg\" alt=\"FB \u2013 Vertikaalne aurugeneraator\" width=\"1072\" height=\"885\" srcset=\"https:\/\/steamgenerator.eu\/wp-content\/uploads\/2016\/11\/FB-tabel.jpg 1072w, https:\/\/steamgenerator.eu\/wp-content\/uploads\/2016\/11\/FB-tabel-300x248.jpg 300w, https:\/\/steamgenerator.eu\/wp-content\/uploads\/2016\/11\/FB-tabel-1030x850.jpg 1030w, https:\/\/steamgenerator.eu\/wp-content\/uploads\/2016\/11\/FB-tabel-768x634.jpg 768w, https:\/\/steamgenerator.eu\/wp-content\/uploads\/2016\/11\/FB-tabel-705x582.jpg 705w\" sizes=\"auto, (max-width: 1072px) 100vw, 1072px\" \/><\/p>\n<p style=\"text-align: center;\"><img loading=\"lazy\" decoding=\"async\" class=\"aligncenter size-full wp-image-306\" src=\"http:\/\/steamgenerator.eu\/wp-content\/uploads\/2016\/11\/hr_headline2.png\" alt=\"hr_headline2\" width=\"274\" height=\"50\" \/><\/p>\n<style type=\"text\/css\">\r\n\t#foogallery-gallery-31 .fg-image {\r\n        width: 80px;\r\n    }\r\n<\/style>\r\n\t\t\t\t<div class=\"foogallery foogallery-container foogallery-default foogallery-lightbox-foogallery fg-gutter-10 fg-center fg-default fg-light fg-border-thin fg-shadow-outline fg-loading-default fg-loaded-fade-in fg-caption-hover fg-hover-fade fg-hover-zoom fg-ready\" id=\"foogallery-gallery-31\" data-foogallery=\"{&quot;item&quot;:{&quot;showCaptionTitle&quot;:true,&quot;showCaptionDescription&quot;:true},&quot;lazy&quot;:true}\" data-foogallery-lightbox=\"{&quot;thumbs&quot;:&quot;bottom&quot;,&quot;thumbsCaptions&quot;:false,&quot;thumbsBestFit&quot;:false,&quot;thumbsSmall&quot;:false,&quot;thumbsCaptionsAlign&quot;:&quot;default&quot;,&quot;info&quot;:&quot;bottom&quot;,&quot;infoVisible&quot;:true,&quot;infoOverlay&quot;:true,&quot;infoAlign&quot;:&quot;default&quot;,&quot;transition&quot;:&quot;fade&quot;,&quot;hoverButtons&quot;:false,&quot;fitMedia&quot;:false,&quot;noScrollbars&quot;:true,&quot;preserveButtonSpace&quot;:true,&quot;buttons&quot;:{&quot;fullscreen&quot;:true,&quot;info&quot;:true,&quot;thumbs&quot;:false},&quot;video&quot;:{&quot;autoPlay&quot;:true}}\" >\r\n\t<div class=\"fg-item fg-type-image fg-idle\"><figure class=\"fg-item-inner\"><a href=\"https:\/\/steamgenerator.eu\/wp-content\/uploads\/2016\/11\/FB-1.jpg\" data-attachment-id=\"684\" data-type=\"image\" class=\"fg-thumb\"><span class=\"fg-image-wrap\"><img decoding=\"async\" alt=\"Vertikaalne aurugeneraator FB1 Katel, katlamaja, aurugeneraator\" width=\"80\" height=\"80\" class=\"skip-lazy fg-image\" data-src-fg=\"https:\/\/steamgenerator.eu\/wp-content\/uploads\/cache\/2016\/11\/FB-1\/499579439.jpg\" src=\"data:image\/svg+xml,%3Csvg%20xmlns%3D%22http%3A%2F%2Fwww.w3.org%2F2000%2Fsvg%22%20width%3D%2280%22%20height%3D%2280%22%20viewBox%3D%220%200%2080%2080%22%3E%3C%2Fsvg%3E\" loading=\"eager\"><\/span><span class=\"fg-image-overlay\"><\/span><\/a><figcaption class=\"fg-caption\"><div class=\"fg-caption-inner\"><\/div><\/figcaption><\/figure><div class=\"fg-loader\"><\/div><\/div><div class=\"fg-item fg-type-image fg-idle\"><figure class=\"fg-item-inner\"><a href=\"https:\/\/steamgenerator.eu\/wp-content\/uploads\/2016\/11\/FB-2.jpg\" data-attachment-id=\"688\" data-type=\"image\" class=\"fg-thumb\"><span class=\"fg-image-wrap\"><img decoding=\"async\" alt=\"Vertikaalne aurugeneraator FB2 Katel, katlamaja, aurugeneraator\" width=\"80\" height=\"80\" class=\"skip-lazy fg-image\" data-src-fg=\"https:\/\/steamgenerator.eu\/wp-content\/uploads\/cache\/2016\/11\/FB-2\/819576438.jpg\" src=\"data:image\/svg+xml,%3Csvg%20xmlns%3D%22http%3A%2F%2Fwww.w3.org%2F2000%2Fsvg%22%20width%3D%2280%22%20height%3D%2280%22%20viewBox%3D%220%200%2080%2080%22%3E%3C%2Fsvg%3E\" loading=\"eager\"><\/span><span class=\"fg-image-overlay\"><\/span><\/a><figcaption class=\"fg-caption\"><div class=\"fg-caption-inner\"><\/div><\/figcaption><\/figure><div class=\"fg-loader\"><\/div><\/div><div class=\"fg-item fg-type-image fg-idle\"><figure class=\"fg-item-inner\"><a href=\"https:\/\/steamgenerator.eu\/wp-content\/uploads\/2016\/11\/FB-3.jpg\" data-attachment-id=\"692\" data-type=\"image\" class=\"fg-thumb\"><span class=\"fg-image-wrap\"><img decoding=\"async\" alt=\"Vertikaalne aurugeneraator FB3 Katel, katlamaja, aurugeneraator\" width=\"80\" height=\"80\" class=\"skip-lazy fg-image\" data-src-fg=\"https:\/\/steamgenerator.eu\/wp-content\/uploads\/cache\/2016\/11\/FB-3\/2467057580.jpg\" src=\"data:image\/svg+xml,%3Csvg%20xmlns%3D%22http%3A%2F%2Fwww.w3.org%2F2000%2Fsvg%22%20width%3D%2280%22%20height%3D%2280%22%20viewBox%3D%220%200%2080%2080%22%3E%3C%2Fsvg%3E\" loading=\"eager\"><\/span><span class=\"fg-image-overlay\"><\/span><\/a><figcaption class=\"fg-caption\"><div class=\"fg-caption-inner\"><\/div><\/figcaption><\/figure><div class=\"fg-loader\"><\/div><\/div><div class=\"fg-item fg-type-image fg-idle\"><figure class=\"fg-item-inner\"><a href=\"https:\/\/steamgenerator.eu\/wp-content\/uploads\/2016\/11\/FB-6.jpg\" data-attachment-id=\"700\" data-type=\"image\" class=\"fg-thumb\"><span class=\"fg-image-wrap\"><img decoding=\"async\" alt=\"Vertikaalne aurugeneraator FB5 Katel, katlamaja, aurugeneraator\" width=\"80\" height=\"80\" class=\"skip-lazy fg-image\" data-src-fg=\"https:\/\/steamgenerator.eu\/wp-content\/uploads\/cache\/2016\/11\/FB-6\/3868399583.jpg\" src=\"data:image\/svg+xml,%3Csvg%20xmlns%3D%22http%3A%2F%2Fwww.w3.org%2F2000%2Fsvg%22%20width%3D%2280%22%20height%3D%2280%22%20viewBox%3D%220%200%2080%2080%22%3E%3C%2Fsvg%3E\" loading=\"eager\"><\/span><span class=\"fg-image-overlay\"><\/span><\/a><figcaption class=\"fg-caption\"><div class=\"fg-caption-inner\"><\/div><\/figcaption><\/figure><div class=\"fg-loader\"><\/div><\/div><div class=\"fg-item fg-type-image fg-idle\"><figure class=\"fg-item-inner\"><a href=\"https:\/\/steamgenerator.eu\/wp-content\/uploads\/2016\/11\/FB-9.jpg\" data-attachment-id=\"704\" data-type=\"image\" class=\"fg-thumb\"><span class=\"fg-image-wrap\"><img decoding=\"async\" alt=\"Vertikaalne aurugeneraator FB6 Katel, katlamaja, aurugeneraator\" width=\"80\" height=\"80\" class=\"skip-lazy fg-image\" data-src-fg=\"https:\/\/steamgenerator.eu\/wp-content\/uploads\/cache\/2016\/11\/FB-9\/1589853157.jpg\" src=\"data:image\/svg+xml,%3Csvg%20xmlns%3D%22http%3A%2F%2Fwww.w3.org%2F2000%2Fsvg%22%20width%3D%2280%22%20height%3D%2280%22%20viewBox%3D%220%200%2080%2080%22%3E%3C%2Fsvg%3E\" loading=\"eager\"><\/span><span class=\"fg-image-overlay\"><\/span><\/a><figcaption class=\"fg-caption\"><div class=\"fg-caption-inner\"><\/div><\/figcaption><\/figure><div class=\"fg-loader\"><\/div><\/div><div class=\"fg-item fg-type-image fg-idle\"><figure class=\"fg-item-inner\"><a href=\"https:\/\/steamgenerator.eu\/wp-content\/uploads\/2016\/11\/FB-10.jpg\" data-attachment-id=\"708\" data-type=\"image\" class=\"fg-thumb\"><span class=\"fg-image-wrap\"><img decoding=\"async\" alt=\"Vertikaalne aurugeneraator FB7 Katel, katlamaja, aurugeneraator\" width=\"80\" height=\"80\" class=\"skip-lazy fg-image\" data-src-fg=\"https:\/\/steamgenerator.eu\/wp-content\/uploads\/cache\/2016\/11\/FB-10\/3438867708.jpg\" src=\"data:image\/svg+xml,%3Csvg%20xmlns%3D%22http%3A%2F%2Fwww.w3.org%2F2000%2Fsvg%22%20width%3D%2280%22%20height%3D%2280%22%20viewBox%3D%220%200%2080%2080%22%3E%3C%2Fsvg%3E\" loading=\"eager\"><\/span><span class=\"fg-image-overlay\"><\/span><\/a><figcaption class=\"fg-caption\"><div class=\"fg-caption-inner\"><\/div><\/figcaption><\/figure><div class=\"fg-loader\"><\/div><\/div><div class=\"fg-item fg-type-image fg-idle\"><figure class=\"fg-item-inner\"><a href=\"https:\/\/steamgenerator.eu\/wp-content\/uploads\/2016\/11\/FB-11.jpg\" data-attachment-id=\"712\" data-type=\"image\" class=\"fg-thumb\"><span class=\"fg-image-wrap\"><img decoding=\"async\" alt=\"Vertikaalne aurugeneraator FB8 Katel, katlamaja, aurugeneraator\" width=\"80\" height=\"80\" class=\"skip-lazy fg-image\" data-src-fg=\"https:\/\/steamgenerator.eu\/wp-content\/uploads\/cache\/2016\/11\/FB-11\/1905004058.jpg\" src=\"data:image\/svg+xml,%3Csvg%20xmlns%3D%22http%3A%2F%2Fwww.w3.org%2F2000%2Fsvg%22%20width%3D%2280%22%20height%3D%2280%22%20viewBox%3D%220%200%2080%2080%22%3E%3C%2Fsvg%3E\" loading=\"eager\"><\/span><span class=\"fg-image-overlay\"><\/span><\/a><figcaption class=\"fg-caption\"><div class=\"fg-caption-inner\"><\/div><\/figcaption><\/figure><div class=\"fg-loader\"><\/div><\/div><div class=\"fg-item fg-type-image fg-idle\"><figure class=\"fg-item-inner\"><a href=\"https:\/\/steamgenerator.eu\/wp-content\/uploads\/2016\/11\/FB-18.jpg\" data-attachment-id=\"716\" data-type=\"image\" class=\"fg-thumb\"><span class=\"fg-image-wrap\"><img decoding=\"async\" alt=\"Vertikaalne aurugeneraator FB9 Katel, katlamaja, aurugeneraator\" width=\"80\" height=\"80\" class=\"skip-lazy fg-image\" data-src-fg=\"https:\/\/steamgenerator.eu\/wp-content\/uploads\/cache\/2016\/11\/FB-18\/2010010494.jpg\" src=\"data:image\/svg+xml,%3Csvg%20xmlns%3D%22http%3A%2F%2Fwww.w3.org%2F2000%2Fsvg%22%20width%3D%2280%22%20height%3D%2280%22%20viewBox%3D%220%200%2080%2080%22%3E%3C%2Fsvg%3E\" loading=\"eager\"><\/span><span class=\"fg-image-overlay\"><\/span><\/a><figcaption class=\"fg-caption\"><div class=\"fg-caption-inner\"><\/div><\/figcaption><\/figure><div class=\"fg-loader\"><\/div><\/div><div class=\"fg-item fg-type-image fg-idle\"><figure class=\"fg-item-inner\"><a href=\"https:\/\/steamgenerator.eu\/wp-content\/uploads\/2016\/11\/FB-19.jpg\" data-attachment-id=\"720\" data-type=\"image\" class=\"fg-thumb\"><span class=\"fg-image-wrap\"><img decoding=\"async\" alt=\"Vertikaalne aurugeneraator FB10 Katel, katlamaja, aurugeneraator\" width=\"80\" height=\"80\" class=\"skip-lazy fg-image\" data-src-fg=\"https:\/\/steamgenerator.eu\/wp-content\/uploads\/cache\/2016\/11\/FB-19\/2133379274.jpg\" src=\"data:image\/svg+xml,%3Csvg%20xmlns%3D%22http%3A%2F%2Fwww.w3.org%2F2000%2Fsvg%22%20width%3D%2280%22%20height%3D%2280%22%20viewBox%3D%220%200%2080%2080%22%3E%3C%2Fsvg%3E\" loading=\"eager\"><\/span><span class=\"fg-image-overlay\"><\/span><\/a><figcaption class=\"fg-caption\"><div class=\"fg-caption-inner\"><\/div><\/figcaption><\/figure><div class=\"fg-loader\"><\/div><\/div><div class=\"fg-item fg-type-image fg-idle\"><figure class=\"fg-item-inner\"><a href=\"https:\/\/steamgenerator.eu\/wp-content\/uploads\/2016\/11\/FB-4.jpg\" data-attachment-id=\"696\" data-type=\"image\" class=\"fg-thumb\"><span class=\"fg-image-wrap\"><img decoding=\"async\" alt=\"Vertikaalne aurugeneraator FB4 Katel, katlamaja, aurugeneraator\" width=\"80\" height=\"80\" class=\"skip-lazy fg-image\" data-src-fg=\"https:\/\/steamgenerator.eu\/wp-content\/uploads\/cache\/2016\/11\/FB-4\/4172904483.jpg\" src=\"data:image\/svg+xml,%3Csvg%20xmlns%3D%22http%3A%2F%2Fwww.w3.org%2F2000%2Fsvg%22%20width%3D%2280%22%20height%3D%2280%22%20viewBox%3D%220%200%2080%2080%22%3E%3C%2Fsvg%3E\" loading=\"eager\"><\/span><span class=\"fg-image-overlay\"><\/span><\/a><figcaption class=\"fg-caption\"><div class=\"fg-caption-inner\"><\/div><\/figcaption><\/figure><div class=\"fg-loader\"><\/div><\/div><\/div>\r\n\n","protected":false},"excerpt":{"rendered":"<p>FB \u2013 Vertikalus gar\u0173 generatorius Vertikalus dviej\u0173 eig\u0173 priverstin\u0117s cirkuliacijos gar\u0173 generatorius. Gar\u0173 generatoriaus kaitravamzdis yra pagamintas i\u0161 dviej\u0173 koncentrini\u0173 P235GH plieno vamzd\u017ei\u0173. Didelio paj\u0117gumo vertikalus priverstin\u0117s cirkuliacijos gar\u0173 generatorius su dvejomis d\u016bm\u0173 \u012feigomis. Vidinis kaitravamzdis yra pagamintas i\u0161 dviej\u0173 koncentrini\u0173 P235GH plienini\u0173 vamzd\u017ei\u0173. Visos sl\u0117ginio \u012frenginio dalys yra pagamintos atsi\u017evelgiant \u012f Sl\u0117gini\u0173 \u012frengini\u0173 direktyv\u0105 [&hellip;]<\/p>\n","protected":false},"author":1,"featured_media":0,"parent":0,"menu_order":0,"comment_status":"closed","ping_status":"closed","template":"","meta":{"footnotes":""},"class_list":["post-468","page","type-page","status-publish","hentry"],"yoast_head":"<!-- This site is optimized with the Yoast SEO plugin v25.0 - https:\/\/yoast.com\/wordpress\/plugins\/seo\/ -->\n<title>FB \u2013 Vertikalus gar\u0173 generatorius - Kateena OU<\/title>\n<meta name=\"description\" content=\"FB \u2013 Vertikalus gar\u0173 generatorius. Vertikalus dviej\u0173 eig\u0173 priverstin\u0117s cirkuliacijos gar\u0173 generatorius. Pagrindinis jungiklis. Papildomas jungiklis.\" \/>\n<meta name=\"robots\" content=\"index, follow, max-snippet:-1, max-image-preview:large, max-video-preview:-1\" \/>\n<link rel=\"canonical\" href=\"https:\/\/steamgenerator.eu\/lt\/fb-vertikalus-garu-generatorius\/\" \/>\n<meta property=\"og:locale\" content=\"lt_LT\" \/>\n<meta property=\"og:type\" content=\"article\" \/>\n<meta property=\"og:title\" content=\"FB \u2013 Vertikalus gar\u0173 generatorius - Kateena OU\" \/>\n<meta property=\"og:description\" content=\"FB \u2013 Vertikalus gar\u0173 generatorius. Vertikalus dviej\u0173 eig\u0173 priverstin\u0117s cirkuliacijos gar\u0173 generatorius. Pagrindinis jungiklis. Papildomas jungiklis.\" \/>\n<meta property=\"og:url\" content=\"https:\/\/steamgenerator.eu\/lt\/fb-vertikalus-garu-generatorius\/\" \/>\n<meta property=\"og:site_name\" content=\"Sale of steam boiler plants\" \/>\n<meta property=\"og:image\" content=\"http:\/\/steamgenerator.eu\/wp-content\/uploads\/2016\/11\/hr_headline2.png\" \/>\n<meta name=\"twitter:card\" content=\"summary_large_image\" \/>\n<meta name=\"twitter:label1\" content=\"Est. reading time\" \/>\n\t<meta name=\"twitter:data1\" content=\"1 minut\u0117\" \/>\n<script type=\"application\/ld+json\" class=\"yoast-schema-graph\">{\"@context\":\"https:\/\/schema.org\",\"@graph\":[{\"@type\":\"WebPage\",\"@id\":\"https:\/\/steamgenerator.eu\/lt\/fb-vertikalus-garu-generatorius\/\",\"url\":\"https:\/\/steamgenerator.eu\/lt\/fb-vertikalus-garu-generatorius\/\",\"name\":\"FB \u2013 Vertikalus gar\u0173 generatorius - Kateena OU\",\"isPartOf\":{\"@id\":\"https:\/\/steamgenerator.eu\/#website\"},\"primaryImageOfPage\":{\"@id\":\"https:\/\/steamgenerator.eu\/lt\/fb-vertikalus-garu-generatorius\/#primaryimage\"},\"image\":{\"@id\":\"https:\/\/steamgenerator.eu\/lt\/fb-vertikalus-garu-generatorius\/#primaryimage\"},\"thumbnailUrl\":\"http:\/\/steamgenerator.eu\/wp-content\/uploads\/2016\/11\/hr_headline2.png\",\"datePublished\":\"2016-12-12T18:32:08+00:00\",\"description\":\"FB \u2013 Vertikalus gar\u0173 generatorius. Vertikalus dviej\u0173 eig\u0173 priverstin\u0117s cirkuliacijos gar\u0173 generatorius. Pagrindinis jungiklis. Papildomas jungiklis.\",\"breadcrumb\":{\"@id\":\"https:\/\/steamgenerator.eu\/lt\/fb-vertikalus-garu-generatorius\/#breadcrumb\"},\"inLanguage\":\"lt-LT\",\"potentialAction\":[{\"@type\":\"ReadAction\",\"target\":[\"https:\/\/steamgenerator.eu\/lt\/fb-vertikalus-garu-generatorius\/\"]}]},{\"@type\":\"ImageObject\",\"inLanguage\":\"lt-LT\",\"@id\":\"https:\/\/steamgenerator.eu\/lt\/fb-vertikalus-garu-generatorius\/#primaryimage\",\"url\":\"http:\/\/steamgenerator.eu\/wp-content\/uploads\/2016\/11\/hr_headline2.png\",\"contentUrl\":\"http:\/\/steamgenerator.eu\/wp-content\/uploads\/2016\/11\/hr_headline2.png\"},{\"@type\":\"BreadcrumbList\",\"@id\":\"https:\/\/steamgenerator.eu\/lt\/fb-vertikalus-garu-generatorius\/#breadcrumb\",\"itemListElement\":[{\"@type\":\"ListItem\",\"position\":1,\"name\":\"Home\",\"item\":\"https:\/\/steamgenerator.eu\/lt\/\"},{\"@type\":\"ListItem\",\"position\":2,\"name\":\"FB \u2013 Vertikalus gar\u0173 generatorius\"}]},{\"@type\":\"WebSite\",\"@id\":\"https:\/\/steamgenerator.eu\/#website\",\"url\":\"https:\/\/steamgenerator.eu\/\",\"name\":\"Sale of steam boiler plants\",\"description\":\"Kateena O\u00dc\",\"potentialAction\":[{\"@type\":\"SearchAction\",\"target\":{\"@type\":\"EntryPoint\",\"urlTemplate\":\"https:\/\/steamgenerator.eu\/?s={search_term_string}\"},\"query-input\":{\"@type\":\"PropertyValueSpecification\",\"valueRequired\":true,\"valueName\":\"search_term_string\"}}],\"inLanguage\":\"lt-LT\"}]}<\/script>\n<!-- \/ Yoast SEO plugin. -->","yoast_head_json":{"title":"FB \u2013 Vertikalus gar\u0173 generatorius - Kateena OU","description":"FB \u2013 Vertikalus gar\u0173 generatorius. Vertikalus dviej\u0173 eig\u0173 priverstin\u0117s cirkuliacijos gar\u0173 generatorius. Pagrindinis jungiklis. Papildomas jungiklis.","robots":{"index":"index","follow":"follow","max-snippet":"max-snippet:-1","max-image-preview":"max-image-preview:large","max-video-preview":"max-video-preview:-1"},"canonical":"https:\/\/steamgenerator.eu\/lt\/fb-vertikalus-garu-generatorius\/","og_locale":"lt_LT","og_type":"article","og_title":"FB \u2013 Vertikalus gar\u0173 generatorius - Kateena OU","og_description":"FB \u2013 Vertikalus gar\u0173 generatorius. Vertikalus dviej\u0173 eig\u0173 priverstin\u0117s cirkuliacijos gar\u0173 generatorius. Pagrindinis jungiklis. Papildomas jungiklis.","og_url":"https:\/\/steamgenerator.eu\/lt\/fb-vertikalus-garu-generatorius\/","og_site_name":"Sale of steam boiler plants","og_image":[{"url":"http:\/\/steamgenerator.eu\/wp-content\/uploads\/2016\/11\/hr_headline2.png","type":"","width":"","height":""}],"twitter_card":"summary_large_image","twitter_misc":{"Est. reading time":"1 minut\u0117"},"schema":{"@context":"https:\/\/schema.org","@graph":[{"@type":"WebPage","@id":"https:\/\/steamgenerator.eu\/lt\/fb-vertikalus-garu-generatorius\/","url":"https:\/\/steamgenerator.eu\/lt\/fb-vertikalus-garu-generatorius\/","name":"FB \u2013 Vertikalus gar\u0173 generatorius - Kateena OU","isPartOf":{"@id":"https:\/\/steamgenerator.eu\/#website"},"primaryImageOfPage":{"@id":"https:\/\/steamgenerator.eu\/lt\/fb-vertikalus-garu-generatorius\/#primaryimage"},"image":{"@id":"https:\/\/steamgenerator.eu\/lt\/fb-vertikalus-garu-generatorius\/#primaryimage"},"thumbnailUrl":"http:\/\/steamgenerator.eu\/wp-content\/uploads\/2016\/11\/hr_headline2.png","datePublished":"2016-12-12T18:32:08+00:00","description":"FB \u2013 Vertikalus gar\u0173 generatorius. Vertikalus dviej\u0173 eig\u0173 priverstin\u0117s cirkuliacijos gar\u0173 generatorius. Pagrindinis jungiklis. Papildomas jungiklis.","breadcrumb":{"@id":"https:\/\/steamgenerator.eu\/lt\/fb-vertikalus-garu-generatorius\/#breadcrumb"},"inLanguage":"lt-LT","potentialAction":[{"@type":"ReadAction","target":["https:\/\/steamgenerator.eu\/lt\/fb-vertikalus-garu-generatorius\/"]}]},{"@type":"ImageObject","inLanguage":"lt-LT","@id":"https:\/\/steamgenerator.eu\/lt\/fb-vertikalus-garu-generatorius\/#primaryimage","url":"http:\/\/steamgenerator.eu\/wp-content\/uploads\/2016\/11\/hr_headline2.png","contentUrl":"http:\/\/steamgenerator.eu\/wp-content\/uploads\/2016\/11\/hr_headline2.png"},{"@type":"BreadcrumbList","@id":"https:\/\/steamgenerator.eu\/lt\/fb-vertikalus-garu-generatorius\/#breadcrumb","itemListElement":[{"@type":"ListItem","position":1,"name":"Home","item":"https:\/\/steamgenerator.eu\/lt\/"},{"@type":"ListItem","position":2,"name":"FB \u2013 Vertikalus gar\u0173 generatorius"}]},{"@type":"WebSite","@id":"https:\/\/steamgenerator.eu\/#website","url":"https:\/\/steamgenerator.eu\/","name":"Sale of steam boiler plants","description":"Kateena O\u00dc","potentialAction":[{"@type":"SearchAction","target":{"@type":"EntryPoint","urlTemplate":"https:\/\/steamgenerator.eu\/?s={search_term_string}"},"query-input":{"@type":"PropertyValueSpecification","valueRequired":true,"valueName":"search_term_string"}}],"inLanguage":"lt-LT"}]}},"_links":{"self":[{"href":"https:\/\/steamgenerator.eu\/lt\/wp-json\/wp\/v2\/pages\/468","targetHints":{"allow":["GET"]}}],"collection":[{"href":"https:\/\/steamgenerator.eu\/lt\/wp-json\/wp\/v2\/pages"}],"about":[{"href":"https:\/\/steamgenerator.eu\/lt\/wp-json\/wp\/v2\/types\/page"}],"author":[{"embeddable":true,"href":"https:\/\/steamgenerator.eu\/lt\/wp-json\/wp\/v2\/users\/1"}],"replies":[{"embeddable":true,"href":"https:\/\/steamgenerator.eu\/lt\/wp-json\/wp\/v2\/comments?post=468"}],"version-history":[{"count":2,"href":"https:\/\/steamgenerator.eu\/lt\/wp-json\/wp\/v2\/pages\/468\/revisions"}],"predecessor-version":[{"id":537,"href":"https:\/\/steamgenerator.eu\/lt\/wp-json\/wp\/v2\/pages\/468\/revisions\/537"}],"wp:attachment":[{"href":"https:\/\/steamgenerator.eu\/lt\/wp-json\/wp\/v2\/media?parent=468"}],"curies":[{"name":"wp","href":"https:\/\/api.w.org\/{rel}","templated":true}]}}