{"id":462,"date":"2016-12-12T20:28:04","date_gmt":"2016-12-12T18:28:04","guid":{"rendered":"http:\/\/steamgenerator.eu\/lt\/?page_id=462"},"modified":"2016-12-12T20:28:04","modified_gmt":"2016-12-12T18:28:04","slug":"apie-imone","status":"publish","type":"page","link":"https:\/\/steamgenerator.eu\/lt\/apie-imone\/","title":{"rendered":"Apie \u012fmon\u0119"},"content":{"rendered":"<h3 style=\"text-align: center;\">M\u016bs\u0173 darbo sritis<\/h3>\n<p style=\"text-align: center;\"><img loading=\"lazy\" decoding=\"async\" class=\"aligncenter wp-image-306 size-full\" title=\"Aurugeneraatorid\" src=\"http:\/\/steamgenerator.eu\/wp-content\/uploads\/2016\/11\/hr_headline2.png\" alt=\"Aurugeneraatorid\" width=\"274\" height=\"50\" \/><\/p>\n<p>Bendrov\u0117 \u201eKateena O\u00dc\u201c yra itali\u0161k\u0173 garo generatori\u0173 gamintojo \u201eGavardo Caldaie SRL\u201c oficiali platintoja Baltijos \u0161alyse. \u0160iuo metu Baltijos \u0161alyse daug gamykl\u0173 naudoja \u0161iuos \u012frenginius.<\/p>\n<p>M\u016bs\u0173 si\u016blom\u0173 gar\u0173 generatori\u0173 privalumai:<\/p>\n<ul>\n<li>Greitas vandens garavimas kaitravamzdyje<\/li>\n<li>Vertikal\u016bs (FB) ir horizontal\u016bs (OMG) garo katilai<\/li>\n<li>Trij\u0173 eig\u0173 pak\u016bros konstrukcija<\/li>\n<li>Platus \u012fvairi\u0173 gamintoj\u0173 degimo kamer\u0173 pasirinkimas<\/li>\n<li>Garantuotas 90 % \u0161ilumos naudingumo koeficientas<\/li>\n<li>Kaitravamzd\u017eio med\u017eiaga P235GH<\/li>\n<li>Garo produktyvumas iki 3000 kg\/h<\/li>\n<li>Dviej\u0173 pakop\u0173 arba moduliuojamas darbo procesas<\/li>\n<li>Padavimo siurblys iki 105 \u00baC<\/li>\n<li>Saugos automatika \u201eDanfoss\u201c<\/li>\n<li>N\u0117ra sprogimo pavojaus<\/li>\n<li>Visos detal\u0117s yra lengvai pasiekiamos ir pakei\u010diamos.<\/li>\n<\/ul>\n<p>Palyginus su konkurentais, naudojami ma\u017eesni\u0173 aptarnavimo s\u0105naud\u0173 siurbliai ir automatika.<\/p>\n<p>\u0160ie privalumai nulemia, kad m\u016bs\u0173 gaminami gar\u0173 generatoriai yra pla\u010diai naudojami garus naudojan\u010dioje pramon\u0117je.<\/p>\n<p>Gar\u0173 generatori\u0173 konstrukcijose yra naudojamos kokybi\u0161kos ir pla\u010diai paplitusios detal\u0117s, tod\u0117l suma\u017e\u0117ja galim\u0173 gedim\u0173 ir prie\u017ei\u016bros darb\u0173 apimtis.<\/p>\n<p>Gar\u0173 generatoriai yra visi\u0161kai sukomplektuoti ir kompakti\u0161ki. Prie gar\u0173 generatoriaus gamykloje yra sumontuota degimo kamera, vandens padavimo siurblys ir automatikos skydas. Paduodamo vandens skyrius yra \u012ftaisytas ant atskiro pagrindo su paduodamo vandens talpa ir vandens mink\u0161tinimo \u012franga. Kadangi gar\u0173 generatoriaus pagrindiniai komponentai yra prijungti ir suderinti gamykloje, \u012frangos darb\u0173 apimtis yra kur kas ma\u017eesn\u0117.<\/p>\n<p>Gar\u0173 generatoriaus korpusas yra izoliuotas akmens vata ir padengtas ner\u016bdijan\u010dia skarda. Korpusas yra nuda\u017eytas specialiais antikoroziniais metalo da\u017eais, tod\u0117l gar\u0173 generatoriaus i\u0161or\u0117 ilgam i\u0161laiko savo ger\u0105 i\u0161vaizd\u0105.<\/p>\n<p>\u0160iuo metu visame pasaulyje daugiau nei 3000 pramon\u0117 \u012fmoni\u0173 naudoja \u201eGavardo Caldaie\u201c pagamintus gar\u0173 generatorius.<\/p>\n<p style=\"text-align: center;\"><div  class='avia-button-wrap av-av_button-322fbd2ad0dd399fede67072ef64e3f6-wrap avia-button-left  avia-builder-el-0  avia-builder-el-no-sibling '>\n<style type=\"text\/css\" data-created_by=\"avia_inline_auto\" id=\"style-css-av-av_button-322fbd2ad0dd399fede67072ef64e3f6\">\n#top #wrap_all .avia-button.av-av_button-322fbd2ad0dd399fede67072ef64e3f6{\nbackground-color:#ff5842;\nborder-color:#ff5842;\ncolor:#ffffff;\ntransition:all 0.4s ease-in-out;\n}\n<\/style>\n<a href='https:\/\/steamgenerator.eu\/lt\/produktai\/'  class='avia-button av-av_button-322fbd2ad0dd399fede67072ef64e3f6 av-link-btn avia-icon_select-no avia-size-large avia-position-left'   aria-label=\"\u017di\u016br\u0117ti m\u016bs\u0173 produktus \"><span class='avia_iconbox_title' >\u017di\u016br\u0117ti m\u016bs\u0173 produktus <\/span><\/a><\/div><\/p>\n<p>&nbsp;<\/p>\n<h3 style=\"text-align: center;\">Istorija<\/h3>\n<p style=\"text-align: center;\"><img loading=\"lazy\" decoding=\"async\" class=\"aligncenter size-full wp-image-306\" src=\"http:\/\/steamgenerator.eu\/wp-content\/uploads\/2016\/11\/hr_headline2.png\" alt=\"hr_headline2\" width=\"274\" height=\"50\" \/><\/p>\n<p>\u012emon\u0117 \u201eGavardo Caldaie\u201c savo veikl\u0105 prad\u0117jo septintojo de\u0161imtme\u010dio prad\u017eioje, nuo kaitravamzd\u017ei\u0173 konstrukcij\u0173 ir remonto.<\/p>\n<p>1965 m. buvo pagamintas pirmasis vertikalus gar\u0173 generatorius (FB), o \u012fmon\u0117 u\u017esi\u0117m\u0117 skalbykloms skirt\u0173 gar\u0173 generatori\u0173 gamyba. Greitai besiple\u010dianti ir auganti \u012fmon\u0117 a\u0161tuntajame de\u0161imtmetyje prad\u0117jo gaminti horizontalius gar\u0173 generatorius (OMG).<\/p>\n<p>V\u0117liau prad\u0117ta gaminti horizontalius ir vertikalius termin\u0117s alyvos generatorius (OMD, OMDV)<\/p>\n","protected":false},"excerpt":{"rendered":"<p>M\u016bs\u0173 darbo sritis Bendrov\u0117 \u201eKateena O\u00dc\u201c yra itali\u0161k\u0173 garo generatori\u0173 gamintojo \u201eGavardo Caldaie SRL\u201c oficiali platintoja Baltijos \u0161alyse. \u0160iuo metu Baltijos \u0161alyse daug gamykl\u0173 naudoja \u0161iuos \u012frenginius. M\u016bs\u0173 si\u016blom\u0173 gar\u0173 generatori\u0173 privalumai: Greitas vandens garavimas kaitravamzdyje Vertikal\u016bs (FB) ir horizontal\u016bs (OMG) garo katilai Trij\u0173 eig\u0173 pak\u016bros konstrukcija Platus \u012fvairi\u0173 gamintoj\u0173 degimo kamer\u0173 pasirinkimas Garantuotas 90 [&hellip;]<\/p>\n","protected":false},"author":1,"featured_media":0,"parent":0,"menu_order":0,"comment_status":"closed","ping_status":"closed","template":"","meta":{"footnotes":""},"class_list":["post-462","page","type-page","status-publish","hentry"],"yoast_head":"<!-- This site is optimized with the Yoast SEO plugin v25.0 - https:\/\/yoast.com\/wordpress\/plugins\/seo\/ -->\n<title>Garo katil\u0173 pardavimas - Apie \u012fmon\u0119 | Kateena OU<\/title>\n<meta name=\"description\" content=\"Garo katil\u0173 pardavimas. Bendrov\u0117 \u201eKateena O\u00dc\u201c yra itali\u0161k\u0173 garo generatori\u0173 gamintojo \u201eGavardo Caldaie SRL\u201c oficiali platintoja Baltijos \u0161alyse.\" \/>\n<meta name=\"robots\" content=\"index, follow, max-snippet:-1, max-image-preview:large, max-video-preview:-1\" \/>\n<link rel=\"canonical\" href=\"https:\/\/steamgenerator.eu\/lt\/apie-imone\/\" \/>\n<meta property=\"og:locale\" content=\"lt_LT\" \/>\n<meta property=\"og:type\" content=\"article\" \/>\n<meta property=\"og:title\" content=\"Garo katil\u0173 pardavimas - Apie \u012fmon\u0119 | Kateena OU\" \/>\n<meta property=\"og:description\" content=\"Garo katil\u0173 pardavimas. Bendrov\u0117 \u201eKateena O\u00dc\u201c yra itali\u0161k\u0173 garo generatori\u0173 gamintojo \u201eGavardo Caldaie SRL\u201c oficiali platintoja Baltijos \u0161alyse.\" \/>\n<meta property=\"og:url\" content=\"https:\/\/steamgenerator.eu\/lt\/apie-imone\/\" \/>\n<meta property=\"og:site_name\" content=\"Sale of steam boiler plants\" \/>\n<meta property=\"og:image\" content=\"http:\/\/steamgenerator.eu\/wp-content\/uploads\/2016\/11\/hr_headline2.png\" \/>\n<meta name=\"twitter:card\" content=\"summary_large_image\" \/>\n<meta name=\"twitter:label1\" content=\"Est. reading time\" \/>\n\t<meta name=\"twitter:data1\" content=\"2 minut\u0117s\" \/>\n<script type=\"application\/ld+json\" class=\"yoast-schema-graph\">{\"@context\":\"https:\/\/schema.org\",\"@graph\":[{\"@type\":\"WebPage\",\"@id\":\"https:\/\/steamgenerator.eu\/lt\/apie-imone\/\",\"url\":\"https:\/\/steamgenerator.eu\/lt\/apie-imone\/\",\"name\":\"Garo katil\u0173 pardavimas - Apie \u012fmon\u0119 | Kateena OU\",\"isPartOf\":{\"@id\":\"https:\/\/steamgenerator.eu\/#website\"},\"primaryImageOfPage\":{\"@id\":\"https:\/\/steamgenerator.eu\/lt\/apie-imone\/#primaryimage\"},\"image\":{\"@id\":\"https:\/\/steamgenerator.eu\/lt\/apie-imone\/#primaryimage\"},\"thumbnailUrl\":\"http:\/\/steamgenerator.eu\/wp-content\/uploads\/2016\/11\/hr_headline2.png\",\"datePublished\":\"2016-12-12T18:28:04+00:00\",\"description\":\"Garo katil\u0173 pardavimas. Bendrov\u0117 \u201eKateena O\u00dc\u201c yra itali\u0161k\u0173 garo generatori\u0173 gamintojo \u201eGavardo Caldaie SRL\u201c oficiali platintoja Baltijos \u0161alyse.\",\"breadcrumb\":{\"@id\":\"https:\/\/steamgenerator.eu\/lt\/apie-imone\/#breadcrumb\"},\"inLanguage\":\"lt-LT\",\"potentialAction\":[{\"@type\":\"ReadAction\",\"target\":[\"https:\/\/steamgenerator.eu\/lt\/apie-imone\/\"]}]},{\"@type\":\"ImageObject\",\"inLanguage\":\"lt-LT\",\"@id\":\"https:\/\/steamgenerator.eu\/lt\/apie-imone\/#primaryimage\",\"url\":\"http:\/\/steamgenerator.eu\/wp-content\/uploads\/2016\/11\/hr_headline2.png\",\"contentUrl\":\"http:\/\/steamgenerator.eu\/wp-content\/uploads\/2016\/11\/hr_headline2.png\"},{\"@type\":\"BreadcrumbList\",\"@id\":\"https:\/\/steamgenerator.eu\/lt\/apie-imone\/#breadcrumb\",\"itemListElement\":[{\"@type\":\"ListItem\",\"position\":1,\"name\":\"Home\",\"item\":\"https:\/\/steamgenerator.eu\/lt\/\"},{\"@type\":\"ListItem\",\"position\":2,\"name\":\"Apie \u012fmon\u0119\"}]},{\"@type\":\"WebSite\",\"@id\":\"https:\/\/steamgenerator.eu\/#website\",\"url\":\"https:\/\/steamgenerator.eu\/\",\"name\":\"Sale of steam boiler plants\",\"description\":\"Kateena O\u00dc\",\"potentialAction\":[{\"@type\":\"SearchAction\",\"target\":{\"@type\":\"EntryPoint\",\"urlTemplate\":\"https:\/\/steamgenerator.eu\/?s={search_term_string}\"},\"query-input\":{\"@type\":\"PropertyValueSpecification\",\"valueRequired\":true,\"valueName\":\"search_term_string\"}}],\"inLanguage\":\"lt-LT\"}]}<\/script>\n<!-- \/ Yoast SEO plugin. -->","yoast_head_json":{"title":"Garo katil\u0173 pardavimas - Apie \u012fmon\u0119 | Kateena OU","description":"Garo katil\u0173 pardavimas. Bendrov\u0117 \u201eKateena O\u00dc\u201c yra itali\u0161k\u0173 garo generatori\u0173 gamintojo \u201eGavardo Caldaie SRL\u201c oficiali platintoja Baltijos \u0161alyse.","robots":{"index":"index","follow":"follow","max-snippet":"max-snippet:-1","max-image-preview":"max-image-preview:large","max-video-preview":"max-video-preview:-1"},"canonical":"https:\/\/steamgenerator.eu\/lt\/apie-imone\/","og_locale":"lt_LT","og_type":"article","og_title":"Garo katil\u0173 pardavimas - Apie \u012fmon\u0119 | Kateena OU","og_description":"Garo katil\u0173 pardavimas. Bendrov\u0117 \u201eKateena O\u00dc\u201c yra itali\u0161k\u0173 garo generatori\u0173 gamintojo \u201eGavardo Caldaie SRL\u201c oficiali platintoja Baltijos \u0161alyse.","og_url":"https:\/\/steamgenerator.eu\/lt\/apie-imone\/","og_site_name":"Sale of steam boiler plants","og_image":[{"url":"http:\/\/steamgenerator.eu\/wp-content\/uploads\/2016\/11\/hr_headline2.png","type":"","width":"","height":""}],"twitter_card":"summary_large_image","twitter_misc":{"Est. reading time":"2 minut\u0117s"},"schema":{"@context":"https:\/\/schema.org","@graph":[{"@type":"WebPage","@id":"https:\/\/steamgenerator.eu\/lt\/apie-imone\/","url":"https:\/\/steamgenerator.eu\/lt\/apie-imone\/","name":"Garo katil\u0173 pardavimas - Apie \u012fmon\u0119 | Kateena OU","isPartOf":{"@id":"https:\/\/steamgenerator.eu\/#website"},"primaryImageOfPage":{"@id":"https:\/\/steamgenerator.eu\/lt\/apie-imone\/#primaryimage"},"image":{"@id":"https:\/\/steamgenerator.eu\/lt\/apie-imone\/#primaryimage"},"thumbnailUrl":"http:\/\/steamgenerator.eu\/wp-content\/uploads\/2016\/11\/hr_headline2.png","datePublished":"2016-12-12T18:28:04+00:00","description":"Garo katil\u0173 pardavimas. Bendrov\u0117 \u201eKateena O\u00dc\u201c yra itali\u0161k\u0173 garo generatori\u0173 gamintojo \u201eGavardo Caldaie SRL\u201c oficiali platintoja Baltijos \u0161alyse.","breadcrumb":{"@id":"https:\/\/steamgenerator.eu\/lt\/apie-imone\/#breadcrumb"},"inLanguage":"lt-LT","potentialAction":[{"@type":"ReadAction","target":["https:\/\/steamgenerator.eu\/lt\/apie-imone\/"]}]},{"@type":"ImageObject","inLanguage":"lt-LT","@id":"https:\/\/steamgenerator.eu\/lt\/apie-imone\/#primaryimage","url":"http:\/\/steamgenerator.eu\/wp-content\/uploads\/2016\/11\/hr_headline2.png","contentUrl":"http:\/\/steamgenerator.eu\/wp-content\/uploads\/2016\/11\/hr_headline2.png"},{"@type":"BreadcrumbList","@id":"https:\/\/steamgenerator.eu\/lt\/apie-imone\/#breadcrumb","itemListElement":[{"@type":"ListItem","position":1,"name":"Home","item":"https:\/\/steamgenerator.eu\/lt\/"},{"@type":"ListItem","position":2,"name":"Apie \u012fmon\u0119"}]},{"@type":"WebSite","@id":"https:\/\/steamgenerator.eu\/#website","url":"https:\/\/steamgenerator.eu\/","name":"Sale of steam boiler plants","description":"Kateena O\u00dc","potentialAction":[{"@type":"SearchAction","target":{"@type":"EntryPoint","urlTemplate":"https:\/\/steamgenerator.eu\/?s={search_term_string}"},"query-input":{"@type":"PropertyValueSpecification","valueRequired":true,"valueName":"search_term_string"}}],"inLanguage":"lt-LT"}]}},"_links":{"self":[{"href":"https:\/\/steamgenerator.eu\/lt\/wp-json\/wp\/v2\/pages\/462","targetHints":{"allow":["GET"]}}],"collection":[{"href":"https:\/\/steamgenerator.eu\/lt\/wp-json\/wp\/v2\/pages"}],"about":[{"href":"https:\/\/steamgenerator.eu\/lt\/wp-json\/wp\/v2\/types\/page"}],"author":[{"embeddable":true,"href":"https:\/\/steamgenerator.eu\/lt\/wp-json\/wp\/v2\/users\/1"}],"replies":[{"embeddable":true,"href":"https:\/\/steamgenerator.eu\/lt\/wp-json\/wp\/v2\/comments?post=462"}],"version-history":[{"count":2,"href":"https:\/\/steamgenerator.eu\/lt\/wp-json\/wp\/v2\/pages\/462\/revisions"}],"predecessor-version":[{"id":464,"href":"https:\/\/steamgenerator.eu\/lt\/wp-json\/wp\/v2\/pages\/462\/revisions\/464"}],"wp:attachment":[{"href":"https:\/\/steamgenerator.eu\/lt\/wp-json\/wp\/v2\/media?parent=462"}],"curies":[{"name":"wp","href":"https:\/\/api.w.org\/{rel}","templated":true}]}}