{"id":460,"date":"2016-12-12T20:22:27","date_gmt":"2016-12-12T18:22:27","guid":{"rendered":"http:\/\/steamgenerator.eu\/lt\/?page_id=460"},"modified":"2016-12-12T21:14:55","modified_gmt":"2016-12-12T19:14:55","slug":"produktai","status":"publish","type":"page","link":"https:\/\/steamgenerator.eu\/lt\/produktai\/","title":{"rendered":"Produktai"},"content":{"rendered":"<div class='flex_column_table av-av_one_third-201587a3cb27360f0e7f6c88d43151c7 sc-av_one_third av-equal-height-column-flextable'>\n<style type=\"text\/css\" data-created_by=\"avia_inline_auto\" id=\"style-css-av-av_one_third-201587a3cb27360f0e7f6c88d43151c7\">\n.flex_column.av-av_one_third-201587a3cb27360f0e7f6c88d43151c7{\nborder-radius:0px 0px 0px 0px;\npadding:0px 0px 0px 0px;\n}\n<\/style>\n<div  class='flex_column av-av_one_third-201587a3cb27360f0e7f6c88d43151c7 av_one_third  avia-builder-el-0  el_before_av_one_third  avia-builder-el-first  first flex_column_table_cell av-equal-height-column av-align-top av-zero-column-padding  '     ><p> \n<style type=\"text\/css\" data-created_by=\"avia_inline_auto\" id=\"style-css-av-av_image-6b3c1c0031096fe9c01ee5c83c786e12\">\n.avia-image-container.av-av_image-6b3c1c0031096fe9c01ee5c83c786e12 img.avia_image{\nbox-shadow:none;\n}\n.avia-image-container.av-av_image-6b3c1c0031096fe9c01ee5c83c786e12 .av-image-caption-overlay-center{\ncolor:#ffffff;\n}\n<\/style>\n<div  class='avia-image-container av-av_image-6b3c1c0031096fe9c01ee5c83c786e12 av-styling-no-styling av-img-linked avia_animated_image av-animated-when-visible-95 fade-in avia-align-center  avia-builder-el-1  el_before_av_textblock  avia-builder-el-first '   itemprop=\"image\" itemscope=\"itemscope\" itemtype=\"https:\/\/schema.org\/ImageObject\" ><div class=\"avia-image-container-inner\"><div class=\"avia-image-overlay-wrap\"><a href=\"https:\/\/steamgenerator.eu\/lt\/fb-vertikalus-garu-generatorius\/\" class='avia_image '  aria-label='vertikaalne-aurugeneraator-fb'><img decoding=\"async\" fetchpriority=\"high\" class='wp-image-810 avia-img-lazy-loading-not-810 avia_image ' src=\"https:\/\/steamgenerator.eu\/wp-content\/uploads\/2016\/11\/Vertikaalne-aurugeneraator-FB.jpg\" alt='' title='vertikaalne-aurugeneraator-fb'  height=\"375\" width=\"356\"  itemprop=\"thumbnailUrl\" srcset=\"https:\/\/steamgenerator.eu\/wp-content\/uploads\/2016\/11\/Vertikaalne-aurugeneraator-FB.jpg 356w, https:\/\/steamgenerator.eu\/wp-content\/uploads\/2016\/11\/Vertikaalne-aurugeneraator-FB-285x300.jpg 285w\" sizes=\"(max-width: 356px) 100vw, 356px\" \/><\/a><\/div><\/div><\/div><br \/>\n<section  class='av_textblock_section av-av_textblock-0366cc7376be6c9e82a3e9cc8987b64f '   itemscope=\"itemscope\" itemtype=\"https:\/\/schema.org\/CreativeWork\" ><div class='avia_textblock'  itemprop=\"text\" ><h4><a href=\"https:\/\/steamgenerator.eu\/lt\/fb-vertikalus-garu-generatorius\/\">FB \u2013 Vertikalus gar\u0173 generatorius<\/a><\/h4>\n<p>Vertikalus dviej\u0173 eig\u0173 priverstin\u0117s cirkuliacijos gar\u0173 generatorius. Gar\u0173 generatoriaus kaitravamzdis yra pagamintas i\u0161 dviej\u0173 koncentrini\u0173 P235GH plieno vamzd\u017ei\u0173.<\/p>\n<p><a href=\"https:\/\/steamgenerator.eu\/lt\/fb-vertikalus-garu-generatorius\/\">Daugiau informacijos \u00bb<\/a><\/p>\n<\/div><\/section><\/p><\/div>\n<div class='av-flex-placeholder'><\/div>\n<style type=\"text\/css\" data-created_by=\"avia_inline_auto\" id=\"style-css-av-av_one_third-f0fcb8bb41a234057e2267553906b5cb\">\n.flex_column.av-av_one_third-f0fcb8bb41a234057e2267553906b5cb{\nborder-radius:0px 0px 0px 0px;\npadding:0px 0px 0px 0px;\n}\n<\/style>\n<div  class='flex_column av-av_one_third-f0fcb8bb41a234057e2267553906b5cb av_one_third  avia-builder-el-3  el_after_av_one_third  el_before_av_one_third  flex_column_table_cell av-equal-height-column av-align-top av-zero-column-padding  '     ><p> \n<style type=\"text\/css\" data-created_by=\"avia_inline_auto\" id=\"style-css-av-av_image-09c0534d1cb07e43b5d00112c260ccc8\">\n.avia-image-container.av-av_image-09c0534d1cb07e43b5d00112c260ccc8 img.avia_image{\nbox-shadow:none;\n}\n.avia-image-container.av-av_image-09c0534d1cb07e43b5d00112c260ccc8 .av-image-caption-overlay-center{\ncolor:#ffffff;\n}\n<\/style>\n<div  class='avia-image-container av-av_image-09c0534d1cb07e43b5d00112c260ccc8 av-styling-no-styling av-img-linked avia_animated_image av-animated-when-visible-95 fade-in avia-align-center  avia-builder-el-4  el_before_av_textblock  avia-builder-el-first '   itemprop=\"image\" itemscope=\"itemscope\" itemtype=\"https:\/\/schema.org\/ImageObject\" ><div class=\"avia-image-container-inner\"><div class=\"avia-image-overlay-wrap\"><a href=\"https:\/\/steamgenerator.eu\/lt\/omg-horizontalus-garu-generatorius\/\" class='avia_image '  aria-label='horisontaalne-aurugeneraator-omg'><img decoding=\"async\" fetchpriority=\"high\" class='wp-image-814 avia-img-lazy-loading-not-814 avia_image ' src=\"https:\/\/steamgenerator.eu\/wp-content\/uploads\/2016\/11\/Horisontaalne-aurugeneraator-OMG.jpg\" alt='' title='horisontaalne-aurugeneraator-omg'  height=\"1200\" width=\"1141\"  itemprop=\"thumbnailUrl\" srcset=\"https:\/\/steamgenerator.eu\/wp-content\/uploads\/2016\/11\/Horisontaalne-aurugeneraator-OMG.jpg 1141w, https:\/\/steamgenerator.eu\/wp-content\/uploads\/2016\/11\/Horisontaalne-aurugeneraator-OMG-285x300.jpg 285w, https:\/\/steamgenerator.eu\/wp-content\/uploads\/2016\/11\/Horisontaalne-aurugeneraator-OMG-979x1030.jpg 979w, https:\/\/steamgenerator.eu\/wp-content\/uploads\/2016\/11\/Horisontaalne-aurugeneraator-OMG-768x808.jpg 768w, https:\/\/steamgenerator.eu\/wp-content\/uploads\/2016\/11\/Horisontaalne-aurugeneraator-OMG-670x705.jpg 670w\" sizes=\"(max-width: 1141px) 100vw, 1141px\" \/><\/a><\/div><\/div><\/div><br \/>\n<section  class='av_textblock_section av-av_textblock-0366cc7376be6c9e82a3e9cc8987b64f '   itemscope=\"itemscope\" itemtype=\"https:\/\/schema.org\/CreativeWork\" ><div class='avia_textblock'  itemprop=\"text\" ><h4><a href=\"https:\/\/steamgenerator.eu\/lt\/omg-horizontalus-garu-generatorius\/\">OMG \u2013 Horizontalus gar\u0173 generatorius<\/a><\/h4>\n<p>Horizontalus trij\u0173 eig\u0173 priverstin\u0117s cirkuliacijos gar\u0173 generatorius. Gar\u0173 generatoriaus kaitravamzdis yra pagamintas i\u0161 dviej\u0173 koncentrini\u0173 P235GH plieno vamzd\u017ei\u0173.<\/p>\n<p><a href=\"https:\/\/steamgenerator.eu\/lt\/omg-horizontalus-garu-generatorius\/\">Daugiau informacijos \u00bb<\/a><\/p>\n<\/div><\/section><\/p><\/div>\n<div class='av-flex-placeholder'><\/div>\n<style type=\"text\/css\" data-created_by=\"avia_inline_auto\" id=\"style-css-av-av_one_third-f0fcb8bb41a234057e2267553906b5cb\">\n.flex_column.av-av_one_third-f0fcb8bb41a234057e2267553906b5cb{\nborder-radius:0px 0px 0px 0px;\npadding:0px 0px 0px 0px;\n}\n<\/style>\n<div  class='flex_column av-av_one_third-f0fcb8bb41a234057e2267553906b5cb av_one_third  avia-builder-el-6  el_after_av_one_third  el_before_av_one_third  flex_column_table_cell av-equal-height-column av-align-top av-zero-column-padding  '     ><p> \n<style type=\"text\/css\" data-created_by=\"avia_inline_auto\" id=\"style-css-av-av_image-8f0cf1a1d82150a0083fa578da9ea86c\">\n.avia-image-container.av-av_image-8f0cf1a1d82150a0083fa578da9ea86c img.avia_image{\nbox-shadow:none;\n}\n.avia-image-container.av-av_image-8f0cf1a1d82150a0083fa578da9ea86c .av-image-caption-overlay-center{\ncolor:#ffffff;\n}\n<\/style>\n<div  class='avia-image-container av-av_image-8f0cf1a1d82150a0083fa578da9ea86c av-styling-no-styling av-img-linked avia_animated_image av-animated-when-visible-95 fade-in avia-align-center  avia-builder-el-7  el_before_av_textblock  avia-builder-el-first '   itemprop=\"image\" itemscope=\"itemscope\" itemtype=\"https:\/\/schema.org\/ImageObject\" ><div class=\"avia-image-container-inner\"><div class=\"avia-image-overlay-wrap\"><a href=\"https:\/\/steamgenerator.eu\/lt\/omdv-vertikalus-termines-alyvos-katilas\/\" class='avia_image '  aria-label='termaalo%cc%83li-katel'><img decoding=\"async\" fetchpriority=\"high\" class='wp-image-818 avia-img-lazy-loading-not-818 avia_image ' src=\"https:\/\/steamgenerator.eu\/wp-content\/uploads\/2016\/11\/Termaalo\u0303li-katel.jpg\" alt='' title='termaalo%cc%83li-katel'  height=\"526\" width=\"500\"  itemprop=\"thumbnailUrl\" srcset=\"https:\/\/steamgenerator.eu\/wp-content\/uploads\/2016\/11\/Termaalo\u0303li-katel.jpg 500w, https:\/\/steamgenerator.eu\/wp-content\/uploads\/2016\/11\/Termaalo\u0303li-katel-285x300.jpg 285w\" sizes=\"(max-width: 500px) 100vw, 500px\" \/><\/a><\/div><\/div><\/div><br \/>\n<section  class='av_textblock_section av-av_textblock-0366cc7376be6c9e82a3e9cc8987b64f '   itemscope=\"itemscope\" itemtype=\"https:\/\/schema.org\/CreativeWork\" ><div class='avia_textblock'  itemprop=\"text\" ><h4><a href=\"https:\/\/steamgenerator.eu\/lt\/omdv-vertikalus-termines-alyvos-katilas\/\">OMDV \u2013 Vertikalus termin\u0117s alyvos katilas<\/a><\/h4>\n<p>Spiralinis kaitravamzdis yra pagamintas i\u0161 P235GH plieninio vamzd\u017eio.<\/p>\n<p><a href=\"https:\/\/steamgenerator.eu\/lt\/omdv-vertikalus-termines-alyvos-katilas\/\">Daugiau informacijos \u00bb<\/a><\/p>\n<\/div><\/section><\/p><\/div><\/div><!--close column table wrapper. Autoclose: 1 -->\n<div class='flex_column_table av-av_one_third-201587a3cb27360f0e7f6c88d43151c7 sc-av_one_third av-equal-height-column-flextable'>\n<style type=\"text\/css\" data-created_by=\"avia_inline_auto\" id=\"style-css-av-av_one_third-201587a3cb27360f0e7f6c88d43151c7\">\n.flex_column.av-av_one_third-201587a3cb27360f0e7f6c88d43151c7{\nborder-radius:0px 0px 0px 0px;\npadding:0px 0px 0px 0px;\n}\n<\/style>\n<div  class='flex_column av-av_one_third-201587a3cb27360f0e7f6c88d43151c7 av_one_third  avia-builder-el-9  el_after_av_one_third  el_before_av_one_third  first flex_column_table_cell av-equal-height-column av-align-top av-zero-column-padding  column-top-margin'     ><p> \n<style type=\"text\/css\" data-created_by=\"avia_inline_auto\" id=\"style-css-av-av_image-99c78d86a46181d71ed84b631a9613b7\">\n.avia-image-container.av-av_image-99c78d86a46181d71ed84b631a9613b7 img.avia_image{\nbox-shadow:none;\n}\n.avia-image-container.av-av_image-99c78d86a46181d71ed84b631a9613b7 .av-image-caption-overlay-center{\ncolor:#ffffff;\n}\n<\/style>\n<div  class='avia-image-container av-av_image-99c78d86a46181d71ed84b631a9613b7 av-styling- av-img-linked avia_animated_image av-animated-when-visible-95 fade-in avia-align-center  avia-builder-el-10  el_before_av_textblock  avia-builder-el-first '   itemprop=\"image\" itemscope=\"itemscope\" itemtype=\"https:\/\/schema.org\/ImageObject\" ><div class=\"avia-image-container-inner\"><div class=\"avia-image-overlay-wrap\"><a href=\"https:\/\/steamgenerator.eu\/lt\/omd-horizontalus-termines-alyvos-katilas\/\" class='avia_image '  aria-label='OMD \u2013 Horisontaalne termaal\u00f5li katel'><img decoding=\"async\" fetchpriority=\"high\" class='wp-image-930 avia-img-lazy-loading-not-930 avia_image ' src=\"https:\/\/steamgenerator.eu\/wp-content\/uploads\/2016\/11\/OMD-1a.jpg\" alt='' title='OMD \u2013 Horisontaalne termaal\u00f5li katel'  height=\"375\" width=\"356\"  itemprop=\"thumbnailUrl\" srcset=\"https:\/\/steamgenerator.eu\/wp-content\/uploads\/2016\/11\/OMD-1a.jpg 356w, https:\/\/steamgenerator.eu\/wp-content\/uploads\/2016\/11\/OMD-1a-285x300.jpg 285w\" sizes=\"(max-width: 356px) 100vw, 356px\" \/><\/a><\/div><\/div><\/div><br \/>\n<section  class='av_textblock_section av-av_textblock-0366cc7376be6c9e82a3e9cc8987b64f '   itemscope=\"itemscope\" itemtype=\"https:\/\/schema.org\/CreativeWork\" ><div class='avia_textblock'  itemprop=\"text\" ><h4><a href=\"https:\/\/steamgenerator.eu\/lt\/omd-horizontalus-termines-alyvos-katilas\/\">OMD \u2013 Horizontalus termin\u0117s alyvos katilas<\/a><\/h4>\n<p>Spiralinis kaitravamzdis yra pagamintas i\u0161 P235GH plieninio vamzd\u017eio.<\/p>\n<p><a href=\"https:\/\/steamgenerator.eu\/lt\/omd-horizontalus-termines-alyvos-katilas\/\">Daugiau informacijos \u00bb<\/a><\/p>\n<\/div><\/section><\/p><\/div>\n<div class='av-flex-placeholder'><\/div>\n<style type=\"text\/css\" data-created_by=\"avia_inline_auto\" id=\"style-css-av-av_one_third-f0fcb8bb41a234057e2267553906b5cb\">\n.flex_column.av-av_one_third-f0fcb8bb41a234057e2267553906b5cb{\nborder-radius:0px 0px 0px 0px;\npadding:0px 0px 0px 0px;\n}\n<\/style>\n<div  class='flex_column av-av_one_third-f0fcb8bb41a234057e2267553906b5cb av_one_third  avia-builder-el-12  el_after_av_one_third  el_before_av_one_third  flex_column_table_cell av-equal-height-column av-align-top av-zero-column-padding  column-top-margin'     ><p> \n<style type=\"text\/css\" data-created_by=\"avia_inline_auto\" id=\"style-css-av-av_image-02aa4c91002cf35285d4ececeda8be2c\">\n.avia-image-container.av-av_image-02aa4c91002cf35285d4ececeda8be2c img.avia_image{\nbox-shadow:none;\n}\n.avia-image-container.av-av_image-02aa4c91002cf35285d4ececeda8be2c .av-image-caption-overlay-center{\ncolor:#ffffff;\n}\n<\/style>\n<div  class='avia-image-container av-av_image-02aa4c91002cf35285d4ececeda8be2c av-styling-no-styling av-img-linked avia_animated_image av-animated-when-visible-95 fade-in avia-align-center  avia-builder-el-13  el_before_av_textblock  avia-builder-el-first '   itemprop=\"image\" itemscope=\"itemscope\" itemtype=\"https:\/\/schema.org\/ImageObject\" ><div class=\"avia-image-container-inner\"><div class=\"avia-image-overlay-wrap\"><a href=\"https:\/\/steamgenerator.eu\/lt\/konteinerines-katilines\/\" class='avia_image '  aria-label='konteinerkatlamaja'><img decoding=\"async\" fetchpriority=\"high\" class='wp-image-822 avia-img-lazy-loading-not-822 avia_image ' src=\"https:\/\/steamgenerator.eu\/wp-content\/uploads\/2016\/11\/Konteinerkatlamaja.jpg\" alt='' title='konteinerkatlamaja'  height=\"1350\" width=\"1283\"  itemprop=\"thumbnailUrl\" srcset=\"https:\/\/steamgenerator.eu\/wp-content\/uploads\/2016\/11\/Konteinerkatlamaja.jpg 1283w, https:\/\/steamgenerator.eu\/wp-content\/uploads\/2016\/11\/Konteinerkatlamaja-285x300.jpg 285w, https:\/\/steamgenerator.eu\/wp-content\/uploads\/2016\/11\/Konteinerkatlamaja-979x1030.jpg 979w, https:\/\/steamgenerator.eu\/wp-content\/uploads\/2016\/11\/Konteinerkatlamaja-768x808.jpg 768w, https:\/\/steamgenerator.eu\/wp-content\/uploads\/2016\/11\/Konteinerkatlamaja-670x705.jpg 670w\" sizes=\"(max-width: 1283px) 100vw, 1283px\" \/><\/a><\/div><\/div><\/div><br \/>\n<section  class='av_textblock_section av-av_textblock-0366cc7376be6c9e82a3e9cc8987b64f '   itemscope=\"itemscope\" itemtype=\"https:\/\/schema.org\/CreativeWork\" ><div class='avia_textblock'  itemprop=\"text\" ><h4><a href=\"https:\/\/steamgenerator.eu\/lt\/konteinerines-katilines\/\">Konteinerin\u0117s katilin\u0117s<\/a><\/h4>\n<p>Jeigu patalpos yra ma\u017eos, si\u016blome \u012fsigyti \u012f j\u016brinius konteinerius \u012fmontuotus garo katilus.<\/p>\n<p><a href=\"https:\/\/steamgenerator.eu\/lt\/konteinerines-katilines\/\">Daugiau informacijos \u00bb<\/a><\/p>\n<\/div><\/section><\/p><\/div>\n<div class='av-flex-placeholder'><\/div>\n<style type=\"text\/css\" data-created_by=\"avia_inline_auto\" id=\"style-css-av-av_one_third-0aa7055fe62c3622faec82866afbaeb2\">\n.flex_column.av-av_one_third-0aa7055fe62c3622faec82866afbaeb2{\nborder-radius:0px 0px 0px 0px;\npadding:0px 0px 0px 0px;\n}\n<\/style>\n<div  class='flex_column av-av_one_third-0aa7055fe62c3622faec82866afbaeb2 av_one_third  avia-builder-el-15  el_after_av_one_third  el_before_av_one_full  flex_column_table_cell av-equal-height-column av-align-top av-zero-column-padding  column-top-margin'     ><\/div><\/div><!--close column table wrapper. Autoclose: 1 -->\n\n<style type=\"text\/css\" data-created_by=\"avia_inline_auto\" id=\"style-css-av-av_one_full-6126cab7d8fab8d08143dd2dacdf673c\">\n.flex_column.av-av_one_full-6126cab7d8fab8d08143dd2dacdf673c{\nborder-radius:0px 0px 0px 0px;\npadding:0px 0px 0px 0px;\n}\n<\/style>\n<div  class='flex_column av-av_one_full-6126cab7d8fab8d08143dd2dacdf673c av_one_full  avia-builder-el-16  el_after_av_one_third  avia-builder-el-last  first flex_column_div av-zero-column-padding  column-top-margin'     ><div  class='avia-button-wrap av-av_button-b437d94a5b3718eaba0ca0df6cb08e8a-wrap avia-button-center  avia-builder-el-17  avia-builder-el-no-sibling '>\n<style type=\"text\/css\" data-created_by=\"avia_inline_auto\" id=\"style-css-av-av_button-b437d94a5b3718eaba0ca0df6cb08e8a\">\n#top #wrap_all .avia-button.av-av_button-b437d94a5b3718eaba0ca0df6cb08e8a{\nbackground-color:#ed5c40;\nborder-color:#ed5c40;\ncolor:#ffffff;\ntransition:all 0.4s ease-in-out;\n}\n<\/style>\n<a href='https:\/\/steamgenerator.eu\/lt\/kontakt\/'  class='avia-button av-av_button-b437d94a5b3718eaba0ca0df6cb08e8a av-link-btn avia-icon_select-no avia-size-x-large avia-position-center'   aria-label=\"Si\u0173sti paklausim\u0105\"><span class='avia_iconbox_title' >Si\u0173sti paklausim\u0105<\/span><\/a><\/div><\/div>\n","protected":false},"excerpt":{"rendered":"","protected":false},"author":1,"featured_media":0,"parent":0,"menu_order":0,"comment_status":"closed","ping_status":"closed","template":"","meta":{"footnotes":""},"class_list":["post-460","page","type-page","status-publish","hentry"],"yoast_head":"<!-- This site is optimized with the Yoast SEO plugin v25.0 - https:\/\/yoast.com\/wordpress\/plugins\/seo\/ -->\n<title>Garo katil\u0173 pardavimas - Kateena OU. Pigus ir greitas garo generatorius<\/title>\n<meta name=\"description\" content=\"Garo katil\u0173 pardavimas. Gar\u0173 generatoriaus kaitravamzdis yra pagamintas i\u0161 dviej\u0173 koncentrini\u0173 P235GH plieno vamzd\u017ei\u0173. Daugiau informacijos...\" \/>\n<meta name=\"robots\" content=\"index, follow, max-snippet:-1, max-image-preview:large, max-video-preview:-1\" \/>\n<link rel=\"canonical\" href=\"https:\/\/steamgenerator.eu\/lt\/produktai\/\" \/>\n<meta property=\"og:locale\" content=\"lt_LT\" \/>\n<meta property=\"og:type\" content=\"article\" \/>\n<meta property=\"og:title\" content=\"Garo katil\u0173 pardavimas - Kateena OU. Pigus ir greitas garo generatorius\" \/>\n<meta property=\"og:description\" content=\"Garo katil\u0173 pardavimas. Gar\u0173 generatoriaus kaitravamzdis yra pagamintas i\u0161 dviej\u0173 koncentrini\u0173 P235GH plieno vamzd\u017ei\u0173. Daugiau informacijos...\" \/>\n<meta property=\"og:url\" content=\"https:\/\/steamgenerator.eu\/lt\/produktai\/\" \/>\n<meta property=\"og:site_name\" content=\"Sale of steam boiler plants\" \/>\n<meta property=\"article:modified_time\" content=\"2016-12-12T19:14:55+00:00\" \/>\n<meta name=\"twitter:card\" content=\"summary_large_image\" \/>\n<meta name=\"twitter:label1\" content=\"Est. reading time\" \/>\n\t<meta name=\"twitter:data1\" content=\"4 minut\u0117s\" \/>\n<script type=\"application\/ld+json\" class=\"yoast-schema-graph\">{\"@context\":\"https:\/\/schema.org\",\"@graph\":[{\"@type\":\"WebPage\",\"@id\":\"https:\/\/steamgenerator.eu\/lt\/produktai\/\",\"url\":\"https:\/\/steamgenerator.eu\/lt\/produktai\/\",\"name\":\"Garo katil\u0173 pardavimas - Kateena OU. Pigus ir greitas garo generatorius\",\"isPartOf\":{\"@id\":\"https:\/\/steamgenerator.eu\/en\/#website\"},\"datePublished\":\"2016-12-12T18:22:27+00:00\",\"dateModified\":\"2016-12-12T19:14:55+00:00\",\"description\":\"Garo katil\u0173 pardavimas. Gar\u0173 generatoriaus kaitravamzdis yra pagamintas i\u0161 dviej\u0173 koncentrini\u0173 P235GH plieno vamzd\u017ei\u0173. Daugiau informacijos...\",\"breadcrumb\":{\"@id\":\"https:\/\/steamgenerator.eu\/lt\/produktai\/#breadcrumb\"},\"inLanguage\":\"lt-LT\",\"potentialAction\":[{\"@type\":\"ReadAction\",\"target\":[\"https:\/\/steamgenerator.eu\/lt\/produktai\/\"]}]},{\"@type\":\"BreadcrumbList\",\"@id\":\"https:\/\/steamgenerator.eu\/lt\/produktai\/#breadcrumb\",\"itemListElement\":[{\"@type\":\"ListItem\",\"position\":1,\"name\":\"Home\",\"item\":\"https:\/\/steamgenerator.eu\/lt\/\"},{\"@type\":\"ListItem\",\"position\":2,\"name\":\"Produktai\"}]},{\"@type\":\"WebSite\",\"@id\":\"https:\/\/steamgenerator.eu\/en\/#website\",\"url\":\"https:\/\/steamgenerator.eu\/en\/\",\"name\":\"Sale of steam boiler plants\",\"description\":\"Kateena O\u00dc\",\"potentialAction\":[{\"@type\":\"SearchAction\",\"target\":{\"@type\":\"EntryPoint\",\"urlTemplate\":\"https:\/\/steamgenerator.eu\/en\/?s={search_term_string}\"},\"query-input\":{\"@type\":\"PropertyValueSpecification\",\"valueRequired\":true,\"valueName\":\"search_term_string\"}}],\"inLanguage\":\"lt-LT\"}]}<\/script>\n<!-- \/ Yoast SEO plugin. -->","yoast_head_json":{"title":"Garo katil\u0173 pardavimas - Kateena OU. Pigus ir greitas garo generatorius","description":"Garo katil\u0173 pardavimas. Gar\u0173 generatoriaus kaitravamzdis yra pagamintas i\u0161 dviej\u0173 koncentrini\u0173 P235GH plieno vamzd\u017ei\u0173. Daugiau informacijos...","robots":{"index":"index","follow":"follow","max-snippet":"max-snippet:-1","max-image-preview":"max-image-preview:large","max-video-preview":"max-video-preview:-1"},"canonical":"https:\/\/steamgenerator.eu\/lt\/produktai\/","og_locale":"lt_LT","og_type":"article","og_title":"Garo katil\u0173 pardavimas - Kateena OU. Pigus ir greitas garo generatorius","og_description":"Garo katil\u0173 pardavimas. Gar\u0173 generatoriaus kaitravamzdis yra pagamintas i\u0161 dviej\u0173 koncentrini\u0173 P235GH plieno vamzd\u017ei\u0173. Daugiau informacijos...","og_url":"https:\/\/steamgenerator.eu\/lt\/produktai\/","og_site_name":"Sale of steam boiler plants","article_modified_time":"2016-12-12T19:14:55+00:00","twitter_card":"summary_large_image","twitter_misc":{"Est. reading time":"4 minut\u0117s"},"schema":{"@context":"https:\/\/schema.org","@graph":[{"@type":"WebPage","@id":"https:\/\/steamgenerator.eu\/lt\/produktai\/","url":"https:\/\/steamgenerator.eu\/lt\/produktai\/","name":"Garo katil\u0173 pardavimas - Kateena OU. Pigus ir greitas garo generatorius","isPartOf":{"@id":"https:\/\/steamgenerator.eu\/en\/#website"},"datePublished":"2016-12-12T18:22:27+00:00","dateModified":"2016-12-12T19:14:55+00:00","description":"Garo katil\u0173 pardavimas. Gar\u0173 generatoriaus kaitravamzdis yra pagamintas i\u0161 dviej\u0173 koncentrini\u0173 P235GH plieno vamzd\u017ei\u0173. Daugiau informacijos...","breadcrumb":{"@id":"https:\/\/steamgenerator.eu\/lt\/produktai\/#breadcrumb"},"inLanguage":"lt-LT","potentialAction":[{"@type":"ReadAction","target":["https:\/\/steamgenerator.eu\/lt\/produktai\/"]}]},{"@type":"BreadcrumbList","@id":"https:\/\/steamgenerator.eu\/lt\/produktai\/#breadcrumb","itemListElement":[{"@type":"ListItem","position":1,"name":"Home","item":"https:\/\/steamgenerator.eu\/lt\/"},{"@type":"ListItem","position":2,"name":"Produktai"}]},{"@type":"WebSite","@id":"https:\/\/steamgenerator.eu\/en\/#website","url":"https:\/\/steamgenerator.eu\/en\/","name":"Sale of steam boiler plants","description":"Kateena O\u00dc","potentialAction":[{"@type":"SearchAction","target":{"@type":"EntryPoint","urlTemplate":"https:\/\/steamgenerator.eu\/en\/?s={search_term_string}"},"query-input":{"@type":"PropertyValueSpecification","valueRequired":true,"valueName":"search_term_string"}}],"inLanguage":"lt-LT"}]}},"_links":{"self":[{"href":"https:\/\/steamgenerator.eu\/lt\/wp-json\/wp\/v2\/pages\/460","targetHints":{"allow":["GET"]}}],"collection":[{"href":"https:\/\/steamgenerator.eu\/lt\/wp-json\/wp\/v2\/pages"}],"about":[{"href":"https:\/\/steamgenerator.eu\/lt\/wp-json\/wp\/v2\/types\/page"}],"author":[{"embeddable":true,"href":"https:\/\/steamgenerator.eu\/lt\/wp-json\/wp\/v2\/users\/1"}],"replies":[{"embeddable":true,"href":"https:\/\/steamgenerator.eu\/lt\/wp-json\/wp\/v2\/comments?post=460"}],"version-history":[{"count":5,"href":"https:\/\/steamgenerator.eu\/lt\/wp-json\/wp\/v2\/pages\/460\/revisions"}],"predecessor-version":[{"id":510,"href":"https:\/\/steamgenerator.eu\/lt\/wp-json\/wp\/v2\/pages\/460\/revisions\/510"}],"wp:attachment":[{"href":"https:\/\/steamgenerator.eu\/lt\/wp-json\/wp\/v2\/media?parent=460"}],"curies":[{"name":"wp","href":"https:\/\/api.w.org\/{rel}","templated":true}]}}